{"id":855,"date":"2023-12-06T22:21:50","date_gmt":"2023-12-06T21:21:50","guid":{"rendered":"https:\/\/new.cbdium.eu\/my-account\/"},"modified":"2024-06-11T21:30:17","modified_gmt":"2024-06-11T19:30:17","slug":"my-account","status":"publish","type":"page","link":"https:\/\/cbdium.eu\/en\/my-account\/","title":{"rendered":"My account"},"content":{"rendered":"\t\t<div data-elementor-type=\"wp-page\" data-elementor-id=\"855\" class=\"elementor elementor-855 elementor-696\" data-elementor-post-type=\"page\">\n\t\t\t\t<div class=\"elementor-element elementor-element-11e8ffa e-flex e-con-boxed e-con e-parent\" data-id=\"11e8ffa\" data-element_type=\"container\" data-e-type=\"container\">\n\t\t\t\t\t<div class=\"e-con-inner\">\n\t\t\t\t<div class=\"elementor-element elementor-element-063fe21 e-my-account-tabs-vertical elementor-widget elementor-widget-woocommerce-my-account\" data-id=\"063fe21\" data-element_type=\"widget\" data-e-type=\"widget\" data-widget_type=\"woocommerce-my-account.default\">\n\t\t\t\t<div class=\"elementor-widget-container\">\n\t\t\t\t\t<div class=\"e-my-account-tab e-my-account-tab__ \">\t\t\t<div class=\"woocommerce\"><\/div>\t\t<\/div>\n\t\t\t\t\t\t<\/div>\n\t\t\t\t<\/div>\n\t\t\t\t\t<\/div>\n\t\t\t\t<\/div>\n\t\t\t\t<\/div>\n\t\t","protected":false},"excerpt":{"rendered":"<p>Zdrav\u00edme, daria.prazenkova@gmail.com Orders Addresses Account details Log out Dobr\u00fd de\u0148 D\u00e1ria Pra\u017eenkov\u00e1 (nie ste D\u00e1ria Pra\u017eenkov\u00e1? Odhl\u00e1si\u0165) Na n\u00e1stenke svojho \u00fa\u010dtu si m\u00f4\u017eete prezrie\u0165 svoje ned\u00e1vne objedn\u00e1vky, upravi\u0165 faktura\u010dn\u00e9 a doru\u010dovacie adresy a zmeni\u0165 svoje heslo a osobn\u00e9 inform\u00e1cie.<\/p>\n","protected":false},"author":1,"featured_media":28722,"parent":0,"menu_order":0,"comment_status":"closed","ping_status":"closed","template":"","meta":{"_acf_changed":false,"footnotes":""},"class_list":["post-855","page","type-page","status-publish","has-post-thumbnail","hentry"],"acf":[],"_links":{"self":[{"href":"https:\/\/cbdium.eu\/en\/wp-json\/wp\/v2\/pages\/855","targetHints":{"allow":["GET"]}}],"collection":[{"href":"https:\/\/cbdium.eu\/en\/wp-json\/wp\/v2\/pages"}],"about":[{"href":"https:\/\/cbdium.eu\/en\/wp-json\/wp\/v2\/types\/page"}],"author":[{"embeddable":true,"href":"https:\/\/cbdium.eu\/en\/wp-json\/wp\/v2\/users\/1"}],"replies":[{"embeddable":true,"href":"https:\/\/cbdium.eu\/en\/wp-json\/wp\/v2\/comments?post=855"}],"version-history":[{"count":3,"href":"https:\/\/cbdium.eu\/en\/wp-json\/wp\/v2\/pages\/855\/revisions"}],"predecessor-version":[{"id":28736,"href":"https:\/\/cbdium.eu\/en\/wp-json\/wp\/v2\/pages\/855\/revisions\/28736"}],"wp:featuredmedia":[{"embeddable":true,"href":"https:\/\/cbdium.eu\/en\/wp-json\/wp\/v2\/media\/28722"}],"wp:attachment":[{"href":"https:\/\/cbdium.eu\/en\/wp-json\/wp\/v2\/media?parent=855"}],"curies":[{"name":"wp","href":"https:\/\/api.w.org\/{rel}","templated":true}]}}