{"id":41894,"date":"2025-09-09T19:47:43","date_gmt":"2025-09-09T17:47:43","guid":{"rendered":"https:\/\/cbdium.eu\/?post_type=product&#038;p=41894"},"modified":"2026-02-03T18:22:06","modified_gmt":"2026-02-03T17:22:06","slug":"cbdium-2000-ultra-grape","status":"publish","type":"product","link":"https:\/\/cbdium.eu\/de\/geschaft\/human-line-de\/cbdium-2000-ultra-grape\/","title":{"rendered":"CBDium 2000 ultra fullspectrum grape"},"content":{"rendered":"<p data-start=\"34\" data-end=\"390\">Wir haben die Essenz 2000 ultra als spezielle Form der intensivsten Unterst\u00fctzung in akuten und herausfordernden Phasen entwickelt, in denen normale Produkte f\u00fcr die t\u00e4gliche Pflege nicht mehr ausreichen (1500 forte und niedrigere Potenzen). Sie ist f\u00fcr gezielten Einsatz als Unterst\u00fctzung des K\u00f6rpers in au\u00dfergew\u00f6hnlich belastenden Situationen bestimmt.<\/p>\n<p data-start=\"392\" data-end=\"472\">CBDium 2000 ultra kann eine nat\u00fcrliche Unterst\u00fctzung in F\u00e4llen sein, in denen:<\/p>\n<ul>\n<li data-start=\"476\" data-end=\"559\">Sie schweren neurologischen oder neurodegenerativen Erkrankungen gegen\u00fcberstehen,<\/li>\n<li data-start=\"562\" data-end=\"654\">Sie sich einer onkologischen Behandlung oder palliativmedizinischen Betreuung unterziehen,<\/li>\n<li data-start=\"657\" data-end=\"701\">Sie starke psychische Belastungen erleben,<\/li>\n<li data-start=\"704\" data-end=\"801\">Sie mit chronischen Entz\u00fcndungs- oder Autoimmunerkrankungen im akuten Stadium zu k\u00e4mpfen haben,<\/li>\n<li data-start=\"804\" data-end=\"923\">Sie Unterst\u00fctzung w\u00e4hrend einer komplizierten Genesung oder bei au\u00dfergew\u00f6hnlicher k\u00f6rperlicher Ersch\u00f6pfung ben\u00f6tigen.<\/li>\n<\/ul>\n<p data-start=\"925\" data-end=\"1138\">Die Essenz kann dem K\u00f6rper Halt geben und zur Stabilisierung in Krisenphasen beitragen. Nach einer Verbesserung des Zustands kann man beispielsweise mit der Essenz 1500 forte oder 1000 fullspectrum weitermachen.<\/p>\n<p data-start=\"1140\" data-end=\"1270\">Die Wirkung wird individuell wahrgenommen und kann je nach Anwender variieren. Au\u00dferhalb der Reichweite von Kindern aufbewahren.<\/p>\n<p data-start=\"1272\" data-end=\"1382\">Weitere Informationen zu unserer am st\u00e4rksten konzentrierten Essenz 2000 ultra finden Sie in <span style=\"color: #339966;\"><a style=\"color: #339966;\" href=\"https:\/\/cbdium.eu\/de\/?p=41876\">diesem Artikel<\/a><\/span>.<\/p>\n<h4 data-start=\"1389\" data-end=\"1418\"><strong data-start=\"1389\" data-end=\"1416\">Fullspectrum oder Pure?<\/strong><\/h4>\n<p data-start=\"1420\" data-end=\"1609\">Bei Einnahme von Antipsychotika, chronisch hohem Blutdruck, Drogenabh\u00e4ngigkeit, Stillzeit oder Schwangerschaft ist es sinnvoller, auf die Essenz 1000 pure ohne THC-Gehalt zur\u00fcckzugreifen.<\/p>\n<h4 data-start=\"1611\" data-end=\"1644\"><strong data-start=\"1611\" data-end=\"1642\">K\u00fcrbis- oder Traubenkern\u00f6l?<\/strong><\/h4>\n<ul>\n<li data-start=\"1648\" data-end=\"1775\">W\u00e4hlen Sie Traubenkern\u00f6l bei Empfindlichkeit gegen\u00fcber intensiven Geschmacksnoten oder bei einer Allergie gegen K\u00fcrbiskern\u00f6l.<\/li>\n<li data-start=\"1778\" data-end=\"1963\">W\u00e4hlen Sie K\u00fcrbiskern\u00f6l, das eine optimale Aufnahme der Wirkstoffe garantiert, wenn Sie nicht empfindlich auf intensive Geschm\u00e4cker reagieren oder allergisch gegen Traubenkern\u00f6l sind.<\/li>\n<li data-start=\"1966\" data-end=\"2139\">Wenn Sie sich mit der Ern\u00e4hrung nach Blutgruppen identifizieren, ist K\u00fcrbiskern\u00f6l besonders f\u00fcr die Blutgruppen 0 und A geeignet, Traubenkern\u00f6l passt f\u00fcr alle Blutgruppen.<\/li>\n<\/ul>\n<p data-start=\"2141\" data-end=\"2250\">Weitere Informationen zu den Unterschieden zwischen K\u00fcrbis- und Traubenkern\u00f6l finden Sie in <span style=\"color: #339966;\"><a style=\"color: #339966;\" href=\"https:\/\/cbdium.eu\/de\/wir-praesentieren-cbdium-mit-traubenkernoel-worin-unterscheidet-es-sich-von-kuerbiskernoel\/\">diesem Artikel<\/a><\/span>.<\/p>\n<h4 data-start=\"2257\" data-end=\"2272\"><strong data-start=\"2257\" data-end=\"2270\">Dosierung<\/strong><\/h4>\n<p data-start=\"2274\" data-end=\"2324\">Die empfohlene Tagesdosis betr\u00e4gt 3 \u00d7 5 Tropfen.<\/p>\n<p data-start=\"2326\" data-end=\"2373\">In Einzelf\u00e4llen kann die Dosis erh\u00f6ht werden:<\/p>\n<ul>\n<li data-start=\"2377\" data-end=\"2450\">Bei Bedarf nach intensiverer Unterst\u00fctzung auf 3 \u00d7 6 bis 3 \u00d7 10 Tropfen<\/li>\n<li data-start=\"2453\" data-end=\"2490\">Ausnahmsweise bis zu 3 \u00d7 15 Tropfen<\/li>\n<\/ul>\n<p data-start=\"2492\" data-end=\"2645\">CBDium wird f\u00fcr 6 Monate empfohlen, danach eine <span style=\"color: #339966;\"><a style=\"color: #339966;\" href=\"https:\/\/cbdium.eu\/de\/wie-man-cbdium-langfristig-einnimmt-einnahmephasen-und-21-taegige-pause-2\/\">21-t\u00e4gige Pause<\/a><\/span> einlegen und anschlie\u00dfend etwa 3\u20136 Monate weiter einnehmen, um die Wirkung zu festigen.<\/p>\n<h4 data-start=\"2652\" data-end=\"2667\"><strong data-start=\"2652\" data-end=\"2665\">Anwendung<\/strong><\/h4>\n<ul>\n<li data-start=\"2671\" data-end=\"2708\">Die Essenz unter die Zunge tropfen.<\/li>\n<li data-start=\"2711\" data-end=\"2985\">Schlie\u00dfen Sie Mund und Augen und lassen Sie es 2 Minuten wirken. Atmen Sie bewusst durch die Nase. Vier Sekunden tief einatmen, acht Sekunden langsam ausatmen. Diese \u00dcbung hilft Ihnen, sich mit dem Geschehen in Ihrem K\u00f6rper zu verbinden und einen \u00dcberblick \u00fcber Ihre Denkmuster zu gewinnen.<\/li>\n<li data-start=\"2988\" data-end=\"3036\">Herunterschlucken, nicht nachtr\u00e4glich trinken.<\/li>\n<li data-start=\"3039\" data-end=\"3125\">Falls m\u00f6glich, etwa 5 Minuten sp\u00e4ter essen, um die Aufnahme von CBD zu unterst\u00fctzen.<\/li>\n<\/ul>\n","protected":false},"excerpt":{"rendered":"<p>CBDium 2000 ultra ist eine duale \u00d6lessenz aus biologischem K\u00fcrbiskern- oder Traubenkern\u00f6l und biologischem Hanfextrakt mit der h\u00f6chsten Cannabinoidkonzentration in unserem Portfolio.<\/p>\n","protected":false},"featured_media":41827,"comment_status":"closed","ping_status":"closed","template":"","meta":{"_acf_changed":false},"product_brand":[],"product_cat":[59],"product_tag":[],"class_list":{"0":"post-41894","1":"product","2":"type-product","3":"status-publish","4":"has-post-thumbnail","6":"product_cat-human-line-de","8":"first","9":"instock","10":"taxable","11":"shipping-taxable","12":"purchasable","13":"product-type-simple"},"acf":[],"_links":{"self":[{"href":"https:\/\/cbdium.eu\/de\/wp-json\/wp\/v2\/product\/41894","targetHints":{"allow":["GET"]}}],"collection":[{"href":"https:\/\/cbdium.eu\/de\/wp-json\/wp\/v2\/product"}],"about":[{"href":"https:\/\/cbdium.eu\/de\/wp-json\/wp\/v2\/types\/product"}],"replies":[{"embeddable":true,"href":"https:\/\/cbdium.eu\/de\/wp-json\/wp\/v2\/comments?post=41894"}],"wp:featuredmedia":[{"embeddable":true,"href":"https:\/\/cbdium.eu\/de\/wp-json\/wp\/v2\/media\/41827"}],"wp:attachment":[{"href":"https:\/\/cbdium.eu\/de\/wp-json\/wp\/v2\/media?parent=41894"}],"wp:term":[{"taxonomy":"product_brand","embeddable":true,"href":"https:\/\/cbdium.eu\/de\/wp-json\/wp\/v2\/product_brand?post=41894"},{"taxonomy":"product_cat","embeddable":true,"href":"https:\/\/cbdium.eu\/de\/wp-json\/wp\/v2\/product_cat?post=41894"},{"taxonomy":"product_tag","embeddable":true,"href":"https:\/\/cbdium.eu\/de\/wp-json\/wp\/v2\/product_tag?post=41894"}],"curies":[{"name":"wp","href":"https:\/\/api.w.org\/{rel}","templated":true}]}}