{"id":41842,"date":"2025-09-16T08:14:26","date_gmt":"2025-09-16T06:14:26","guid":{"rendered":"https:\/\/cbdium.eu\/?post_type=product&#038;p=41842"},"modified":"2026-02-03T17:41:11","modified_gmt":"2026-02-03T16:41:11","slug":"cbdium-2000-ultra","status":"publish","type":"product","link":"https:\/\/cbdium.eu\/de\/geschaft\/human-line-de\/cbdium-2000-ultra\/","title":{"rendered":"CBDium 2000 ultra fullspectrum"},"content":{"rendered":"<p data-start=\"97\" data-end=\"460\">Wir haben die Essenz 2000 ultra als spezielle Form der intensivsten Unterst\u00fctzung f\u00fcr akute und anspruchsvolle Phasen entwickelt, in denen herk\u00f6mmliche Produkte f\u00fcr die t\u00e4gliche Pflege nicht mehr ausreichen (1500 forte und niedrigere Potenzen). Sie ist f\u00fcr den gezielten Einsatz als Unterst\u00fctzung des K\u00f6rpers in au\u00dfergew\u00f6hnlich belastenden Situationen bestimmt.<\/p>\n<p data-start=\"462\" data-end=\"532\">CBDium 2000 ultra kann eine nat\u00fcrliche Unterst\u00fctzung sein, wenn Sie:<\/p>\n<ul>\n<li data-start=\"535\" data-end=\"620\">mit schweren neurologischen oder neurodegenerativen Erkrankungen konfrontiert sind,<\/li>\n<li data-start=\"623\" data-end=\"691\">sich einer Krebsbehandlung oder palliativen Betreuung unterziehen,<\/li>\n<li data-start=\"694\" data-end=\"742\">unter schweren psychischen Belastungen leiden,<\/li>\n<li data-start=\"745\" data-end=\"833\">mit chronischen entz\u00fcndlichen oder autoimmunen Erkrankungen im akuten Stadium k\u00e4mpfen,<\/li>\n<li data-start=\"836\" data-end=\"942\">w\u00e4hrend einer komplizierten Genesung oder bei extremer k\u00f6rperlicher Ersch\u00f6pfung Unterst\u00fctzung ben\u00f6tigen.<\/li>\n<li data-start=\"944\" data-end=\"1152\">Die Essenz kann dem K\u00f6rper Halt geben und helfen, ihn in Krisenphasen zu stabilisieren. Nach einer Besserung des Zustands k\u00f6nnen Sie zum Beispiel mit der Essenz 1500 forte oder 1000 Vollspektrum fortfahren.<\/li>\n<\/ul>\n<p data-start=\"1154\" data-end=\"1280\">Die Wirkung wird individuell wahrgenommen und kann von Person zu Person variieren. Au\u00dfer Reichweite von Kindern aufbewahren.<\/p>\n<p data-start=\"1282\" data-end=\"1384\">Weitere Informationen zu unserer konzentriertesten Essenz, 2000 ultra, finden Sie in <span style=\"color: #339966;\"><a style=\"color: #339966;\" href=\"https:\/\/cbdium.eu\/de\/?p=41876\">diesem Artikel<\/a><\/span>.<\/p>\n<h4 data-start=\"1391\" data-end=\"1631\"><strong data-start=\"1391\" data-end=\"1418\">Vollspektrum oder Pure?<\/strong><\/h4>\n<p data-start=\"1391\" data-end=\"1631\">Wenn Sie Antipsychotika einnehmen, unter chronisch hohem Blutdruck leiden, von Drogen abh\u00e4ngig sind oder w\u00e4hrend der Stillzeit oder Schwangerschaft, ist es geeigneter, die Essenz 1000 pure ohne THC zu w\u00e4hlen.<\/p>\n<h4 data-start=\"1633\" data-end=\"1671\"><strong data-start=\"1633\" data-end=\"1669\">K\u00fcrbiskern\u00f6l oder Traubenkern\u00f6l?<\/strong><\/h4>\n<ul>\n<li data-start=\"1674\" data-end=\"1800\">W\u00e4hlen Sie Traubenkern\u00f6l, wenn Sie empfindlich auf starke Geschmacksnoten reagieren oder gegen K\u00fcrbiskern\u00f6l allergisch sind.<\/li>\n<li data-start=\"1803\" data-end=\"1993\">K\u00fcrbiskern\u00f6l, das eine ideale Aufnahme der Wirkstoffe gew\u00e4hrleistet, ist geeignet, wenn Sie nicht empfindlich auf starke Geschmacksnoten reagieren oder gegen Traubenkern\u00f6l allergisch sind.<\/li>\n<li data-start=\"1996\" data-end=\"2183\">Wenn Sie sich nach dem Prinzip der Blutgruppenern\u00e4hrung richten, eignet sich K\u00fcrbiskern\u00f6l besonders f\u00fcr die Blutgruppen 0 und A, w\u00e4hrend Traubenkern\u00f6l f\u00fcr alle Blutgruppen geeignet ist.<\/li>\n<\/ul>\n<p data-start=\"2185\" data-end=\"2299\">Weitere Informationen zu den Unterschieden zwischen K\u00fcrbiskern\u00f6l und Traubenkern\u00f6l finden Sie in <span style=\"color: #339966;\"><a style=\"color: #339966;\" href=\"https:\/\/cbdium.eu\/de\/wir-praesentieren-cbdium-mit-traubenkernoel-worin-unterscheidet-es-sich-von-kuerbiskernoel\/\">diesem Artikel<\/a><\/span>.<\/p>\n<h4 data-start=\"2306\" data-end=\"2372\"><strong data-start=\"2306\" data-end=\"2319\">Dosierung<\/strong><\/h4>\n<p data-start=\"2306\" data-end=\"2372\">Die empfohlene Tagesdosis betr\u00e4gt 3 \u00d7 5 Tropfen.<\/p>\n<p data-start=\"2374\" data-end=\"2421\">In Einzelf\u00e4llen kann die Dosis erh\u00f6ht werden:<\/p>\n<ul>\n<li data-start=\"2424\" data-end=\"2490\">f\u00fcr eine intensivere Unterst\u00fctzung auf 3 \u00d7 6 bis 3 \u00d7 10 Tropfen,<\/li>\n<li data-start=\"2493\" data-end=\"2535\">in Ausnahmef\u00e4llen bis zu 3 \u00d7 15 Tropfen<\/li>\n<\/ul>\n<p>Wir empfehlen, CBDium \u00fcber 6 Monate einzunehmen, anschlie\u00dfend eine <span style=\"color: #339966;\"><a style=\"color: #339966;\" href=\"https:\/\/cbdium.eu\/de\/wie-man-cbdium-langfristig-einnimmt-einnahmephasen-und-21-taegige-pause-2\/\">21-t\u00e4gige<\/a><\/span> Pause einzulegen und die Anwendung danach etwa 3\u20136 Monate fortzusetzen, um die Wirkung zu festigen.<\/p>\n<h4 data-start=\"2722\" data-end=\"2737\"><strong data-start=\"2722\" data-end=\"2735\">Anwendung<\/strong><\/h4>\n<ul>\n<li data-start=\"2740\" data-end=\"2781\">Tropfen Sie die Essenz unter die Zunge.<\/li>\n<li data-start=\"2784\" data-end=\"3056\">Schlie\u00dfen Sie Mund und Augen und lassen Sie es 2 Minuten wirken. Atmen Sie bewusst durch die Nase. Vier Sekunden tief einatmen, acht Sekunden langsam ausatmen. Diese \u00dcbung hilft Ihnen, sich mit dem Geschehen in Ihrem K\u00f6rper zu verbinden und einen \u00dcberblick \u00fcber Ihre Denkmuster zu gewinnen.<\/li>\n<li data-start=\"3059\" data-end=\"3116\">Schlucken Sie die Essenz und trinken Sie danach nichts.<\/li>\n<li data-start=\"3119\" data-end=\"3215\">Falls m\u00f6glich, essen Sie etwa 5 Minuten sp\u00e4ter etwas, um die Aufnahme von CBD zu unterst\u00fctzen.<\/li>\n<\/ul>\n","protected":false},"excerpt":{"rendered":"<p>CBDium 2000 ultra ist eine duale \u00d6lessenz aus biologischem K\u00fcrbiskern\u00f6l oder Traubenkern\u00f6l und biologischem Hanfextrakt mit der h\u00f6chsten Cannabinoidkonzentration in unserem Portfolio.<\/p>\n","protected":false},"featured_media":42013,"comment_status":"closed","ping_status":"closed","template":"","meta":{"_acf_changed":false},"product_brand":[],"product_cat":[59],"product_tag":[],"class_list":{"0":"post-41842","1":"product","2":"type-product","3":"status-publish","4":"has-post-thumbnail","6":"product_cat-human-line-de","8":"first","9":"instock","10":"taxable","11":"shipping-taxable","12":"purchasable","13":"product-type-simple"},"acf":[],"_links":{"self":[{"href":"https:\/\/cbdium.eu\/de\/wp-json\/wp\/v2\/product\/41842","targetHints":{"allow":["GET"]}}],"collection":[{"href":"https:\/\/cbdium.eu\/de\/wp-json\/wp\/v2\/product"}],"about":[{"href":"https:\/\/cbdium.eu\/de\/wp-json\/wp\/v2\/types\/product"}],"replies":[{"embeddable":true,"href":"https:\/\/cbdium.eu\/de\/wp-json\/wp\/v2\/comments?post=41842"}],"wp:featuredmedia":[{"embeddable":true,"href":"https:\/\/cbdium.eu\/de\/wp-json\/wp\/v2\/media\/42013"}],"wp:attachment":[{"href":"https:\/\/cbdium.eu\/de\/wp-json\/wp\/v2\/media?parent=41842"}],"wp:term":[{"taxonomy":"product_brand","embeddable":true,"href":"https:\/\/cbdium.eu\/de\/wp-json\/wp\/v2\/product_brand?post=41842"},{"taxonomy":"product_cat","embeddable":true,"href":"https:\/\/cbdium.eu\/de\/wp-json\/wp\/v2\/product_cat?post=41842"},{"taxonomy":"product_tag","embeddable":true,"href":"https:\/\/cbdium.eu\/de\/wp-json\/wp\/v2\/product_tag?post=41842"}],"curies":[{"name":"wp","href":"https:\/\/api.w.org\/{rel}","templated":true}]}}