{"id":40896,"date":"2025-08-06T21:12:49","date_gmt":"2025-08-06T19:12:49","guid":{"rendered":"https:\/\/cbdium.eu\/?post_type=product&#038;p=40896"},"modified":"2025-11-06T11:20:56","modified_gmt":"2025-11-06T10:20:56","slug":"cbdium-hanfprotein-kopia","status":"publish","type":"product","link":"https:\/\/cbdium.eu\/de\/geschaft\/andere\/cbdium-hanfprotein-kopia\/","title":{"rendered":"CBDium Hanfprotein green"},"content":{"rendered":"<p data-start=\"3312\" data-end=\"3592\">CBDium Hanfprotein Green ist ein vitamin- und mineralstoffreiches Superfood \u2013 ideal nicht nur f\u00fcr sportlich aktive Menschen, sondern f\u00fcr alle, die ihren Eiwei\u00dfbedarf aus einer pflanzlichen Quelle decken m\u00f6chten. Schonend verarbeitet, um m\u00f6glichst viele N\u00e4hrstoffe zu erhalten.<\/p>\n<p data-start=\"3594\" data-end=\"3777\">Es wird aus einer speziellen Hanfsorte hergestellt, die ihm seine charakteristische dunkelgr\u00fcne Farbe, einen milderen nussigen Geschmack und einen noch h\u00f6heren Proteingehalt verleiht.<\/p>\n<p data-start=\"3779\" data-end=\"3914\">Ein reiner pflanzlicher Extrakt \u2013 frei von S\u00fc\u00dfstoffen, k\u00fcnstlichen Zus\u00e4tzen oder Aromastoffen \u2013 mit einem nat\u00fcrlich nussigen Geschmack.<\/p>\n<p data-start=\"3916\" data-end=\"3928\">Enth\u00e4lt:<\/p>\n<p data-start=\"3930\" data-end=\"4045\">Vitamine der Gruppen E, B1, B2, B3, B6, \u03b1-E, \u03b3-E<br data-start=\"3978\" data-end=\"3981\" \/>Mineralstoffe: Kalzium, Eisen, Magnesium, Phosphor, Kalium, Zink<\/p>\n<p data-start=\"4047\" data-end=\"4090\">Geschmacksprofil: mild, neutral, nussig<\/p>\n<p data-start=\"4092\" data-end=\"4320\">Zubereitungstipp:<br data-start=\"4113\" data-end=\"4116\" \/>Geben Sie etwa einen Essl\u00f6ffel Protein in einen halben Liter Pflanzenmilch (z.\u202fB. Mandel- oder Kokosmilch), f\u00fcgen Sie einen Teel\u00f6ffel Honig oder eine Banane hinzu und mixen Sie alles im Shaker oder Mixer.<\/p>\n<p data-start=\"4322\" data-end=\"4601\">Zutaten:<br data-start=\"4334\" data-end=\"4337\" \/>Aufgrund nat\u00fcrlicher Schwankungen und Ver\u00e4nderungen bei Herstellung und Lagerung k\u00f6nnen reine Naturprodukte wie dieses Hanfprotein keine exakten N\u00e4hrwertangaben garantieren. Die angegebenen Werte sind daher Richtwerte gem\u00e4\u00df den Vorschriften der Europ\u00e4ischen Union.<\/p>\n<p data-start=\"4603\" data-end=\"4871\">N\u00e4hrwerte pro 100\u202fg:<br data-start=\"4627\" data-end=\"4630\" \/>Energie: 1610\u202fkJ \/ 383\u202fkcal<br data-start=\"4657\" data-end=\"4660\" \/>Fett: 10\u202fg<br data-start=\"4670\" data-end=\"4673\" \/>davon ges\u00e4ttigte Fetts\u00e4uren: 1,4\u202fg<br data-start=\"4709\" data-end=\"4712\" \/>einfach unges\u00e4ttigte: 1,0\u202fg<br data-start=\"4741\" data-end=\"4744\" \/>mehrfach unges\u00e4ttigte: 7,2\u202fg<br data-start=\"4774\" data-end=\"4777\" \/>Kohlenhydrate: 1,3\u202fg<br data-start=\"4797\" data-end=\"4800\" \/>davon Zucker: 1,3\u202fg<br data-start=\"4821\" data-end=\"4824\" \/>Eiwei\u00df: 66\u202fg<br data-start=\"4836\" data-end=\"4839\" \/>Ballaststoffe: 8,4\u202fg<br data-start=\"4859\" data-end=\"4862\" \/>Salz: 0\u202fg<\/p>\n<p data-start=\"4873\" data-end=\"5005\">Kann Spuren von Gluten oder Soja enthalten.<br data-start=\"4916\" data-end=\"4919\" \/>K\u00fchl, trocken und dunkel lagern. Nach dem \u00d6ffnen innerhalb von 15 Monaten verbrauchen.<\/p>\n<h4 data-start=\"0\" data-end=\"62\">Zwei Proteine. Gleiche Qualit\u00e4t. Wie w\u00e4hlt man das Richtige?<\/h4>\n<p data-start=\"64\" data-end=\"508\">Unsere beiden Proteine \u2013 das urspr\u00fcngliche Hanfeiwei\u00dfprotein und das neue Hanfeiwei\u00dfprotein Green \u2013 sind zwei vollwertige, pflanzliche Alternativen, die unterschiedliche Vorlieben von K\u00f6rper und Geschmack respektieren.<br data-start=\"290\" data-end=\"293\" \/>Beide sind 100 % pflanzlich, frei von Zusatzstoffen und reich an Eiwei\u00df, Vitaminen und Mineralstoffen. Sie unterscheiden sich haupts\u00e4chlich in den N\u00e4hrwerten, der Hanf\u00adsorte und dem Geschmacksprofil.<\/p>\n<p data-start=\"510\" data-end=\"610\">Um Ihnen die Wahl zu erleichtern, haben wir eine \u00dcbersicht der wichtigsten Unterschiede vorbereitet:<\/p>\n<table style=\"height: 315px;\" width=\"916\">\n<tbody>\n<tr>\n<td><\/td>\n<td><strong>Hanfprotein<\/strong><\/td>\n<td><strong>Hanfprotein green<\/strong><\/td>\n<\/tr>\n<tr>\n<td><strong>Taste<\/strong><\/td>\n<td>Kr\u00e4ftiger, vollmundig, mit tiefem nussigem Ton<\/td>\n<td>Milder, neutraler, leicht nussig<\/td>\n<\/tr>\n<tr>\n<td><b>Protein<\/b><\/td>\n<td>60\u201363 g pro 100 g<\/td>\n<td>66 g pro 100 g \u2013 etwas h\u00f6herer Gehalt<\/td>\n<\/tr>\n<tr>\n<td><b>Fibre<\/b><\/td>\n<td>15\u201316 g pro 100 g \u2013 s\u00e4ttigender<\/td>\n<td>8,4 g pro 100 g \u2013 leichter verdaulich<\/td>\n<\/tr>\n<tr>\n<td><b>Fats &amp; omega acids<\/b><\/td>\n<td>Mehr Omega-3-, -6- und -9-Fetts\u00e4uren<\/td>\n<td>Weniger Gesamtfett, einfachere Fettstruktur<\/td>\n<\/tr>\n<tr>\n<td><strong>Colour &amp; Texture<\/strong><\/td>\n<td>Nat\u00fcrliche butterfarbene T\u00f6nung, dichteres Pulver<\/td>\n<td>Dunkleres Gr\u00fcn, feinere Konsistenz<\/td>\n<\/tr>\n<\/tbody>\n<\/table>\n<p><strong data-start=\"1193\" data-end=\"1215\">Unsere Empfehlung:<\/strong><br data-start=\"1215\" data-end=\"1218\" \/>Am besten w\u00e4hlen Sie Ihr Protein nach eigener Erfahrung \u2013 je nachdem, ob Sie eine s\u00e4ttigendere, geschmacksintensivere Variante oder eine leichtere und mildere bevorzugen. Wir empfehlen, beide nach und nach auszuprobieren, um herauszufinden, welches besser zu Ihren Bed\u00fcrfnissen passt. Ihr K\u00f6rper wei\u00df es am besten.<\/p>\n","protected":false},"excerpt":{"rendered":"<p>CBDium Hanfprotein green ist ein organischer pflanzlicher Extrakt aus Hanf, der ein breites Spektrum an n\u00fctzlichen N\u00e4hrstoffen, Vitaminen und Mineralien enth\u00e4lt.<\/p>\n","protected":false},"featured_media":41012,"comment_status":"open","ping_status":"closed","template":"","meta":{"_acf_changed":false},"product_brand":[],"product_cat":[62],"product_tag":[],"class_list":{"0":"post-40896","1":"product","2":"type-product","3":"status-publish","4":"has-post-thumbnail","6":"product_cat-andere","8":"first","9":"instock","10":"taxable","11":"shipping-taxable","12":"purchasable","13":"product-type-simple"},"acf":[],"_links":{"self":[{"href":"https:\/\/cbdium.eu\/de\/wp-json\/wp\/v2\/product\/40896","targetHints":{"allow":["GET"]}}],"collection":[{"href":"https:\/\/cbdium.eu\/de\/wp-json\/wp\/v2\/product"}],"about":[{"href":"https:\/\/cbdium.eu\/de\/wp-json\/wp\/v2\/types\/product"}],"replies":[{"embeddable":true,"href":"https:\/\/cbdium.eu\/de\/wp-json\/wp\/v2\/comments?post=40896"}],"wp:featuredmedia":[{"embeddable":true,"href":"https:\/\/cbdium.eu\/de\/wp-json\/wp\/v2\/media\/41012"}],"wp:attachment":[{"href":"https:\/\/cbdium.eu\/de\/wp-json\/wp\/v2\/media?parent=40896"}],"wp:term":[{"taxonomy":"product_brand","embeddable":true,"href":"https:\/\/cbdium.eu\/de\/wp-json\/wp\/v2\/product_brand?post=40896"},{"taxonomy":"product_cat","embeddable":true,"href":"https:\/\/cbdium.eu\/de\/wp-json\/wp\/v2\/product_cat?post=40896"},{"taxonomy":"product_tag","embeddable":true,"href":"https:\/\/cbdium.eu\/de\/wp-json\/wp\/v2\/product_tag?post=40896"}],"curies":[{"name":"wp","href":"https:\/\/api.w.org\/{rel}","templated":true}]}}