{"id":29527,"date":"2024-07-24T12:26:29","date_gmt":"2024-07-24T10:26:29","guid":{"rendered":"https:\/\/cbdium.eu\/?post_type=product&#038;p=29527"},"modified":"2026-02-03T18:21:58","modified_gmt":"2026-02-03T17:21:58","slug":"cbdium-extra-urgent","status":"publish","type":"product","link":"https:\/\/cbdium.eu\/de\/geschaft\/cbdium-therapy-de\/cbdium-extra-urgent\/","title":{"rendered":"CBDium Extra Urgent"},"content":{"rendered":"<p>Die Extra Urgent-Kur haben wir f\u00fcr Menschen mit schweren akuten oder chronischen Beschwerden zur intensiven Wiederbelebung des K\u00f6rpers und bei komplexer pharmakologischer Behandlung entwickelt.<\/p>\n<p>Nach dieser Kur greifen Sie, wenn:<\/p>\n<ul>\n<li>Sie eine schwere akute Erkrankung, Verletzung oder ein dringendes Problem haben, von dem Sie sich \u00fcber mehrere Wochen bis Monate erholen werden<\/li>\n<li>Sie an einer ernsthaften chronischen Erkrankung, psychischen Erkrankung oder einer Kombination mehrerer schwerwiegender Diagnosen leiden<\/li>\n<li>Sie haben schwere Beschwerden und nehmen mehrere Arten von starken Medikamenten ein (bei intensiver pharmakologischer Behandlung w\u00e4hlen wir mildere Traubenessenzen mit Traubenkern\u00f6l)<\/li>\n<li>Sie haben schwere Beschwerden und sind gleichzeitig stark allergisch (in diesem Fall empfehlen wir erneut das mildere Traubenkern\u00f6l)<\/li>\n<\/ul>\n<p>Ziel der Kur ist es, dem ersch\u00f6pften K\u00f6rper eine intensive Wiederbelebung zu geben und ihn in den gr\u00f6\u00dftm\u00f6glichen Zustand der Hom\u00f6ostase (Gleichgewicht) zu bringen. Das Ergebnis ist eine schnellere k\u00f6rperliche und geistige Erholung nach akuten Zust\u00e4nden, Linderung oder Stabilisierung chronischer Symptome und eine Verst\u00e4rkung der Wirkung der pharmakologischen Behandlung.<\/p>\n<h4><strong>Fullspectrum oder pure?<\/strong><\/h4>\n<p>Bei der Einnahme von Antipsychotika, chronischem Bluthochdruck, Drogenabh\u00e4ngigkeit, in der Stillzeit oder in der Schwangerschaft sollten Sie zur THC-freien Version <a href=\"https:\/\/cbdium.eu\/de\/geschaft\/human-line-de\/cbdium-1000-pure\/\" target=\"_blank\" rel=\"noopener\">1000 pure<\/a> greifen.<\/p>\n<h4><strong>Dosierung<\/strong><\/h4>\n<p>Beginnen Sie die Extra Urgent-Kur mit der Essenz <a href=\"https:\/\/cbdium.eu\/de\/geschaft\/human-line\/cbdium-1500-forte-grape\/\">1500 forte grape<\/a>, fahren Sie mit 1500 forte grape fort und beenden Sie die Kur mit der Essenz <a href=\"https:\/\/cbdium.eu\/de\/geschaft\/human-line-de\/cbdium-1000-fullspectrum-grape\/\">1000 fullspectrum grape<\/a>. Die empfohlene t\u00e4gliche Dosierung betr\u00e4gt 3 x 5 Tropfen. Bei Bedarf k\u00f6nnen Sie die t\u00e4gliche Dosis in zwei Portionen aufteilen. Bei der empfohlenen Dosierung reicht eine Flasche ungef\u00e4hr 2 bis 3 Wochen.<\/p>\n<p>Bei einer Verschlechterung des Zustands oder akuten Beschwerden kann die Tagesdosis einmalig um etwa 5 Tropfen pro Tag erh\u00f6ht werden (die maximale Tagesdosis betr\u00e4gt f\u00fcr die meisten Anwender 30 Tropfen pro Tag). Bei schwerwiegenderen Erkrankungen sollten Sie die Einnahme der Essenz mit Ihrem Arzt konsultieren.<\/p>\n<p>Wir empfehlen, CBDium 6 Monate lang einzunehmen, dann eine <a href=\"https:\/\/cbdium.eu\/de\/wie-man-cbdium-langfristig-einnimmt-einnahmephasen-und-21-taegige-pause-2\/\"> 21-t\u00e4gige Pause<\/a> einzulegen und danach noch etwa 3-6 Monate lang weiterzumachen, um die Wirkung zu festigen.<\/p>\n<h4><strong>Verabreichung<\/strong><\/h4>\n<ol>\n<li>Tropfen Sie die Essenz unter die Zunge.<\/li>\n<li>Schlie\u00dfen Sie Mund und Augen und lassen Sie es 2 Minuten wirken. Atmen Sie bewusst durch die Nase. Vier Sekunden tief einatmen, acht Sekunden langsam ausatmen. Diese \u00dcbung hilft Ihnen, sich mit dem Geschehen in Ihrem K\u00f6rper zu verbinden und einen \u00dcberblick \u00fcber Ihre Denkmuster zu gewinnen.<\/li>\n<li>Schlucken und nicht mit Fl\u00fcssigkeit nachsp\u00fclen.<\/li>\n<li>Wenn m\u00f6glich, essen Sie nach etwa 5 Minuten, um die Aufnahme von CBD zu f\u00f6rdern.<\/li>\n<\/ol>\n<h4><strong>Wirkung <\/strong><\/h4>\n<p>Wie schnell es wirkt, ist individuell. Unserer Erfahrung nach \u00e4u\u00dfern sich die ersten Wirkungen nach etwa 3 Wochen der empfohlenen regelm\u00e4\u00dfigen Einnahme.<\/p>\n","protected":false},"excerpt":{"rendered":"<p>Die Extra Urgent-Kur ist ein Dreierpack mit 2 x 1500 forte grape und 1 x 1000 fullspectrum grape. CBDium sind duale \u00d6lessenzen aus bio K\u00fcrbiskern- oder Traubenkern\u00f6l und bio Hanfextrakt.<\/p>\n","protected":false},"featured_media":29531,"comment_status":"open","ping_status":"closed","template":"","meta":{"_acf_changed":false},"product_brand":[],"product_cat":[58],"product_tag":[],"class_list":{"0":"post-29527","1":"product","2":"type-product","3":"status-publish","4":"has-post-thumbnail","6":"product_cat-cbdium-therapy-de","8":"first","9":"instock","10":"taxable","11":"shipping-taxable","12":"purchasable","13":"product-type-simple"},"acf":[],"_links":{"self":[{"href":"https:\/\/cbdium.eu\/de\/wp-json\/wp\/v2\/product\/29527","targetHints":{"allow":["GET"]}}],"collection":[{"href":"https:\/\/cbdium.eu\/de\/wp-json\/wp\/v2\/product"}],"about":[{"href":"https:\/\/cbdium.eu\/de\/wp-json\/wp\/v2\/types\/product"}],"replies":[{"embeddable":true,"href":"https:\/\/cbdium.eu\/de\/wp-json\/wp\/v2\/comments?post=29527"}],"wp:featuredmedia":[{"embeddable":true,"href":"https:\/\/cbdium.eu\/de\/wp-json\/wp\/v2\/media\/29531"}],"wp:attachment":[{"href":"https:\/\/cbdium.eu\/de\/wp-json\/wp\/v2\/media?parent=29527"}],"wp:term":[{"taxonomy":"product_brand","embeddable":true,"href":"https:\/\/cbdium.eu\/de\/wp-json\/wp\/v2\/product_brand?post=29527"},{"taxonomy":"product_cat","embeddable":true,"href":"https:\/\/cbdium.eu\/de\/wp-json\/wp\/v2\/product_cat?post=29527"},{"taxonomy":"product_tag","embeddable":true,"href":"https:\/\/cbdium.eu\/de\/wp-json\/wp\/v2\/product_tag?post=29527"}],"curies":[{"name":"wp","href":"https:\/\/api.w.org\/{rel}","templated":true}]}}