{"id":1306,"date":"2024-01-22T10:59:41","date_gmt":"2024-01-22T09:59:41","guid":{"rendered":"https:\/\/new.cbdium.eu\/?post_type=product&#038;p=1306"},"modified":"2026-02-03T18:19:52","modified_gmt":"2026-02-03T17:19:52","slug":"cbdium-1500-forte-grape","status":"publish","type":"product","link":"https:\/\/cbdium.eu\/de\/geschaft\/human-line-de\/cbdium-1500-forte-grape\/","title":{"rendered":"CBDium 1500 forte fullspectrum grape"},"content":{"rendered":"<p class=\"\" data-start=\"3313\" data-end=\"3616\">CBDium 1500 Forte ist unsere st\u00e4rkste und hochkonzentrierteste Essenz, entwickelt f\u00fcr au\u00dfergew\u00f6hnlich anspruchsvolle Lebenssituationen. Sie kann hilfreich sein bei akuter Belastung, langanhaltender k\u00f6rperlicher Schw\u00e4che oder als erg\u00e4nzende Unterst\u00fctzung in fortgeschrittenen oder terminalen Stadien.<\/p>\n<p class=\"\" data-start=\"3618\" data-end=\"3670\">Die 1500 mg Potenz kann dich unterst\u00fctzen, wenn:<\/p>\n<ul>\n<li>Sie dringende Beschwerden haben und schnelle Hilfe ben\u00f6tigen \u2013 starke Schmerzen, Migr\u00e4ne, starke Menstruationsschmerzen, Hitzschlag, schwerer epileptischer, Asthma- oder Tetanusanfall, Lebensmittelvergiftung&#8230;<\/li>\n<li>Sie in Ihrer Hausapotheke eine Verst\u00e4rkung f\u00fcr unerwartete dringende Beschwerden haben wollen<\/li>\n<li>Sie eine schwere Verletzung erlitten haben \u2013 eine Fraktur, Verrenkung, Verbrennung, Blutverlust, Verletzung innerer Organe&#8230;<\/li>\n<li>Sie eine schwierige Zeit in Ihrem Leben durchmachen \u2013 Familien- und Beziehungsprobleme, Ver\u00e4nderungen im Leben, Verlust eines geliebten Menschen, ein traumatisches Ereignis&#8230;<\/li>\n<li>Sie eine schwere chronische oder psychische Krankheit haben \u2013 Krebs, Osteoporose, Rheuma, Diabetes, Alzheimer, Parkinson, Schizophrenie, bipolare St\u00f6rung, Multiple Sklerose&#8230;<\/li>\n<li>Sie sich im Endstadium befinden oder palliativmedizinisch betreut werden<\/li>\n<\/ul>\n<p>Ziel der Essenz ist es, die Selbstregulationsprozesse des K\u00f6rpers zu unterst\u00fctzen, die zu mehr innerer Balance (Hom\u00f6ostase) beitragen k\u00f6nnen. Durch regelm\u00e4\u00dfige Einnahme kann der K\u00f6rper Belastungen besser verarbeiten \u2013 was sich positiv auf das k\u00f6rperliche und seelische Wohlbefinden auswirken kann.<\/p>\n<p>Weitere Informationen \u00fcber unsere st\u00e4rkste Essenz 1500 Forte finden Sie in <a href=\"https:\/\/cbdium.eu\/de\/das-neue-cbdium-1500-unser-starkstes-cbd-ol-ist-nicht-jeden-geeignet\/\">diesem Beitrag<\/a>.<\/p>\n<h4><strong>Fullspectrum oder pure?<\/strong><\/h4>\n<p>Bei der Einnahme von Antipsychotika, chronischem Bluthochdruck, Drogenabh\u00e4ngigkeit, in der Stillzeit oder in der Schwangerschaft sollten Sie zur THC-freien Version <a href=\"https:\/\/cbdium.eu\/de\/geschaft\/human-line-de\/cbdium-1000-pure\/\" target=\"_blank\" rel=\"noopener\">1000 pure<\/a> greifen.<\/p>\n<h4><strong>K\u00fcrbiskern\u00f6l oder Traubenkern\u00f6l?<\/strong><\/h4>\n<ul>\n<li>W\u00e4hlen Sie Traubenkern\u00f6l im Falle einer Empfindlichkeit auf intensive Aromen oder bei einer Allergie gegen K\u00fcrbiskern\u00f6l.<\/li>\n<li>W\u00e4hlen Sie K\u00fcrbiskern\u00f6l, das eine noch bessere Aufnahme der Wirkstoffe gew\u00e4hrleistet, wenn Sie nicht empfindlich auf intensive Aromen reagieren oder eine Allergie gegen Traubenkern\u00f6l haben.<\/li>\n<\/ul>\n<p>Wenn das Prinzip der Ern\u00e4hrung nach Blutgruppen mit Ihnen resoniert, ist K\u00fcrbiskern\u00f6l besonders f\u00fcr die Blutgruppen 0 und A geeignet, Traubenkern\u00f6l ist f\u00fcr alle Blutgruppen geeignet.<\/p>\n<p>Weitere Informationen \u00fcber die Unterschiede zwischen K\u00fcrbiskern\u00f6l und Traubenkern\u00f6l finden Sie in <a href=\"https:\/\/cbdium.eu\/de\/wir-praesentieren-cbdium-mit-traubenkernoel-worin-unterscheidet-es-sich-von-kuerbiskernoel\/\">diesem Beitrag<\/a>.<\/p>\n<h4><strong>Dosierung<\/strong><\/h4>\n<p>Die empfohlene Tagesdosis betr\u00e4gt 3 x 5 Tropfen, bei schweren chronischen Zust\u00e4nden und im Endstadium 3 x 15 Tropfen. Sie k\u00f6nnen die Tagesdosis bei Bedarf in zwei Dosen aufteilen. Bei einer Dosierung von 3 x 5 Tropfen reicht eine Flasche etwa 2 bis 3 Wochen.<\/p>\n<p>Bei einer Verschlechterung des Zustands oder akuten Beschwerden kann die Tagesdosis einmalig um etwa 5 Tropfen pro Tag erh\u00f6ht werden. Bei schwerwiegenderen Erkrankungen sollten Sie die Einnahme der Essenz mit Ihrem Arzt konsultieren.<\/p>\n<p>Wir empfehlen, CBDium 6 Monate lang einzunehmen, dann eine <a href=\"https:\/\/cbdium.eu\/de\/wie-man-cbdium-langfristig-einnimmt-einnahmephasen-und-21-taegige-pause-2\/\">21-t\u00e4gige Pause<\/a> einzulegen und danach noch etwa 3-6 Monate lang weiterzumachen, um die Wirkung zu festigen.<\/p>\n<h4><strong>Verabreichung<\/strong><\/h4>\n<ol>\n<li>Tropfen Sie die Essenz unter die Zunge.<\/li>\n<li>Schlie\u00dfen Sie Mund und Augen und lassen Sie es 2 Minuten wirken. Atmen Sie bewusst durch die Nase. Vier Sekunden tief einatmen, acht Sekunden langsam ausatmen. Diese \u00dcbung hilft Ihnen, sich mit dem Geschehen in Ihrem K\u00f6rper zu verbinden und einen \u00dcberblick \u00fcber Ihre Denkmuster zu gewinnen.<\/li>\n<li>Schlucken und nicht mit Fl\u00fcssigkeit nachsp\u00fclen.<\/li>\n<li>Wenn m\u00f6glich, essen Sie nach etwa 5 Minuten, um die Aufnahme von CBD zu f\u00f6rdern.<\/li>\n<\/ol>\n<h4><strong>Wirkung<\/strong><\/h4>\n<p>Wie schnell es wirkt, ist individuell. Unserer Erfahrung nach \u00e4u\u00dfern sich die ersten Wirkungen nach etwa 3 Wochen der empfohlenen regelm\u00e4\u00dfigen Einnahme.<\/p>\n","protected":false},"excerpt":{"rendered":"<p>CBDium 1500 forte ist eine duale \u00d6lessenz aus Bio-K\u00fcrbis- oder Traubenkern\u00f6l und Bio-Hanfextrakt.<\/p>\n","protected":false},"featured_media":4789,"comment_status":"open","ping_status":"closed","template":"","meta":{"_acf_changed":false},"product_brand":[],"product_cat":[59],"product_tag":[],"class_list":{"0":"post-1306","1":"product","2":"type-product","3":"status-publish","4":"has-post-thumbnail","6":"product_cat-human-line-de","8":"first","9":"instock","10":"taxable","11":"shipping-taxable","12":"purchasable","13":"product-type-simple"},"acf":[],"_links":{"self":[{"href":"https:\/\/cbdium.eu\/de\/wp-json\/wp\/v2\/product\/1306","targetHints":{"allow":["GET"]}}],"collection":[{"href":"https:\/\/cbdium.eu\/de\/wp-json\/wp\/v2\/product"}],"about":[{"href":"https:\/\/cbdium.eu\/de\/wp-json\/wp\/v2\/types\/product"}],"replies":[{"embeddable":true,"href":"https:\/\/cbdium.eu\/de\/wp-json\/wp\/v2\/comments?post=1306"}],"wp:featuredmedia":[{"embeddable":true,"href":"https:\/\/cbdium.eu\/de\/wp-json\/wp\/v2\/media\/4789"}],"wp:attachment":[{"href":"https:\/\/cbdium.eu\/de\/wp-json\/wp\/v2\/media?parent=1306"}],"wp:term":[{"taxonomy":"product_brand","embeddable":true,"href":"https:\/\/cbdium.eu\/de\/wp-json\/wp\/v2\/product_brand?post=1306"},{"taxonomy":"product_cat","embeddable":true,"href":"https:\/\/cbdium.eu\/de\/wp-json\/wp\/v2\/product_cat?post=1306"},{"taxonomy":"product_tag","embeddable":true,"href":"https:\/\/cbdium.eu\/de\/wp-json\/wp\/v2\/product_tag?post=1306"}],"curies":[{"name":"wp","href":"https:\/\/api.w.org\/{rel}","templated":true}]}}