{"id":1296,"date":"2024-01-14T18:01:23","date_gmt":"2024-01-14T17:01:23","guid":{"rendered":"https:\/\/new.cbdium.eu\/obchod\/unkategorisiert\/cbdium-hanfsamen\/"},"modified":"2024-04-14T16:23:25","modified_gmt":"2024-04-14T14:23:25","slug":"cbdium-hanfsamen","status":"publish","type":"product","link":"https:\/\/cbdium.eu\/de\/geschaft\/andere\/cbdium-hanfsamen\/","title":{"rendered":"CBDium Hanfsamen"},"content":{"rendered":"<p>CBDium Hanfsamen sind ein \u00e4u\u00dferst nahrhaftes Nahrungserg\u00e4nzungsmittel, reich an Proteinen, gesunden Fetten, Vitaminen und Mineralstoffen. Die Samen sorgen nicht nur f\u00fcr Abwechslung bei der t\u00e4glichen N\u00e4hrstoffaufnahme, sondern auch f\u00fcr den optischen Genuss Ihrer Lieblingsspeisen.<\/p>\n<p>Es handelt sich um einen reinen Pflanzenextrakt ohne S\u00fc\u00dfstoffe, k\u00fcnstliche Zus\u00e4tze und Aromen mit einem nat\u00fcrlichen, nussigen Geschmack.<\/p>\n<p>Enth\u00e4lt:<\/p>\n<p>die Vitamine B1, B2, B3, B6, \u03b1-E, \u03b3-E<br \/>\ndie Mineralstoffe Kalzium, Eisen, Magnesium, Phosphor, Kalium, Zink<\/p>\n<h4><strong>Zubereitungstipp<\/strong><\/h4>\n<p>Bestreuen und garnieren Sie jedes Gericht mit Samen je nach Geschmack und Vorliebe. Sie schmecken k\u00f6stlich zu Fr\u00fchst\u00fccksbrei, M\u00fcsli, Joghurt, Pudding oder Smoothies, aber auch zu So\u00dfen, Salaten oder gesunden Desserts.<\/p>\n<h4><strong>Inhaltsstoffe<\/strong><\/h4>\n<p>Aufgrund von nat\u00fcrlichen Schwankungen und Ver\u00e4nderungen bei der Herstellung und Lagerung des Produkts k\u00f6nnen Reinsubstanzen wie dieses Hanfprotein die N\u00e4hrwerte nicht in exakten Mengen enthalten. Wir geben daher N\u00e4herungswerte mit Toleranzen an, die mit den Vorschriften der Europ\u00e4ischen Union \u00fcbereinstimmen.<\/p>\n<p>Inhaltsstoffe (pro 100 g):<\/p>\n<p>Energie 2484\u20132570 kJ \/ 599\u2013621 kcal<br \/>\nProteine 30\u201332 g<br \/>\nFette 46\u201352 g<br \/>\ndavon ges\u00e4ttigte Fette 5\u20135,5 g<br \/>\ndavon unges\u00e4ttigte Fette:<br \/>\nOmega-9-Fetts\u00e4uren 5\u20136 g<br \/>\nOmega-3-Fetts\u00e4uren 9\u201310 g<br \/>\nOmega-6-Fetts\u00e4uren 27\u201330 g<br \/>\nKohlenhydrate 4\u20135,5 g<br \/>\ndavon Zucker 1,6\u20132,7 g<br \/>\nSalz 0,5\u20130,7 g<br \/>\nBallaststoffe 7\u20139 g<\/p>\n<p>Kann Spuren von Gluten, Getreide, Lupinen oder Senfk\u00f6rnern enthalten.<\/p>\n<p>An einem k\u00fchlen, trockenen Ort bei einer Temperatur von bis zu 22 \u00b0C aufbewahren. Innerhalb von 15 Monaten nach dem \u00d6ffnen aufbrauchen.<\/p>\n","protected":false},"excerpt":{"rendered":"<p>CBDium Hanfsamen sind ein organischer Pflanzenextrakt aus Hanf, der ein breites Spektrum an n\u00fctzlichen N\u00e4hrstoffen, Vitaminen und Mineralien enth\u00e4lt.<\/p>\n","protected":false},"featured_media":4781,"comment_status":"open","ping_status":"closed","template":"","meta":{"_acf_changed":false},"product_brand":[],"product_cat":[62],"product_tag":[],"class_list":{"0":"post-1296","1":"product","2":"type-product","3":"status-publish","4":"has-post-thumbnail","6":"product_cat-andere","8":"first","9":"instock","10":"taxable","11":"shipping-taxable","12":"purchasable","13":"product-type-simple"},"acf":[],"_links":{"self":[{"href":"https:\/\/cbdium.eu\/de\/wp-json\/wp\/v2\/product\/1296","targetHints":{"allow":["GET"]}}],"collection":[{"href":"https:\/\/cbdium.eu\/de\/wp-json\/wp\/v2\/product"}],"about":[{"href":"https:\/\/cbdium.eu\/de\/wp-json\/wp\/v2\/types\/product"}],"replies":[{"embeddable":true,"href":"https:\/\/cbdium.eu\/de\/wp-json\/wp\/v2\/comments?post=1296"}],"wp:featuredmedia":[{"embeddable":true,"href":"https:\/\/cbdium.eu\/de\/wp-json\/wp\/v2\/media\/4781"}],"wp:attachment":[{"href":"https:\/\/cbdium.eu\/de\/wp-json\/wp\/v2\/media?parent=1296"}],"wp:term":[{"taxonomy":"product_brand","embeddable":true,"href":"https:\/\/cbdium.eu\/de\/wp-json\/wp\/v2\/product_brand?post=1296"},{"taxonomy":"product_cat","embeddable":true,"href":"https:\/\/cbdium.eu\/de\/wp-json\/wp\/v2\/product_cat?post=1296"},{"taxonomy":"product_tag","embeddable":true,"href":"https:\/\/cbdium.eu\/de\/wp-json\/wp\/v2\/product_tag?post=1296"}],"curies":[{"name":"wp","href":"https:\/\/api.w.org\/{rel}","templated":true}]}}