{"id":1295,"date":"2024-01-13T17:54:08","date_gmt":"2024-01-13T16:54:08","guid":{"rendered":"https:\/\/new.cbdium.eu\/obchod\/unkategorisiert\/cbdium-hanfprotein\/"},"modified":"2025-11-06T11:21:30","modified_gmt":"2025-11-06T10:21:30","slug":"cbdium-hanfprotein","status":"publish","type":"product","link":"https:\/\/cbdium.eu\/de\/geschaft\/andere\/cbdium-hanfprotein\/","title":{"rendered":"CBDium Hanfprotein"},"content":{"rendered":"<p>CBDium Hanfprotein ist ein Vitamin- und Mineralstoff-Supernahrungsmittel, das nicht nur f\u00fcr k\u00f6rperlich aktive Menschen und Sportler geeignet ist, sondern f\u00fcr jeden, der seinen Eiwei\u00dfvorrat aus einer pflanzlichen Quelle auff\u00fcllen m\u00f6chte, die schonend verarbeitet wurde, um m\u00f6glichst viele N\u00e4hrstoffe zu erhalten.<\/p>\n<p>Es handelt sich um einen reinen Pflanzenextrakt ohne S\u00fc\u00dfstoffe, k\u00fcnstliche Zus\u00e4tze und Aromen mit einem nat\u00fcrlichen, nussartigen Geschmack.<\/p>\n<p>Enth\u00e4lt:<\/p>\n<p>die Vitamine B1, B2, B3, B6, \u03b1-E, \u03b3-E<br \/>\ndie Mineralstoffe Kalzium, Eisen, Magnesium, Phosphor, Kalium, Zink<\/p>\n<h4>Zubereitungstipp<\/h4>\n<p>Geben Sie etwa einen Essl\u00f6ffel Proteinpulver, einen Teel\u00f6ffel Honig oder eine Banane in einen halben Liter Pflanzenmilch (z. B. Mandel- oder Kokosmilch) und mixen Sie alles in einem Shaker oder Mixer.<\/p>\n<h4><strong>Inhaltsstoffe<\/strong><\/h4>\n<p>Aufgrund von nat\u00fcrlichen Schwankungen und Ver\u00e4nderungen bei der Herstellung und Lagerung des Produkts k\u00f6nnen Reinsubstanzen wie dieses Hanfprotein die N\u00e4hrwerte nicht in exakten Mengen enthalten. Wir geben daher N\u00e4herungswerte mit Toleranzen an, die mit den Vorschriften der Europ\u00e4ischen Union \u00fcbereinstimmen.<\/p>\n<p>Energie 1698 kJ \/ 403 kcal<br \/>\nProteine 60\u201363 g<br \/>\nFette 10\u201315 g<br \/>\ndavon ges\u00e4ttigte Fetts\u00e4uren 1\u20132 g<br \/>\nOmega-9-Fetts\u00e4uren 2\u20133 g<br \/>\nMehrfach unges\u00e4ttigte Fette 9\u201310 g<br \/>\nOmega-3-Fetts\u00e4uren 2,7\u20133 g<br \/>\nOmega-6-Fetts\u00e4uren 6,3\u20137 g<br \/>\nKohlenhydrate 9\u201310,5 g<br \/>\ndavon Zucker 4\u20135 g<br \/>\nSalz &lt; 0,025 g<br \/>\nBallaststoffe 15\u201316 g<\/p>\n<p>Kann Spuren von Gluten, Getreide, Lupinen oder Senfk\u00f6rnern enthalten.<\/p>\n<p>An einem k\u00fchlen, trockenen Ort bei einer Temperatur von bis zu 22 \u00b0C aufbewahren. Innerhalb von 15 Monaten nach dem \u00d6ffnen aufbrauchen.<\/p>\n<h4 data-start=\"0\" data-end=\"62\">Zwei Proteine. Gleiche Qualit\u00e4t. Wie w\u00e4hlt man das Richtige?<\/h4>\n<p data-start=\"64\" data-end=\"508\">Unsere beiden Proteine \u2013 das urspr\u00fcngliche Hanfeiwei\u00dfprotein und das neue Hanfeiwei\u00dfprotein Green \u2013 sind zwei vollwertige, pflanzliche Alternativen, die unterschiedliche Vorlieben von K\u00f6rper und Geschmack respektieren.<br data-start=\"290\" data-end=\"293\" \/>Beide sind 100 % pflanzlich, frei von Zusatzstoffen und reich an Eiwei\u00df, Vitaminen und Mineralstoffen. Sie unterscheiden sich haupts\u00e4chlich in den N\u00e4hrwerten, der Hanf\u00adsorte und dem Geschmacksprofil.<\/p>\n<p data-start=\"510\" data-end=\"610\">Um Ihnen die Wahl zu erleichtern, haben wir eine \u00dcbersicht der wichtigsten Unterschiede vorbereitet:<\/p>\n<table style=\"height: 315px;\" width=\"916\">\n<tbody>\n<tr>\n<td><\/td>\n<td><strong>Hanfprotein<\/strong><\/td>\n<td><strong>Hanfprotein green<\/strong><\/td>\n<\/tr>\n<tr>\n<td><strong>Taste<\/strong><\/td>\n<td>Kr\u00e4ftiger, vollmundig, mit tiefem nussigem Ton<\/td>\n<td>Milder, neutraler, leicht nussig<\/td>\n<\/tr>\n<tr>\n<td><b>Protein<\/b><\/td>\n<td>60\u201363 g pro 100 g<\/td>\n<td>66 g pro 100 g \u2013 etwas h\u00f6herer Gehalt<\/td>\n<\/tr>\n<tr>\n<td><b>Fibre<\/b><\/td>\n<td>15\u201316 g pro 100 g \u2013 s\u00e4ttigender<\/td>\n<td>8,4 g pro 100 g \u2013 leichter verdaulich<\/td>\n<\/tr>\n<tr>\n<td><b>Fats &amp; omega acids<\/b><\/td>\n<td>Mehr Omega-3-, -6- und -9-Fetts\u00e4uren<\/td>\n<td>Weniger Gesamtfett, einfachere Fettstruktur<\/td>\n<\/tr>\n<tr>\n<td><strong>Colour &amp; Texture<\/strong><\/td>\n<td>Nat\u00fcrliche butterfarbene T\u00f6nung, dichteres Pulver<\/td>\n<td>Dunkleres Gr\u00fcn, feinere Konsistenz<\/td>\n<\/tr>\n<\/tbody>\n<\/table>\n<p><strong data-start=\"1193\" data-end=\"1215\">Unsere Empfehlung:<\/strong><br data-start=\"1215\" data-end=\"1218\" \/>Am besten w\u00e4hlen Sie Ihr Protein nach eigener Erfahrung \u2013 je nachdem, ob Sie eine s\u00e4ttigendere, geschmacksintensivere Variante oder eine leichtere und mildere bevorzugen. Wir empfehlen, beide nach und nach auszuprobieren, um herauszufinden, welches besser zu Ihren Bed\u00fcrfnissen passt. Ihr K\u00f6rper wei\u00df es am besten.<\/p>\n","protected":false},"excerpt":{"rendered":"<p>CBDium Hanfprotein ist ein organischer pflanzlicher Extrakt aus Hanf, der ein breites Spektrum an n\u00fctzlichen N\u00e4hrstoffen, Vitaminen und Mineralien enth\u00e4lt.<\/p>\n","protected":false},"featured_media":4744,"comment_status":"open","ping_status":"closed","template":"","meta":{"_acf_changed":false},"product_brand":[],"product_cat":[62],"product_tag":[],"class_list":{"0":"post-1295","1":"product","2":"type-product","3":"status-publish","4":"has-post-thumbnail","6":"product_cat-andere","8":"first","9":"instock","10":"taxable","11":"shipping-taxable","12":"purchasable","13":"product-type-simple"},"acf":[],"_links":{"self":[{"href":"https:\/\/cbdium.eu\/de\/wp-json\/wp\/v2\/product\/1295","targetHints":{"allow":["GET"]}}],"collection":[{"href":"https:\/\/cbdium.eu\/de\/wp-json\/wp\/v2\/product"}],"about":[{"href":"https:\/\/cbdium.eu\/de\/wp-json\/wp\/v2\/types\/product"}],"replies":[{"embeddable":true,"href":"https:\/\/cbdium.eu\/de\/wp-json\/wp\/v2\/comments?post=1295"}],"wp:featuredmedia":[{"embeddable":true,"href":"https:\/\/cbdium.eu\/de\/wp-json\/wp\/v2\/media\/4744"}],"wp:attachment":[{"href":"https:\/\/cbdium.eu\/de\/wp-json\/wp\/v2\/media?parent=1295"}],"wp:term":[{"taxonomy":"product_brand","embeddable":true,"href":"https:\/\/cbdium.eu\/de\/wp-json\/wp\/v2\/product_brand?post=1295"},{"taxonomy":"product_cat","embeddable":true,"href":"https:\/\/cbdium.eu\/de\/wp-json\/wp\/v2\/product_cat?post=1295"},{"taxonomy":"product_tag","embeddable":true,"href":"https:\/\/cbdium.eu\/de\/wp-json\/wp\/v2\/product_tag?post=1295"}],"curies":[{"name":"wp","href":"https:\/\/api.w.org\/{rel}","templated":true}]}}