{"id":1293,"date":"2024-01-12T17:35:17","date_gmt":"2024-01-12T16:35:17","guid":{"rendered":"https:\/\/new.cbdium.eu\/obchod\/unkategorisiert\/cbdium-regenerationssalbe\/"},"modified":"2024-06-05T20:45:36","modified_gmt":"2024-06-05T18:45:36","slug":"cbdium-regenerationssalbe","status":"publish","type":"product","link":"https:\/\/cbdium.eu\/de\/geschaft\/skin-line-de\/cbdium-regenerationssalbe\/","title":{"rendered":"CBDium Regenerationssalbe"},"content":{"rendered":"<p>Die Regenerationssalbe ist eine handgefertigte Intensiv-Hanfsalbe, die speziell f\u00fcr die Heilung und Regeneration des Bewegungsapparates \u2013 Muskeln, Sehnen, Gelenke und Knochen \u2013 entwickelt wurde.<\/p>\n<p>Die Salbe enth\u00e4lt angenehm k\u00fchlendes Menthol und w\u00e4rmendes Capsaicin, die in die tieferen Hautschichten eindringen. Die Salbe besitzt eine antibakterielle, antimykotische und antifungale Wirkung.<\/p>\n<p>Nach dieser Salbe greifen Sie, wenn:<\/p>\n<ul>\n<li>Sie akute oder chronische Schmerzen in Ihren Muskeln, Sehnen, Gelenken und Knochen haben<\/li>\n<li>Sie steife und verspannte Muskeln aufgrund einer k\u00f6rperlich anstrengenden Arbeit oder eines aktiven Lebensstils haben<\/li>\n<li>Sie erk\u00e4ltet sind oder eine Grippe haben &#8211; auf die Brust auftragen, um das Atmen zu erleichtern, die Nase zu entspannen und eine aromatherapeutische Wirkung zu erzielen<\/li>\n<\/ul>\n<p>Ziel der Salbe ist es, die Hom\u00f6ostase (das Gleichgewicht) im K\u00f6rper zu unterst\u00fctzen und Selbstheilungsprozesse lokal in Gang zu setzen. Dadurch durchblutet, entspannt und regeneriert die Salbe den Bewegungsapparat, was die Grundlage f\u00fcr ein gesundes und erf\u00fclltes Leben ist.<\/p>\n<p>Weitere Informationen \u00fcber die Wirkung der Kosmetikprodukte SKIN line finden Sie in <a href=\"https:\/\/cbdium.eu\/de\/gesunde-haut-als-ausdruck-eines-vitalen-organismus\/\">diesem Beitrag<\/a>.<\/p>\n<h4><strong>Anwendung und Dosierung<\/strong><\/h4>\n<p>Die Salbe ist f\u00fcr den K\u00f6rper bestimmt. Aufgrund des Capsaicin-Gehalts ist sie nicht f\u00fcr die Gesichtshaut geeignet. 2- bis 3-mal am Tag mit den Fingern oder einem Spatel auf die betroffenen Stellen auftragen und einwirken lassen. Bei Kontakt mit der Haut beginnt die z\u00e4hfl\u00fcssige Konsistenz weich zu werden und die Salbe l\u00e4sst sich angenehm einmassieren.<\/p>\n<p>Wenn m\u00f6glich, machen Sie w\u00e4hrend der Anwendung eine 2-min\u00fctige Atem\u00fcbung: 4 Sekunden durch die Nase einatmen, 8 Sekunden durch die Nase ausatmen. Die \u00dcbung hilft Ihnen, sich mit dem, was in Ihrem K\u00f6rper vor sich geht, zu verbinden und einen \u00dcberblick \u00fcber die Gedankenmuster zu gewinnen.<\/p>\n<p>Testen Sie die Salbe vor der ersten Anwendung auf einem St\u00fcck Haut, um eine m\u00f6gliche Reaktion zu vermeiden. Nicht auf offenen Wunden anwenden. Bei schwerwiegenderen Erkrankungen sollten Sie die Anwendung der Salbe mit Ihrem Arzt konsultieren.<\/p>\n<h4><strong>Wirkung<\/strong><\/h4>\n<p>Die Wirkung ist individuell &#8211; nach unserer Erfahrung sind die ersten Effekte nach etwa 2 bis 3 Tagen regelm\u00e4\u00dfiger Anwendung sichtbar.<\/p>\n<h4><strong>Inhaltsstoffe<\/strong><\/h4>\n<p>Hanfessenz <a href=\"https:\/\/cbdium.eu\/de\/geschaft\/human-line\/cbdium-1000-fullspectrum\/\">CBDium 1000 fullspectrum<\/a>, Menthol, Capsaicin, Kakaobutter, Lein\u00f6lbasis.<\/p>\n","protected":false},"excerpt":{"rendered":"<p>CBDium Regenerationssalbe ist eine universelle Salbenessenz, die aus der Hanf\u00f6l-Essenz 1000 fullspectrum, Menthol, Capsaicin, Kakaobutter und einer beruhigenden Salbenbasis besteht.<\/p>\n","protected":false},"featured_media":4769,"comment_status":"open","ping_status":"closed","template":"","meta":{"_acf_changed":false},"product_brand":[],"product_cat":[61],"product_tag":[],"class_list":{"0":"post-1293","1":"product","2":"type-product","3":"status-publish","4":"has-post-thumbnail","6":"product_cat-skin-line-de","8":"first","9":"instock","10":"taxable","11":"shipping-taxable","12":"purchasable","13":"product-type-simple"},"acf":[],"_links":{"self":[{"href":"https:\/\/cbdium.eu\/de\/wp-json\/wp\/v2\/product\/1293","targetHints":{"allow":["GET"]}}],"collection":[{"href":"https:\/\/cbdium.eu\/de\/wp-json\/wp\/v2\/product"}],"about":[{"href":"https:\/\/cbdium.eu\/de\/wp-json\/wp\/v2\/types\/product"}],"replies":[{"embeddable":true,"href":"https:\/\/cbdium.eu\/de\/wp-json\/wp\/v2\/comments?post=1293"}],"wp:featuredmedia":[{"embeddable":true,"href":"https:\/\/cbdium.eu\/de\/wp-json\/wp\/v2\/media\/4769"}],"wp:attachment":[{"href":"https:\/\/cbdium.eu\/de\/wp-json\/wp\/v2\/media?parent=1293"}],"wp:term":[{"taxonomy":"product_brand","embeddable":true,"href":"https:\/\/cbdium.eu\/de\/wp-json\/wp\/v2\/product_brand?post=1293"},{"taxonomy":"product_cat","embeddable":true,"href":"https:\/\/cbdium.eu\/de\/wp-json\/wp\/v2\/product_cat?post=1293"},{"taxonomy":"product_tag","embeddable":true,"href":"https:\/\/cbdium.eu\/de\/wp-json\/wp\/v2\/product_tag?post=1293"}],"curies":[{"name":"wp","href":"https:\/\/api.w.org\/{rel}","templated":true}]}}