{"id":1292,"date":"2024-01-11T17:18:30","date_gmt":"2024-01-11T16:18:30","guid":{"rendered":"https:\/\/new.cbdium.eu\/obchod\/unkategorisiert\/cbdium-heilsalbe\/"},"modified":"2024-06-05T20:38:59","modified_gmt":"2024-06-05T18:38:59","slug":"cbdium-heilsalbe","status":"publish","type":"product","link":"https:\/\/cbdium.eu\/de\/geschaft\/skin-line-de\/cbdium-heilsalbe\/","title":{"rendered":"CBDium Heilsalbe"},"content":{"rendered":"<p>CBDium Heilsalbe ist eine handgefertigte intensive Hanfsalbe mit heilenden und regenerierenden Eigenschaften zur Unterst\u00fctzung der Heilung von Verletzungen, akuten und chronischen Hauterkrankungen, aber auch Muskel- und Gelenkschmerzen. Sie besitzt eine antibakterielle, antimykotische und antifungale Wirkung.<\/p>\n<p>Nach dieser Salbe greifen Sie, wenn:<\/p>\n<ul>\n<li>Sie eine Verletzung haben oder sich nach einem Unfall erholen \u2013 Prellungen, Sch\u00fcrfwunden, Kratzer, Verbrennungen ersten Grades, Blasen und Schnitte (nach Wundverschluss)&#8230;<\/li>\n<li>Sie unter einer akuten Hauterkrankung leiden \u2013 Dermatitis, schmerzhafter Ausschlag, Insektenstiche, Fieberbl\u00e4schen, Erfrierungen, allergische Hautreaktionen&#8230;<\/li>\n<li>Sie unter einer chronischen Hautkrankheit leiden und deren Erscheinungsformen bek\u00e4mpfen wollen \u2013 Psoriasis, seborrhoische Dermatitis, Akne, Rosazea, atopisches Ekzem, Ekzem- und herpetische Erkrankungen&#8230;<\/li>\n<li>Sie Schmerzen in den Muskeln, Gelenken, Sehnen und Knochen haben \u2013 speziell f\u00fcr diese Probleme haben wir die <a href=\"https:\/\/cbdium.eu\/de\/geschaft\/skin-line-de\/cbdium-regenerationssalbe\/\">CBDium Regenerierende Salbe<\/a> entwickelt<\/li>\n<li>Sie die \u00d6le HUMAN line verwenden und ihre Wirkung durch die lokale Anwendung auf der betroffenen Stelle unterst\u00fctzen wollen<\/li>\n<\/ul>\n<p>Ziel der Salbe ist es, die Hom\u00f6ostase (das Gleichgewicht) im K\u00f6rper zu unterst\u00fctzen und Selbstheilungsprozesse lokal in Gang zu setzen. Dadurch tr\u00e4gt die Salbe zur schnelleren Regeneration der Haut bei, lindert Reizungen, reguliert chronische Erscheinungen und lindert Schmerzen des Bewegungsapparates.<\/p>\n<p>Weitere Informationen \u00fcber die Wirkung der Kosmetikprodukte SKIN line finden Sie <a href=\"https:\/\/cbdium.eu\/de\/gesunde-haut-als-ausdruck-eines-vitalen-organismus\/\">in diesem Beitrag<\/a>.<\/p>\n<h4><strong>Anwendung und Dosierung<\/strong><\/h4>\n<p>Die Salbe ist f\u00fcr die Haut des K\u00f6rpers oder f\u00fcr Problemzonen im Gesicht bestimmt. 2- bis 3-mal am Tag mit den Fingern oder einem Spatel auf die betroffenen Stellen auftragen und einwirken lassen. Bei Kontakt mit der Haut beginnt die z\u00e4hfl\u00fcssige Konsistenz weich zu werden und die Salbe l\u00e4sst sich angenehm einmassieren.<\/p>\n<p>Wenn m\u00f6glich, machen Sie w\u00e4hrend der Anwendung eine 2-min\u00fctige Atem\u00fcbung: 4 Sekunden durch die Nase einatmen, 8 Sekunden durch die Nase ausatmen. Die \u00dcbung hilft Ihnen, sich mit dem, was in Ihrem K\u00f6rper vor sich geht, zu verbinden und einen \u00dcberblick \u00fcber die Gedankenmuster zu gewinnen.<\/p>\n<p>Testen Sie die Salbe vor der ersten Anwendung auf einem St\u00fcck Haut, um eine m\u00f6gliche Reaktion zu vermeiden. Nicht auf offenen Wunden anwenden. Bei schwerwiegenderen Erkrankungen sollten Sie die Anwendung der Salbe mit Ihrem Arzt konsultieren.<\/p>\n<h4><strong>Wirkung<\/strong><\/h4>\n<p>Die Wirkung ist individuell &#8211; nach unserer Erfahrung sind die ersten Effekte nach etwa 2 bis 3 Tagen regelm\u00e4\u00dfiger Anwendung sichtbar.<\/p>\n<h4><strong>Inhaltsstoffe<\/strong><\/h4>\n<p>Hanfessenz <a href=\"https:\/\/cbdium.eu\/de\/geschaft\/human-line\/cbdium-1000-fullspectrum\/\">CBDium 1000 fullspectrum<\/a>, Kakaobutter, Lein\u00f6lbasis.<\/p>\n","protected":false},"excerpt":{"rendered":"<p>CBDium Heilsalbe ist eine universelle Salbenessenz, die aus der Hanf\u00f6l-Essenz 1000 fullspectrum, Kakaobutter und einer beruhigenden Salbenbasis besteht.<\/p>\n","protected":false},"featured_media":4736,"comment_status":"open","ping_status":"closed","template":"","meta":{"_acf_changed":false},"product_brand":[],"product_cat":[61],"product_tag":[],"class_list":{"0":"post-1292","1":"product","2":"type-product","3":"status-publish","4":"has-post-thumbnail","6":"product_cat-skin-line-de","8":"first","9":"instock","10":"taxable","11":"shipping-taxable","12":"purchasable","13":"product-type-simple"},"acf":[],"_links":{"self":[{"href":"https:\/\/cbdium.eu\/de\/wp-json\/wp\/v2\/product\/1292","targetHints":{"allow":["GET"]}}],"collection":[{"href":"https:\/\/cbdium.eu\/de\/wp-json\/wp\/v2\/product"}],"about":[{"href":"https:\/\/cbdium.eu\/de\/wp-json\/wp\/v2\/types\/product"}],"replies":[{"embeddable":true,"href":"https:\/\/cbdium.eu\/de\/wp-json\/wp\/v2\/comments?post=1292"}],"wp:featuredmedia":[{"embeddable":true,"href":"https:\/\/cbdium.eu\/de\/wp-json\/wp\/v2\/media\/4736"}],"wp:attachment":[{"href":"https:\/\/cbdium.eu\/de\/wp-json\/wp\/v2\/media?parent=1292"}],"wp:term":[{"taxonomy":"product_brand","embeddable":true,"href":"https:\/\/cbdium.eu\/de\/wp-json\/wp\/v2\/product_brand?post=1292"},{"taxonomy":"product_cat","embeddable":true,"href":"https:\/\/cbdium.eu\/de\/wp-json\/wp\/v2\/product_cat?post=1292"},{"taxonomy":"product_tag","embeddable":true,"href":"https:\/\/cbdium.eu\/de\/wp-json\/wp\/v2\/product_tag?post=1292"}],"curies":[{"name":"wp","href":"https:\/\/api.w.org\/{rel}","templated":true}]}}