{"id":1291,"date":"2024-01-07T17:17:47","date_gmt":"2024-01-07T16:17:47","guid":{"rendered":"https:\/\/new.cbdium.eu\/obchod\/unkategorisiert\/cbdium-vet-400-light\/"},"modified":"2024-08-22T11:54:22","modified_gmt":"2024-08-22T09:54:22","slug":"cbdium-vet-400-light","status":"publish","type":"product","link":"https:\/\/cbdium.eu\/de\/geschaft\/vet-line-de\/cbdium-vet-400-light\/","title":{"rendered":"CBDium VET 400 light"},"content":{"rendered":"<p>Die Essenz VET 400 light f\u00fcr Tiere haben wir zur Unterst\u00fctzung der Immunit\u00e4t, der allgemeinen Vitalit\u00e4t und der Heilung nach akuten Problemen bei Hunden, Katzen und anderen S\u00e4ugetieren zusammengestellt.<\/p>\n<p>Nach dieser Essenz greifen Sie, wenn:<\/p>\n<ul>\n<li>Ihr Haustier ein geschw\u00e4chtes Immunsystem hat<\/li>\n<li>Sie eine leichte Ver\u00e4nderung im Verhalten des Tieres beobachten und ein m\u00f6gliches Gesundheitsproblem rechtzeitig behandeln wollen<\/li>\n<li>sich Ihr Tier von einem dringenden oder akuten Problem erholt und Sie nach der Einnahme von <a href=\"https:\/\/cbdium.eu\/de\/geschaft\/vet-line-de\/cbdium-vet-800-acute\/\">VET 800 acute<\/a> eine Besserung feststellen<\/li>\n<li>Ihr Haustier relativ gesund ist und Sie ein hochwertiges nat\u00fcrliches Erg\u00e4nzungsmittel f\u00fcr ein langfristiges k\u00f6rperliches und geistiges Gleichgewicht suchen<\/li>\n<\/ul>\n<p>Das Ziel der Essenz ist es, K\u00f6rper und Geist Ihres Tieres in die Hom\u00f6ostase (Gleichgewicht) zu bringen und die Selbstheilungsprozesse in Gang zu setzen. Ein so versorgter Organismus sichert Ihrem Tier ein starkes Immunsystem, die Beruhigung des Nervensystems, eine schnellere Genesung und allgemeine Vitalit\u00e4t.<\/p>\n<h4><strong>Kur bei einem akuten Zustand<\/strong><\/h4>\n<p>Bei Notf\u00e4llen und akuten Erkrankungen empfehlen wir eine Kur aus zwei Fl\u00e4schchen <a href=\"https:\/\/cbdium.eu\/de\/geschaft\/vet-line-de\/cbdium-vet-800-acute\/\" target=\"_blank\" rel=\"noopener\">VET 800 acute<\/a> und nach dem Aufbrauchen 1 Fl\u00e4schchen <a href=\"https:\/\/cbdium.eu\/de\/geschaft\/vet-line-de\/cbdium-vet-400-light\/\" target=\"_blank\" rel=\"noopener\">VET 400 light<\/a> zur Nachbehandlung.<\/p>\n<h4><strong>Dosierung<\/strong><\/h4>\n<p>W\u00e4hlen Sie die empfohlene Tagesdosis entsprechend dem Gewicht des Tieres:<br \/>\n&lt; 5 kg \u2013 3 Tropfen t\u00e4glich<br \/>\n&lt; 10 kg \u2013 6 Tropfen t\u00e4glich<br \/>\n&lt; 15 kg und mehr \u2013 9 Tropfen t\u00e4glich<br \/>\nDringende F\u00e4lle &#8211; 15 Tropfen t\u00e4glich.<\/p>\n<p>Bei schwerwiegenderen Erkrankungen sollten Sie die Einnahme der Essenz mit dem Tierarzt konsultieren.<\/p>\n<h4><strong>Verabreichung<\/strong><\/h4>\n<p>Wir empfehlen, die Essenz auf den Handr\u00fccken zu tr\u00e4ufeln und sie vom Tier ablecken zu lassen bzw. sie auf ein Trockenfutter oder ein Leckerli zu tr\u00e4ufeln und dem Tier zum Verzehr zu geben. Einige Tiere k\u00f6nnen die Dosis durch Tropfen unter die Zunge einnehmen. Lassen Sie das Tier nach 5 Minuten fressen, um die Aufnahme von CBD zu f\u00f6rdern.<\/p>\n<h4><strong>Wirkung<\/strong><\/h4>\n<p>Wie schnell es wirkt, ist individuell. Menschen, in der Regel innerhalb weniger Tage nach Beginn der Einnahme.<\/p>\n","protected":false},"excerpt":{"rendered":"<p>CBDium VET 400 light ist eine duale tier\u00e4rztliche \u00d6lessenz aus Bio-K\u00fcrbiskern\u00f6l und Bio-Hanfextrakt.<\/p>\n","protected":false},"featured_media":4740,"comment_status":"open","ping_status":"closed","template":"","meta":{"_acf_changed":false},"product_brand":[],"product_cat":[60],"product_tag":[],"class_list":{"0":"post-1291","1":"product","2":"type-product","3":"status-publish","4":"has-post-thumbnail","6":"product_cat-vet-line-de","8":"first","9":"instock","10":"taxable","11":"shipping-taxable","12":"purchasable","13":"product-type-simple"},"acf":[],"_links":{"self":[{"href":"https:\/\/cbdium.eu\/de\/wp-json\/wp\/v2\/product\/1291","targetHints":{"allow":["GET"]}}],"collection":[{"href":"https:\/\/cbdium.eu\/de\/wp-json\/wp\/v2\/product"}],"about":[{"href":"https:\/\/cbdium.eu\/de\/wp-json\/wp\/v2\/types\/product"}],"replies":[{"embeddable":true,"href":"https:\/\/cbdium.eu\/de\/wp-json\/wp\/v2\/comments?post=1291"}],"wp:featuredmedia":[{"embeddable":true,"href":"https:\/\/cbdium.eu\/de\/wp-json\/wp\/v2\/media\/4740"}],"wp:attachment":[{"href":"https:\/\/cbdium.eu\/de\/wp-json\/wp\/v2\/media?parent=1291"}],"wp:term":[{"taxonomy":"product_brand","embeddable":true,"href":"https:\/\/cbdium.eu\/de\/wp-json\/wp\/v2\/product_brand?post=1291"},{"taxonomy":"product_cat","embeddable":true,"href":"https:\/\/cbdium.eu\/de\/wp-json\/wp\/v2\/product_cat?post=1291"},{"taxonomy":"product_tag","embeddable":true,"href":"https:\/\/cbdium.eu\/de\/wp-json\/wp\/v2\/product_tag?post=1291"}],"curies":[{"name":"wp","href":"https:\/\/api.w.org\/{rel}","templated":true}]}}