{"id":1290,"date":"2024-01-08T16:56:52","date_gmt":"2024-01-08T15:56:52","guid":{"rendered":"https:\/\/new.cbdium.eu\/obchod\/unkategorisiert\/cbdium-vet-800-acute\/"},"modified":"2024-08-22T11:52:53","modified_gmt":"2024-08-22T09:52:53","slug":"cbdium-vet-800-acute","status":"publish","type":"product","link":"https:\/\/cbdium.eu\/de\/geschaft\/vet-line-de\/cbdium-vet-800-acute\/","title":{"rendered":"CBDium VET 800 acute"},"content":{"rendered":"<p>Die tier\u00e4rztliche Essenz VET 800 acute haben wir f\u00fcr Notf\u00e4lle, akute, geistige und chronische Erkrankungen bei Hunden, Katzen und weiteren S\u00e4ugetieren zusammengestellt.<\/p>\n<p>Nach dieser Essenz greifen Sie, wenn Ihr Tier Folgendes hat:<\/p>\n<ul>\n<li>eine akute Krankheit oder einen Notfall \u2013 Schmerzen, Infektionen, Entz\u00fcndungen, Durchfall, Erbrechen, Unfall, allergische Reaktionen, Parasiten, Schlaflosigkeit, Verzehr von giftigen Lebensmitteln oder Fremdk\u00f6rpern, Atemprobleme&#8230;<\/li>\n<li>emotionales Ungleichgewicht, psychische oder neurologische Erkrankungen \u2013 Nervosit\u00e4t, Angstzust\u00e4nde, depressives Verhalten, Aggressivit\u00e4t, Zwangsst\u00f6rungen, Phobien, Essst\u00f6rungen, Epilepsie, Krampfanf\u00e4lle&#8230;<\/li>\n<li>chronische Krankheiten &#8211; Arthritis, Asthma, Diabetes, Herz-, Nieren-, Haut- und Magen-Darm-Probleme&#8230;<\/li>\n<\/ul>\n<p>Das Ziel der Essenz ist es, K\u00f6rper und Geist Ihres Tieres in die Hom\u00f6ostase (Gleichgewicht) zu bringen und die Selbstheilungsprozesse in Gang zu setzen. Ein auf diese Weise versorgter K\u00f6rper sorgt daf\u00fcr, dass sich Ihr Haustier k\u00f6rperlich und geistig schneller erholt, sich sein Nervensystem beruhigt, chronische Symptome gelindert und seine allgemeine Vitalit\u00e4t gef\u00f6rdert werden.<\/p>\n<h4><strong>Kur bei einem akuten Zustand<\/strong><\/h4>\n<p>Bei Notf\u00e4llen und akuten Erkrankungen empfehlen wir eine Kur aus zwei Fl\u00e4schchen <a href=\"https:\/\/cbdium.eu\/de\/geschaft\/vet-line-de\/cbdium-vet-800-acute\/\" target=\"_blank\" rel=\"noopener\">VET 800 acute<\/a> und nach dem Aufbrauchen 1 Fl\u00e4schchen <a href=\"https:\/\/cbdium.eu\/de\/geschaft\/vet-line-de\/cbdium-vet-400-light\/\" target=\"_blank\" rel=\"noopener\">VET 400 light<\/a> zur Nachbehandlung.<\/p>\n<h4><strong>Dosierung<\/strong><\/h4>\n<p>W\u00e4hlen Sie die empfohlene Tagesdosis entsprechend dem Gewicht des Tieres:<\/p>\n<p>&lt; 5 kg \u2013 3 Tropfen t\u00e4glich<br \/>\n&lt; 10 kg \u2013 6 Tropfen t\u00e4glich<br \/>\n&lt; 15 kg und mehr \u2013 9 Tropfen t\u00e4glich<\/p>\n<p>Bei schwerwiegenderen Erkrankungen sollten Sie die Einnahme der Essenz mit dem Tierarzt konsultieren.<\/p>\n<h4><strong>Verabreichung<\/strong><\/h4>\n<p>Wir empfehlen, die Essenz auf den Handr\u00fccken zu tr\u00e4ufeln und sie vom Tier ablecken zu lassen bzw. sie auf ein Trockenfutter oder ein Leckerli zu tr\u00e4ufeln und dem Tier zum Verzehr zu geben. Einige Tiere k\u00f6nnen die Dosis durch Tropfen unter die Zunge einnehmen. Lassen Sie das Tier nach 5 Minuten fressen, um die Aufnahme von CBD zu f\u00f6rdern.<\/p>\n<h4><strong>Wirkung<\/strong><\/h4>\n<p>Wie schnell es wirkt, ist individuell. Menschen, in der Regel innerhalb weniger Tage nach Beginn der Einnahme.<\/p>\n","protected":false},"excerpt":{"rendered":"<p>CBDium VET 800 acute ist eine duale tier\u00e4rztliche \u00d6lessenz aus Bio-K\u00fcrbiskern\u00f6l und Bio-Hanfextrakt.<\/p>\n","protected":false},"featured_media":4777,"comment_status":"open","ping_status":"closed","template":"","meta":{"_acf_changed":false},"product_brand":[],"product_cat":[60],"product_tag":[],"class_list":{"0":"post-1290","1":"product","2":"type-product","3":"status-publish","4":"has-post-thumbnail","6":"product_cat-vet-line-de","8":"first","9":"instock","10":"taxable","11":"shipping-taxable","12":"purchasable","13":"product-type-simple"},"acf":[],"_links":{"self":[{"href":"https:\/\/cbdium.eu\/de\/wp-json\/wp\/v2\/product\/1290","targetHints":{"allow":["GET"]}}],"collection":[{"href":"https:\/\/cbdium.eu\/de\/wp-json\/wp\/v2\/product"}],"about":[{"href":"https:\/\/cbdium.eu\/de\/wp-json\/wp\/v2\/types\/product"}],"replies":[{"embeddable":true,"href":"https:\/\/cbdium.eu\/de\/wp-json\/wp\/v2\/comments?post=1290"}],"wp:featuredmedia":[{"embeddable":true,"href":"https:\/\/cbdium.eu\/de\/wp-json\/wp\/v2\/media\/4777"}],"wp:attachment":[{"href":"https:\/\/cbdium.eu\/de\/wp-json\/wp\/v2\/media?parent=1290"}],"wp:term":[{"taxonomy":"product_brand","embeddable":true,"href":"https:\/\/cbdium.eu\/de\/wp-json\/wp\/v2\/product_brand?post=1290"},{"taxonomy":"product_cat","embeddable":true,"href":"https:\/\/cbdium.eu\/de\/wp-json\/wp\/v2\/product_cat?post=1290"},{"taxonomy":"product_tag","embeddable":true,"href":"https:\/\/cbdium.eu\/de\/wp-json\/wp\/v2\/product_tag?post=1290"}],"curies":[{"name":"wp","href":"https:\/\/api.w.org\/{rel}","templated":true}]}}