{"id":1288,"date":"2024-01-02T16:37:28","date_gmt":"2024-01-02T15:37:28","guid":{"rendered":"https:\/\/new.cbdium.eu\/obchod\/unkategorisiert\/cbdium-300-fullspectrum\/"},"modified":"2026-02-03T18:17:39","modified_gmt":"2026-02-03T17:17:39","slug":"cbdium-300-fullspectrum","status":"publish","type":"product","link":"https:\/\/cbdium.eu\/de\/geschaft\/human-line-de\/cbdium-300-fullspectrum\/","title":{"rendered":"CBDium 300 fullspectrum"},"content":{"rendered":"<p class=\"\" data-start=\"4888\" data-end=\"5222\">Die 300\u202fmg Fullspectrum-Essenz wurde als sanfte Unterst\u00fctzung speziell f\u00fcr Kinder von 3 bis 14 Jahren sowie f\u00fcr sensible Personen entwickelt. Sie kann zur t\u00e4glichen Beruhigung, zur St\u00e4rkung des inneren Gleichgewichts und zur F\u00f6rderung der Widerstandskraft in allt\u00e4glichen Belastungssituationen beitragen.<\/p>\n<p class=\"\" data-start=\"5224\" data-end=\"5266\">Die 300\u202fmg-Potenz kann dir helfen, wenn:<\/p>\n<ul>\n<li>Sie nach einer Basisessenz zur Unterst\u00fctzung und Beruhigung des kindlichen Organismus suchen (bei dringenden und chronischen Kinderkrankheiten w\u00e4hlen Sie <a href=\"https:\/\/cbdium.eu\/de\/geschaft\/cbdium-therapy\/cbdium-urgent-fuer-kinder\/\">Urgent f\u00fcr Kinder<\/a>)<\/li>\n<li>Sie eine Basisessenz zur Unterst\u00fctzung und Beruhigung eines sensiblen K\u00f6rpers suchen, der empfindlich auf nat\u00fcrliche Heilmethoden reagiert<\/li>\n<li>Sie Krankheiten vorbeugen und Ihre Immunit\u00e4t st\u00e4rken wollen<\/li>\n<li>Sie sich von einer Krankheit oder Verletzung erholen und Ihre Genesung beschleunigen wollen<\/li>\n<li>Sie eine Besserung des Zustands nach dem Aufbrauchen von <a href=\"https:\/\/cbdium.eu\/de\/geschaft\/human-line\/cbdium-500-fullspectrum\/\">500 fullspectrum<\/a>, der Kur <a href=\"https:\/\/cbdium.eu\/de\/geschaft\/cbdium-therapy\/cbdium-urgent-fuer-kinder\/\">Urgent f\u00fcr Kinder<\/a> oder der Kur <a href=\"https:\/\/cbdium.eu\/de\/geschaft\/cbdium-therapy-de\/cbdium-immunitaet\/\">Immunit\u00e4t<\/a> sp\u00fcren und die Wirkung der Essenzen festigen wollen<\/li>\n<\/ul>\n<p class=\"\" data-start=\"5884\" data-end=\"6199\">Ziel dieser Essenz ist es, den K\u00f6rper und seine selbstregulierenden Prozesse zu unterst\u00fctzen, die zu einem besseren inneren Gleichgewicht (Hom\u00f6ostase) beitragen k\u00f6nnen. Regelm\u00e4\u00dfige Anwendung kann Selbstheilungsmechanismen aktivieren, das Immunsystem st\u00e4rken, das Nervensystem beruhigen und die Regeneration f\u00f6rdern.<\/p>\n<p><strong>Fullspectrum oder pure?<\/strong><\/p>\n<p>Bei der Einnahme von Antipsychotika, chronischem Bluthochdruck, Drogenabh\u00e4ngigkeit, in der Stillzeit oder in der Schwangerschaft sollten Sie zur THC-freien Version <a href=\"https:\/\/cbdium.eu\/de\/geschaft\/human-line-de\/cbdium-300-pure\/\">300 pure<\/a> greifen.<\/p>\n<h4><strong>Dosierung<\/strong><\/h4>\n<p>Die empfohlene Tagesdosis betr\u00e4gt 3 \u00d7 5 Tropfen. Sie k\u00f6nnen die Tagesdosis bei Bedarf in zwei Dosen aufteilen. Bei der empfohlenen Dosierung reicht ein Fl\u00e4schchen f\u00fcr etwa 2 bis 3 Wochen.<\/p>\n<p>Bei einer Verschlechterung des Zustands oder akuten Beschwerden kann die Tagesdosis einmalig um etwa 5 Tropfen pro Tag erh\u00f6ht werden (die maximale Tagesdosis betr\u00e4gt f\u00fcr die meisten Anwender 30 Tropfen pro Tag). Bei schwerwiegenderen Erkrankungen sollten Sie die Einnahme der Essenz mit Ihrem Arzt konsultieren.<\/p>\n<p>Wir empfehlen, CBDium 6 Monate lang einzunehmen, dann eine <a href=\"https:\/\/cbdium.eu\/de\/wie-man-cbdium-langfristig-einnimmt-einnahmephasen-und-21-taegige-pause-2\/\">21-t\u00e4gige Pause<\/a> einzulegen und danach noch etwa 3-6 Monate lang weiterzumachen, um die Wirkung zu festigen.<\/p>\n<h4>Verabreichung<\/h4>\n<ol>\n<li>Tropfen Sie die Essenz unter die Zunge.<\/li>\n<li>Schlie\u00dfen Sie Mund und Augen und lassen Sie es 2 Minuten wirken. Atmen Sie bewusst durch die Nase. Vier Sekunden tief einatmen, acht Sekunden langsam ausatmen. Diese \u00dcbung hilft Ihnen, sich mit dem Geschehen in Ihrem K\u00f6rper zu verbinden und einen \u00dcberblick \u00fcber Ihre Denkmuster zu gewinnen.<\/li>\n<li>Schlucken und nicht mit Fl\u00fcssigkeit nachsp\u00fclen.<\/li>\n<li>Wenn m\u00f6glich, essen Sie nach etwa 5 Minuten, um die Aufnahme von CBD zu f\u00f6rdern.<\/li>\n<\/ol>\n<p>&nbsp;<\/p>\n<p>Wenn das Kind die klassische Verabreichung ablehnt, tropfen Sie ihm die Essenz auf einen Keks, mischen Sie sie unter sein Lieblingsessen (z. B. in Joghurt) oder verabreichen Sie sie in Gelatinekapseln.<\/p>\n<h4><strong>Wirkung<\/strong><\/h4>\n<p>Wie schnell es wirkt, ist individuell. Die meisten Anwender:innen sp\u00fcren erste Effekte innerhalb von 2 bis 3 Wochen regelm\u00e4\u00dfiger Einnahme. Bei Kindern beobachten wir jedoch in der Regel einen schnelleren Wirkungseintritt.<\/p>\n","protected":false},"excerpt":{"rendered":"<p>CBDium 300 fullspectrum ist eine duale \u00d6lessenz aus Bio-K\u00fcrbis\u00f6l und Bio-Hanfextrakt.<\/p>\n","protected":false},"featured_media":6032,"comment_status":"open","ping_status":"closed","template":"","meta":{"_acf_changed":false},"product_brand":[],"product_cat":[59],"product_tag":[],"class_list":{"0":"post-1288","1":"product","2":"type-product","3":"status-publish","4":"has-post-thumbnail","6":"product_cat-human-line-de","8":"first","9":"instock","10":"taxable","11":"shipping-taxable","12":"purchasable","13":"product-type-simple"},"acf":[],"_links":{"self":[{"href":"https:\/\/cbdium.eu\/de\/wp-json\/wp\/v2\/product\/1288","targetHints":{"allow":["GET"]}}],"collection":[{"href":"https:\/\/cbdium.eu\/de\/wp-json\/wp\/v2\/product"}],"about":[{"href":"https:\/\/cbdium.eu\/de\/wp-json\/wp\/v2\/types\/product"}],"replies":[{"embeddable":true,"href":"https:\/\/cbdium.eu\/de\/wp-json\/wp\/v2\/comments?post=1288"}],"wp:featuredmedia":[{"embeddable":true,"href":"https:\/\/cbdium.eu\/de\/wp-json\/wp\/v2\/media\/6032"}],"wp:attachment":[{"href":"https:\/\/cbdium.eu\/de\/wp-json\/wp\/v2\/media?parent=1288"}],"wp:term":[{"taxonomy":"product_brand","embeddable":true,"href":"https:\/\/cbdium.eu\/de\/wp-json\/wp\/v2\/product_brand?post=1288"},{"taxonomy":"product_cat","embeddable":true,"href":"https:\/\/cbdium.eu\/de\/wp-json\/wp\/v2\/product_cat?post=1288"},{"taxonomy":"product_tag","embeddable":true,"href":"https:\/\/cbdium.eu\/de\/wp-json\/wp\/v2\/product_tag?post=1288"}],"curies":[{"name":"wp","href":"https:\/\/api.w.org\/{rel}","templated":true}]}}