{"id":1284,"date":"2024-01-20T09:46:09","date_gmt":"2024-01-20T08:46:09","guid":{"rendered":"https:\/\/new.cbdium.eu\/obchod\/unkategorisiert\/cbdium-500-fullspectrum-grape\/"},"modified":"2026-02-03T18:18:21","modified_gmt":"2026-02-03T17:18:21","slug":"cbdium-500-fullspectrum-grape","status":"publish","type":"product","link":"https:\/\/cbdium.eu\/de\/geschaft\/human-line-de\/cbdium-500-fullspectrum-grape\/","title":{"rendered":"CBDium 500 fullspectrum grape"},"content":{"rendered":"<p class=\"\" data-start=\"3354\" data-end=\"3723\">Die 500\u202fmg Fullspectrum Grape-Essenz wurde als grundlegende Unterst\u00fctzung f\u00fcr Erwachsene und Jugendliche ab 15 Jahren entwickelt. Sie kann helfen, die k\u00f6rperliche und psychische Widerstandskraft zu erhalten, die Anpassung an Stresssituationen zu erleichtern und die Regeneration nach k\u00f6rperlicher oder geistiger Belastung zu f\u00f6rdern.<\/p>\n<p class=\"\" data-start=\"3725\" data-end=\"3781\">Die 500\u202fmg-Potenz kann dir Unterst\u00fctzung bieten, wenn:<\/p>\n<ul>\n<li>Sie nach einer grundlegenden Essenz zur Unterst\u00fctzung eines relativ gesunden erwachsenen und heranwachsenden Organismus suchen<\/li>\n<li>Sie Krankheiten vorbeugen und Ihre Immunit\u00e4t st\u00e4rken wollen<\/li>\n<li>Sie sich von einer Krankheit oder Verletzung erholen und Ihre Genesung beschleunigen wollen<\/li>\n<li>Sie eine Verbesserung Ihres Zustandes nach der Einnahme von <a href=\"https:\/\/cbdium.eu\/de\/geschaft\/human-line\/cbdium-1000-fullspectrum\/\" target=\"_blank\" rel=\"noopener\">1000 fullspectrum<\/a> oder der Kur <a href=\"https:\/\/cbdium.eu\/de\/geschaft\/cbdium-therapy-de\/cbdium-geistige-gesundheit\/\" target=\"_blank\" rel=\"noopener\">Geistige Gesundheit<\/a> versp\u00fcren und die Wirkung der Essenzen beibehalten und festigen wollen<\/li>\n<li>Sie nach einer hochwertigen nat\u00fcrlichen Erg\u00e4nzung f\u00fcr einen klareren und konzentrierteren Geist, eine effektivere Arbeit mit dem K\u00f6rper, pers\u00f6nliches oder spirituelles Wachstum suchen<\/li>\n<\/ul>\n<p>Ziel dieser Essenz ist es, den K\u00f6rper und seine selbstregulierenden Prozesse zu unterst\u00fctzen, die zu mehr innerem Gleichgewicht (Hom\u00f6ostase) beitragen k\u00f6nnen. Bei regelm\u00e4\u00dfiger Anwendung kann das Immunsystem aktiviert und die Regeneration gef\u00f6rdert werden \u2013 was sich in k\u00f6rperlichem und seelischem Wohlbefinden widerspiegeln kann.<\/p>\n<h4><strong>Fullspectrum oder pure?<\/strong><\/h4>\n<p>Bei der Einnahme von Antipsychotika, chronischem Bluthochdruck, Drogenabh\u00e4ngigkeit, in der Stillzeit oder in der Schwangerschaft sollten Sie zur THC-freien Version <a href=\"https:\/\/cbdium.eu\/de\/geschaft\/human-line-de\/cbdium-500-pure\/\" target=\"_blank\" rel=\"noopener\">500 pure<\/a> greifen.<\/p>\n<h4><strong>K\u00fcrbiskern\u00f6l oder Traubenkern\u00f6l?<\/strong><\/h4>\n<ul>\n<li>W\u00e4hlen Sie Traubenkern\u00f6l im Falle einer Empfindlichkeit auf intensive Aromen oder bei einer Allergie gegen K\u00fcrbiskern\u00f6l.<\/li>\n<li>W\u00e4hlen Sie K\u00fcrbiskern\u00f6l, das eine noch bessere Aufnahme der Wirkstoffe gew\u00e4hrleistet, wenn Sie nicht empfindlich auf intensive Aromen reagieren oder eine Allergie gegen Traubenkern\u00f6l haben.<\/li>\n<\/ul>\n<p>Wenn das Prinzip der Ern\u00e4hrung nach Blutgruppen mit Ihnen resoniert, ist K\u00fcrbiskern\u00f6l besonders f\u00fcr die Blutgruppen 0 und A geeignet, Traubenkern\u00f6l ist f\u00fcr alle Blutgruppen geeignet.<\/p>\n<p>Weitere Informationen \u00fcber die Unterschiede zwischen K\u00fcrbiskern\u00f6l und Traubenkern\u00f6l finden Sie in <a href=\"https:\/\/cbdium.eu\/de\/wir-praesentieren-cbdium-mit-traubenkernoel-worin-unterscheidet-es-sich-von-kuerbiskernoel\/\">diesem Beitrag<\/a>.<\/p>\n<h4><strong>Dosierung<\/strong><\/h4>\n<p>Die empfohlene Tagesdosis betr\u00e4gt 3 \u00d7 5 Tropfen. Sie k\u00f6nnen die Tagesdosis bei Bedarf in zwei Dosen aufteilen. Bei der empfohlenen Dosierung reicht ein Fl\u00e4schchen f\u00fcr etwa 2 bis 3 Wochen.<\/p>\n<p>Bei einer Verschlechterung des Zustands oder akuten Beschwerden kann die Tagesdosis einmalig um etwa 5 Tropfen pro Tag erh\u00f6ht werden (die maximale Tagesdosis betr\u00e4gt f\u00fcr die meisten Anwender 30 Tropfen pro Tag). Bei schwerwiegenderen Erkrankungen sollten Sie die Einnahme der Essenz mit Ihrem Arzt konsultieren.<\/p>\n<p>Wir empfehlen, CBDium 6 Monate lang einzunehmen, dann eine <a href=\"https:\/\/cbdium.eu\/de\/wie-man-cbdium-langfristig-einnimmt-einnahmephasen-und-21-taegige-pause-2\/\">21-t\u00e4gige Pause<\/a> einzulegen und danach noch etwa 3-6 Monate lang weiterzumachen, um die Wirkung zu festigen.<\/p>\n<h4><strong>Verabreichung<\/strong><\/h4>\n<ol>\n<li>Tropfen Sie die Essenz unter die Zunge.<\/li>\n<li>Schlie\u00dfen Sie Mund und Augen und lassen Sie es 2 Minuten wirken. Atmen Sie bewusst durch die Nase. Vier Sekunden tief einatmen, acht Sekunden langsam ausatmen. Diese \u00dcbung hilft Ihnen, sich mit dem Geschehen in Ihrem K\u00f6rper zu verbinden und einen \u00dcberblick \u00fcber Ihre Denkmuster zu gewinnen.<\/li>\n<li>Schlucken und nicht mit Fl\u00fcssigkeit nachsp\u00fclen.<\/li>\n<li>Wenn m\u00f6glich, essen Sie nach etwa 5 Minuten, um die Aufnahme von CBD zu f\u00f6rdern.<\/li>\n<\/ol>\n<h4><strong>Wirkung<\/strong><\/h4>\n<p>Wie schnell es wirkt, ist individuell. Die meisten unserer Anwender:innen sp\u00fcren eine Verbesserung innerhalb von 2 bis 3 Wochen regelm\u00e4\u00dfiger Anwendung.<\/p>\n","protected":false},"excerpt":{"rendered":"<p>CBDium 500 fullspectrum ist eine duale \u00d6lessenz aus Bio-K\u00fcrbis- oder Traubenkern\u00f6l und Bio-Hanfextrakt.<\/p>\n","protected":false},"featured_media":4732,"comment_status":"open","ping_status":"closed","template":"","meta":{"_acf_changed":false},"product_brand":[],"product_cat":[59],"product_tag":[],"class_list":{"0":"post-1284","1":"product","2":"type-product","3":"status-publish","4":"has-post-thumbnail","6":"product_cat-human-line-de","8":"first","9":"instock","10":"taxable","11":"shipping-taxable","12":"purchasable","13":"product-type-simple"},"acf":[],"_links":{"self":[{"href":"https:\/\/cbdium.eu\/de\/wp-json\/wp\/v2\/product\/1284","targetHints":{"allow":["GET"]}}],"collection":[{"href":"https:\/\/cbdium.eu\/de\/wp-json\/wp\/v2\/product"}],"about":[{"href":"https:\/\/cbdium.eu\/de\/wp-json\/wp\/v2\/types\/product"}],"replies":[{"embeddable":true,"href":"https:\/\/cbdium.eu\/de\/wp-json\/wp\/v2\/comments?post=1284"}],"wp:featuredmedia":[{"embeddable":true,"href":"https:\/\/cbdium.eu\/de\/wp-json\/wp\/v2\/media\/4732"}],"wp:attachment":[{"href":"https:\/\/cbdium.eu\/de\/wp-json\/wp\/v2\/media?parent=1284"}],"wp:term":[{"taxonomy":"product_brand","embeddable":true,"href":"https:\/\/cbdium.eu\/de\/wp-json\/wp\/v2\/product_brand?post=1284"},{"taxonomy":"product_cat","embeddable":true,"href":"https:\/\/cbdium.eu\/de\/wp-json\/wp\/v2\/product_cat?post=1284"},{"taxonomy":"product_tag","embeddable":true,"href":"https:\/\/cbdium.eu\/de\/wp-json\/wp\/v2\/product_tag?post=1284"}],"curies":[{"name":"wp","href":"https:\/\/api.w.org\/{rel}","templated":true}]}}