{"id":1280,"date":"2024-01-05T15:21:08","date_gmt":"2024-01-05T14:21:08","guid":{"rendered":"https:\/\/new.cbdium.eu\/obchod\/unkategorisiert\/cbdium-1000-pure\/"},"modified":"2026-02-03T18:19:26","modified_gmt":"2026-02-03T17:19:26","slug":"cbdium-1000-pure","status":"publish","type":"product","link":"https:\/\/cbdium.eu\/de\/geschaft\/human-line-de\/cbdium-1000-pure\/","title":{"rendered":"CBDium 1000 pure"},"content":{"rendered":"<p class=\"\" data-start=\"125\" data-end=\"502\">Die 1000\u202fmg Pure-Essenz wurde als intensivere Unterst\u00fctzung f\u00fcr aktive Menschen mit einem hektischen Lebensstil entwickelt \u2013 ebenso wie f\u00fcr jene, die langfristig unter k\u00f6rperlichem Unwohlsein oder psychischer Anspannung leiden. Sie eignet sich ideal als Teil der t\u00e4glichen Selbstf\u00fcrsorge in Phasen von Ersch\u00f6pfung, innerer Unruhe oder erh\u00f6hter Belastung.<\/p>\n<p class=\"\" data-start=\"504\" data-end=\"561\">Die 1000\u202fmg-Potenz kann dir Unterst\u00fctzung bieten, wenn:<\/p>\n<ul>\n<li>Sie sich \u00fcber einen l\u00e4ngeren Zeitraum m\u00fcde, gestresst, abgelenkt, unkonzentriert, \u00e4ngstlich oder hyperaktiv f\u00fchlen<\/li>\n<li>Sie eine Arbeit oder T\u00e4tigkeit aus\u00fcben, die ein hohes Ma\u00df an k\u00f6rperlichem oder geistigem Einsatz erfordert<\/li>\n<li>Sie eine akute Krankheit haben \u2013 Grippe, Husten, Infektion, Entz\u00fcndung, Viruserkrankung&#8230;<\/li>\n<li>Ihnen eine psychiatrische oder neurologische Erkrankung diagnostiziert wurde \u2013 z. B. Ihnen eine psychiatrische oder neurologische Erkrankung diagnostiziert wurde \u2013 z. B. eine Angstzust\u00e4nde, Panikattacken, Depression, Essst\u00f6rung, Epilepsie, ADHS&#8230;<\/li>\n<li>Sie eine mittelschwere chronische Erkrankung haben und Ihre Symptome lindern oder stabilisieren m\u00f6chten \u2013 Asthma, Ekzeme, Allergien, Unvertr\u00e4glichkeiten, Akne, Reflux, Reizdarmsyndrom, Kopfschmerzen&#8230;<\/li>\n<\/ul>\n<p class=\"\" data-start=\"1244\" data-end=\"1568\">Ziel dieser Essenz ist es, den K\u00f6rper und seine selbstregulierenden Prozesse zu unterst\u00fctzen, die zu einem besseren inneren Gleichgewicht (Hom\u00f6ostase) beitragen k\u00f6nnen. Ein so gest\u00e4rkter Organismus kann mehr Gelassenheit, Konzentration, Klarheit, schnellere Regeneration und eine bessere Lebens- und Arbeitsqualit\u00e4t f\u00f6rdern.<\/p>\n<h4><strong>Fullspectrum oder pure?<\/strong><\/h4>\n<p>Die THC-freien Essenzen pure werden besonders bei der Einnahme von Antipsychotika, chronisch hohem Blutdruck, Drogenabh\u00e4ngigkeit, beim Stillen oder in der Schwangerschaft empfohlen. Wenn diese Umst\u00e4nde nicht auf Sie zutreffen, greifen Sie zur Version <a href=\"https:\/\/cbdium.eu\/de\/geschaft\/human-line\/cbdium-1000-fullspectrum\/\">1000 fullspectrum<\/a>, die THC in der gesetzlich zul\u00e4ssigen Menge enth\u00e4lt. THC verst\u00e4rkt die Wirkung der Essenzen.<\/p>\n<h4><strong>Dosierung<\/strong><\/h4>\n<p>Die empfohlene Tagesdosis betr\u00e4gt 3 \u00d7 5 Tropfen. Sie k\u00f6nnen die Tagesdosis bei Bedarf in zwei Dosen aufteilen. Bei der empfohlenen Dosierung reicht ein Fl\u00e4schchen f\u00fcr etwa 2 bis 3 Wochen.<\/p>\n<p>Bei einer Verschlechterung des Zustands oder akuten Beschwerden kann die Tagesdosis einmalig um etwa 5 Tropfen pro Tag erh\u00f6ht werden (die maximale Tagesdosis betr\u00e4gt f\u00fcr die meisten Anwender 30 Tropfen pro Tag). Bei schwerwiegenderen Erkrankungen sollten Sie die Einnahme der Essenz mit Ihrem Arzt konsultieren.<\/p>\n<p>Wir empfehlen, CBDium 6 Monate lang einzunehmen, dann eine <a href=\"https:\/\/cbdium.eu\/de\/wie-man-cbdium-langfristig-einnimmt-einnahmephasen-und-21-taegige-pause-2\/\">21-t\u00e4gige Pause<\/a> einzulegen und danach noch etwa 3-6 Monate lang weiterzumachen, um die Wirkung zu festigen.<\/p>\n<h4><strong>Verabreichung<\/strong><\/h4>\n<ol>\n<li>Tropfen Sie die Essenz unter die Zunge.<\/li>\n<li>Schlie\u00dfen Sie Mund und Augen und lassen Sie es 2 Minuten wirken. Atmen Sie bewusst durch die Nase. Vier Sekunden tief einatmen, acht Sekunden langsam ausatmen. Diese \u00dcbung hilft Ihnen, sich mit dem Geschehen in Ihrem K\u00f6rper zu verbinden und einen \u00dcberblick \u00fcber Ihre Denkmuster zu gewinnen.<\/li>\n<li>Schlucken und nicht mit Fl\u00fcssigkeit nachsp\u00fclen.<\/li>\n<li>Wenn m\u00f6glich, essen Sie nach etwa 5 Minuten, um die Aufnahme von CBD zu f\u00f6rdern.<\/li>\n<\/ol>\n<h4><strong>Wirkung<\/strong><\/h4>\n<p>Wie schnell es wirkt, ist individuell. Die meisten unserer Anwender:innen sp\u00fcren erste Effekte nach etwa 2 bis 3 Wochen regelm\u00e4\u00dfiger Anwendung.<\/p>\n","protected":false},"excerpt":{"rendered":"<p>CBDium 1000 pure ist eine duale \u00d6lessenz aus Bio-K\u00fcrbiskern\u00f6l und Bio-Hanfextrakt.<\/p>\n","protected":false},"featured_media":4753,"comment_status":"open","ping_status":"closed","template":"","meta":{"_acf_changed":false},"product_brand":[],"product_cat":[59],"product_tag":[],"class_list":{"0":"post-1280","1":"product","2":"type-product","3":"status-publish","4":"has-post-thumbnail","6":"product_cat-human-line-de","8":"first","9":"instock","10":"taxable","11":"shipping-taxable","12":"purchasable","13":"product-type-simple"},"acf":[],"_links":{"self":[{"href":"https:\/\/cbdium.eu\/de\/wp-json\/wp\/v2\/product\/1280","targetHints":{"allow":["GET"]}}],"collection":[{"href":"https:\/\/cbdium.eu\/de\/wp-json\/wp\/v2\/product"}],"about":[{"href":"https:\/\/cbdium.eu\/de\/wp-json\/wp\/v2\/types\/product"}],"replies":[{"embeddable":true,"href":"https:\/\/cbdium.eu\/de\/wp-json\/wp\/v2\/comments?post=1280"}],"wp:featuredmedia":[{"embeddable":true,"href":"https:\/\/cbdium.eu\/de\/wp-json\/wp\/v2\/media\/4753"}],"wp:attachment":[{"href":"https:\/\/cbdium.eu\/de\/wp-json\/wp\/v2\/media?parent=1280"}],"wp:term":[{"taxonomy":"product_brand","embeddable":true,"href":"https:\/\/cbdium.eu\/de\/wp-json\/wp\/v2\/product_brand?post=1280"},{"taxonomy":"product_cat","embeddable":true,"href":"https:\/\/cbdium.eu\/de\/wp-json\/wp\/v2\/product_cat?post=1280"},{"taxonomy":"product_tag","embeddable":true,"href":"https:\/\/cbdium.eu\/de\/wp-json\/wp\/v2\/product_tag?post=1280"}],"curies":[{"name":"wp","href":"https:\/\/api.w.org\/{rel}","templated":true}]}}