{"id":1270,"date":"2024-01-19T13:56:56","date_gmt":"2024-01-19T12:56:56","guid":{"rendered":"https:\/\/new.cbdium.eu\/obchod\/unkategorisiert\/cbdium-urgent-fuer-kinder\/"},"modified":"2026-02-03T18:21:08","modified_gmt":"2026-02-03T17:21:08","slug":"cbdium-urgent-fuer-kinder","status":"publish","type":"product","link":"https:\/\/cbdium.eu\/de\/geschaft\/cbdium-therapy-de\/cbdium-urgent-fuer-kinder\/","title":{"rendered":"CBDium Urgent f\u00fcr Kinder"},"content":{"rendered":"<p>Wir haben Urgent f\u00fcr Kinder f\u00fcr Kinder im Alter von 3 bis 14 Jahren bei akuten, chronischen oder psychischen Erkrankungen oder zur Unterst\u00fctzung in einer schwierigen Zeit zusammengestellt. F\u00fcr dringende F\u00e4lle im Alter von 15 bis 18 Jahren empfehlen wir die Kur <a href=\"https:\/\/cbdium.eu\/de\/geschaft\/cbdium-therapy-de\/cbdium-immunitaet\/\" target=\"_blank\" rel=\"noopener\">Immunit\u00e4t<\/a>.<\/p>\n<p>Nach dieser Kur greifen Sie, wenn Ihr Kind:<\/p>\n<ul>\n<li>eine akute Krankheit oder ein dringendes Problem hat \u2013 Grippe, COVID, Infektion, Entz\u00fcndung, Viruserkrankung, Migr\u00e4ne, Hitzschlag&#8230;<\/li>\n<li>eine ernsthaftere Verletzung erlitten hat \u2013 eine Fraktur, Verrenkung, Verbrennung, Blutverlust, Verletzung innerer Organe&#8230;<\/li>\n<li>eine schwierige Zeit in seinem Leben durchmacht \u2013 Schulprobleme, Familien- und Beziehungsprobleme, gro\u00dfe Ver\u00e4nderungen, Verlust eines geliebten Menschen, ein traumatisches Ereignis&#8230;<\/li>\n<li>eine chronische Krankheit hat \u2013 Asthma, Epilepsie, Autoimmunerkrankungen, chronische Entz\u00fcndungen oder Infektionen&#8230;<\/li>\n<li>Konzentrationsprobleme hat, \u00e4ngstlich ist, Panikattacken oder eine diagnostizierte psychische Krankheit hat &#8211; ADHS, Verhaltensst\u00f6rungen, Depression, Zwangsst\u00f6rung, Essst\u00f6rung&#8230;<\/li>\n<\/ul>\n<p>Ziel der Behandlung ist es, die Selbstheilungsprozesse des K\u00f6rpers effizienter zu gestalten und ihn in eine gr\u00f6\u00dftm\u00f6gliche Hom\u00f6ostase (Gleichgewicht) zu bringen. Ein auf diese Weise versorgter K\u00f6rper sorgt bei Ihrem Kind f\u00fcr eine schnellere k\u00f6rperliche und geistige Genesung, eine Stabilisierung oder Linderung chronischer Symptome und eine bessere Qualit\u00e4t des Alltags.<\/p>\n<h4><strong>Fullspectrum oder pure?<\/strong><\/h4>\n<p>Im Falle der Einnahme von Antipsychotika, bei chronisch hohem Blutdruck oder Drogenabh\u00e4ngigkeit greifen Sie zur <a href=\"https:\/\/cbdium.eu\/de\/geschaft\/human-line-de\/cbdium-500-pure\/\" target=\"_blank\" rel=\"noopener\">500 pure<\/a> und <a href=\"https:\/\/cbdium.eu\/de\/geschaft\/human-line-de\/cbdium-300-pure\/\" target=\"_blank\" rel=\"noopener\">300 pure<\/a> Version ohne THC-Gehalt.<\/p>\n<h4><strong>K\u00fcrbiskern\u00f6l oder Traubenkern\u00f6l?<\/strong><\/h4>\n<p>Wenn Sie empfindlich auf intensiven Geschmack reagieren oder eine Allergie gegen K\u00fcrbiskern\u00f6l haben, greifen Sie zu <a href=\"https:\/\/cbdium.eu\/de\/geschaft\/human-line-de\/cbdium-500-fullspectrum-grape\/\" target=\"_blank\" rel=\"noopener\">500 fullspectrum grape<\/a> mit Traubenkern\u00f6l, das einen milderen Geschmack und eine leichtere Konsistenz aufweist.<\/p>\n<h4><strong>Dosierung<\/strong><\/h4>\n<p>Beginnen Sie die Kurbehandlung Urgent mit der Potenz <a href=\"https:\/\/cbdium.eu\/de\/geschaft\/human-line\/cbdium-500-fullspectrum\/\" target=\"_blank\" rel=\"noopener\">500 fullspectrum<\/a> und nach dem Aufbrauchen fahren Sie mit den Essenzen <a href=\"https:\/\/cbdium.eu\/de\/geschaft\/human-line-de\/cbdium-300-fullspectrum\/\" target=\"_blank\" rel=\"noopener\">300 fullspectrum<\/a> fort. Die empfohlene Tagesdosis betr\u00e4gt 3 \u00d7 5 Tropfen. Sie k\u00f6nnen die Tagesdosis bei Bedarf in zwei Dosen aufteilen. Bei der empfohlenen Dosierung reicht ein Fl\u00e4schchen f\u00fcr etwa 2 bis 3 Wochen.<\/p>\n<p>Bei einer Verschlechterung des Zustands oder akuten Beschwerden kann die Tagesdosis einmalig um etwa 5 Tropfen pro Tag erh\u00f6ht werden (die maximale Tagesdosis betr\u00e4gt f\u00fcr die meisten Anwender 30 Tropfen pro Tag). Bei schwerwiegenderen Erkrankungen sollten Sie die Einnahme der Essenz mit Ihrem Arzt konsultieren.<\/p>\n<p>Wir empfehlen, CBDium 6 Monate lang einzunehmen, dann eine <a href=\"https:\/\/cbdium.eu\/de\/wie-man-cbdium-langfristig-einnimmt-einnahmephasen-und-21-taegige-pause-2\/\">21-t\u00e4gige Pause<\/a> einzulegen und danach noch etwa 3-6 Monate lang weiterzumachen, um die Wirkung zu festigen.<\/p>\n<h4><strong>Verabreichung<\/strong><\/h4>\n<ol>\n<li>Tropfen Sie die Essenz unter die Zunge.<\/li>\n<li>Lassen Sie sie 2 Minuten absorbieren und g\u00f6nnen Sie sich, wenn m\u00f6glich, mit Ihrem Kind eine 2-min\u00fctige Atem\u00fcbung: 4 Sekunden einatmen, 8 Sekunden ausatmen.<\/li>\n<li>Schlucken und nicht mit Fl\u00fcssigkeit nachsp\u00fclen.<\/li>\n<li>Wenn m\u00f6glich, lassen Sie das Kind nach etwa 5 Minuten essen, um die Aufnahme von CBD zu f\u00f6rdern.<\/li>\n<\/ol>\n<p>&nbsp;<\/p>\n<p>Wenn das Kind die klassische Verabreichung ablehnt, tropfen Sie ihm die Essenz auf einen Keks, mischen Sie sie unter sein Lieblingsessen (z. B. in Joghurt) oder verabreichen Sie sie in Gelatinekapseln.<\/p>\n<h4><strong>Wirkung<\/strong><\/h4>\n<p>Wie schnell es wirkt, ist individuell. Unserer Erfahrung nach \u00e4u\u00dfern sich die ersten Wirkungen nach etwa 3 Wochen der empfohlenen regelm\u00e4\u00dfigen Einnahme. Bei Kindern beobachten wir jedoch in der Regel einen schnelleren Wirkungseintritt.<\/p>\n","protected":false},"excerpt":{"rendered":"<p>Die Kur Urgent f\u00fcr Kinder ist ein Dreierpack \u00d6le 500 und 2 \u00d7 300 fullspectrum. CBDium sind duale \u00d6l-Essenzen aus Bio-K\u00fcrbiskern\u00f6l und Bio-Hanfextrakt.<\/p>\n","protected":false},"featured_media":4817,"comment_status":"open","ping_status":"closed","template":"","meta":{"_acf_changed":false},"product_brand":[],"product_cat":[58],"product_tag":[],"class_list":{"0":"post-1270","1":"product","2":"type-product","3":"status-publish","4":"has-post-thumbnail","6":"product_cat-cbdium-therapy-de","8":"first","9":"instock","10":"taxable","11":"shipping-taxable","12":"purchasable","13":"product-type-simple"},"acf":[],"_links":{"self":[{"href":"https:\/\/cbdium.eu\/de\/wp-json\/wp\/v2\/product\/1270","targetHints":{"allow":["GET"]}}],"collection":[{"href":"https:\/\/cbdium.eu\/de\/wp-json\/wp\/v2\/product"}],"about":[{"href":"https:\/\/cbdium.eu\/de\/wp-json\/wp\/v2\/types\/product"}],"replies":[{"embeddable":true,"href":"https:\/\/cbdium.eu\/de\/wp-json\/wp\/v2\/comments?post=1270"}],"wp:featuredmedia":[{"embeddable":true,"href":"https:\/\/cbdium.eu\/de\/wp-json\/wp\/v2\/media\/4817"}],"wp:attachment":[{"href":"https:\/\/cbdium.eu\/de\/wp-json\/wp\/v2\/media?parent=1270"}],"wp:term":[{"taxonomy":"product_brand","embeddable":true,"href":"https:\/\/cbdium.eu\/de\/wp-json\/wp\/v2\/product_brand?post=1270"},{"taxonomy":"product_cat","embeddable":true,"href":"https:\/\/cbdium.eu\/de\/wp-json\/wp\/v2\/product_cat?post=1270"},{"taxonomy":"product_tag","embeddable":true,"href":"https:\/\/cbdium.eu\/de\/wp-json\/wp\/v2\/product_tag?post=1270"}],"curies":[{"name":"wp","href":"https:\/\/api.w.org\/{rel}","templated":true}]}}