{"id":1269,"date":"2024-01-17T12:29:29","date_gmt":"2024-01-17T11:29:29","guid":{"rendered":"https:\/\/new.cbdium.eu\/obchod\/unkategorisiert\/cbdium-immunitaet\/"},"modified":"2026-02-03T18:21:14","modified_gmt":"2026-02-03T17:21:14","slug":"cbdium-immunitaet","status":"publish","type":"product","link":"https:\/\/cbdium.eu\/de\/geschaft\/cbdium-therapy-de\/cbdium-immunitaet\/","title":{"rendered":"CBDium Immunit\u00e4t"},"content":{"rendered":"<p>Die Kur Immunit\u00e4t haben wir f\u00fcr Menschen zusammengestellt, die mit unseren Essenzen beginnen, oder f\u00fcr solche, die ihre Abwehrkr\u00e4fte und ihr allgemeines Wohlbefinden st\u00e4rken wollen.<\/p>\n<p>Nach dieser Kur greifen Sie, wenn:<\/p>\n<ul>\n<li>Sie mit CBDium beginnen<\/li>\n<li>Sie Krankheiten vorbeugen und ein starkes Immunsystem aufbauen wollen<\/li>\n<li>Sie eine mittelschwere chronische Erkrankung haben und Ihre Symptome lindern oder stabilisieren m\u00f6chten \u2013 Asthma, Ekzeme, Allergien, Unvertr\u00e4glichkeiten, Akne, Reflux, Reizdarmsyndrom, Kopfschmerzen&#8230;<\/li>\n<li>Sie nach einer hochwertigen nat\u00fcrlichen Erg\u00e4nzung f\u00fcr einen klareren und konzentrierteren Geist, eine effektivere Arbeit mit dem K\u00f6rper, pers\u00f6nliches oder spirituelles Wachstum suchen<\/li>\n<\/ul>\n<p>Ziel der Kurbehandlung ist es, Ihren K\u00f6rper und Geist in die Hom\u00f6ostase (Gleichgewicht) zu bringen, Ihr Immunsystem zu st\u00e4rken, chronische Erscheinungen zu bew\u00e4ltigen und neue Potenziale in Ihrer k\u00f6rperlichen und geistigen Leistungsf\u00e4higkeit zu erschlie\u00dfen.<\/p>\n<h4><strong>Fullspectrum oder pure?<\/strong><\/h4>\n<p>Bei der Einnahme von Antipsychotika, chronischem Bluthochdruck, Drogenabh\u00e4ngigkeit, in der Stillzeit oder in der Schwangerschaft sollten Sie zur THC-freien Version <a href=\"https:\/\/cbdium.eu\/de\/geschaft\/human-line-de\/cbdium-1000-pure\/\" target=\"_blank\" rel=\"noopener\">1000 pure<\/a> oder <a href=\"https:\/\/cbdium.eu\/de\/geschaft\/human-line-de\/cbdium-500-pure\/\" target=\"_blank\" rel=\"noopener\">500 pure<\/a> greifen.<\/p>\n<h4><strong>Dosierung<\/strong><\/h4>\n<p>Beginnen Sie die Kurbehandlung Immunit\u00e4t mit der Potenz <a href=\"https:\/\/cbdium.eu\/de\/geschaft\/human-line\/cbdium-1000-fullspectrum\/\" target=\"_blank\" rel=\"noopener\">1000 fullspectrum<\/a> und nach dem Aufbrauchen fahren Sie mit den Essenzen <a href=\"https:\/\/cbdium.eu\/de\/geschaft\/human-line\/cbdium-500-fullspectrum\/\" target=\"_blank\" rel=\"noopener\">500 fullspectrum<\/a> fort. Die empfohlene Tagesdosis betr\u00e4gt 3 \u00d7 5 Tropfen. Sie k\u00f6nnen die Tagesdosis bei Bedarf in zwei Dosen aufteilen. Bei der empfohlenen Dosierung reicht ein Fl\u00e4schchen f\u00fcr etwa 2 bis 3 Wochen.<\/p>\n<p>Bei einer Verschlechterung des Zustands oder akuten Beschwerden kann die Tagesdosis einmalig um etwa 5 Tropfen pro Tag erh\u00f6ht werden (die maximale Tagesdosis betr\u00e4gt f\u00fcr die meisten Anwender 30 Tropfen pro Tag). Bei schwerwiegenderen Erkrankungen sollten Sie die Einnahme der Essenz mit Ihrem Arzt konsultieren.<\/p>\n<p>Wir empfehlen, CBDium 6 Monate lang einzunehmen, dann eine <a href=\"https:\/\/cbdium.eu\/de\/wie-man-cbdium-langfristig-einnimmt-einnahmephasen-und-21-taegige-pause-2\/\">21-t\u00e4gige Pause<\/a> einzulegen und danach noch etwa 3-6 Monate lang weiterzumachen, um die Wirkung zu festigen.<\/p>\n<h4><strong>Verabreichung<\/strong><\/h4>\n<ol>\n<li>Tropfen Sie die Essenz unter die Zunge.<\/li>\n<li>Schlie\u00dfen Sie Mund und Augen und lassen Sie es 2 Minuten wirken. Atmen Sie bewusst durch die Nase. Vier Sekunden tief einatmen, acht Sekunden langsam ausatmen. Diese \u00dcbung hilft Ihnen, sich mit dem Geschehen in Ihrem K\u00f6rper zu verbinden und einen \u00dcberblick \u00fcber Ihre Denkmuster zu gewinnen.<\/li>\n<li>Schlucken und nicht mit Fl\u00fcssigkeit nachsp\u00fclen.<\/li>\n<li>Wenn m\u00f6glich, essen Sie nach etwa 5 Minuten, um die Aufnahme von CBD zu f\u00f6rdern.<\/li>\n<\/ol>\n<h4><strong>Wirkung<\/strong><\/h4>\n<p>Wie schnell es wirkt, ist individuell. Unserer Erfahrung nach \u00e4u\u00dfern sich die ersten Wirkungen nach etwa 3 Wochen der empfohlenen regelm\u00e4\u00dfigen Einnahme.<\/p>\n","protected":false},"excerpt":{"rendered":"<p>Die Kur Immunit\u00e4t ist ein Dreierpack \u00d6le 1000 fullspectrum und 2 \u00d7 500 fullspectrum. CBDium sind duale \u00d6l-Essenzen aus Bio-K\u00fcrbiskern\u00f6l und Bio-Hanfextrakt.<\/p>\n","protected":false},"featured_media":4813,"comment_status":"open","ping_status":"closed","template":"","meta":{"_acf_changed":false},"product_brand":[],"product_cat":[58],"product_tag":[],"class_list":{"0":"post-1269","1":"product","2":"type-product","3":"status-publish","4":"has-post-thumbnail","6":"product_cat-cbdium-therapy-de","8":"first","9":"instock","10":"taxable","11":"shipping-taxable","12":"purchasable","13":"product-type-simple"},"acf":[],"_links":{"self":[{"href":"https:\/\/cbdium.eu\/de\/wp-json\/wp\/v2\/product\/1269","targetHints":{"allow":["GET"]}}],"collection":[{"href":"https:\/\/cbdium.eu\/de\/wp-json\/wp\/v2\/product"}],"about":[{"href":"https:\/\/cbdium.eu\/de\/wp-json\/wp\/v2\/types\/product"}],"replies":[{"embeddable":true,"href":"https:\/\/cbdium.eu\/de\/wp-json\/wp\/v2\/comments?post=1269"}],"wp:featuredmedia":[{"embeddable":true,"href":"https:\/\/cbdium.eu\/de\/wp-json\/wp\/v2\/media\/4813"}],"wp:attachment":[{"href":"https:\/\/cbdium.eu\/de\/wp-json\/wp\/v2\/media?parent=1269"}],"wp:term":[{"taxonomy":"product_brand","embeddable":true,"href":"https:\/\/cbdium.eu\/de\/wp-json\/wp\/v2\/product_brand?post=1269"},{"taxonomy":"product_cat","embeddable":true,"href":"https:\/\/cbdium.eu\/de\/wp-json\/wp\/v2\/product_cat?post=1269"},{"taxonomy":"product_tag","embeddable":true,"href":"https:\/\/cbdium.eu\/de\/wp-json\/wp\/v2\/product_tag?post=1269"}],"curies":[{"name":"wp","href":"https:\/\/api.w.org\/{rel}","templated":true}]}}