{"id":1268,"date":"2024-01-18T13:22:35","date_gmt":"2024-01-18T12:22:35","guid":{"rendered":"https:\/\/new.cbdium.eu\/obchod\/unkategorisiert\/cbdium-schlaf\/"},"modified":"2026-02-03T18:21:24","modified_gmt":"2026-02-03T17:21:24","slug":"cbdium-schlaf","status":"publish","type":"product","link":"https:\/\/cbdium.eu\/de\/geschaft\/cbdium-therapy-de\/cbdium-schlaf\/","title":{"rendered":"CBDium Schlaf"},"content":{"rendered":"<p>Die Kur Schlaf haben wir f\u00fcr Menschen zusammengestellt, die unter Schlaflosigkeit, einem unruhigen Geist vor dem Schlafengehen, einem leichten Schlaf oder unter dem Syndrom der unruhigen Beine leiden.<\/p>\n<p>Nach dieser Kur greifen Sie, wenn:<\/p>\n<ul>\n<li>Sie unter akuter oder chronischer Schlaflosigkeit leiden<\/li>\n<li>wegen st\u00e4ndig umherschweifender Gedanken Einschlafprobleme haben<\/li>\n<li>Sie nachts h\u00e4ufig und leicht aufwachen und sich oft hin und her w\u00e4lzen<\/li>\n<li>Sie beim Einschlafen ein unangenehmes Gef\u00fchl in den Beinen und das Bed\u00fcrfnis haben, die Beine zu bewegen<\/li>\n<li>Sie m\u00fcde aufwachen und tags\u00fcber keine Energie haben<\/li>\n<\/ul>\n<p>Das Ziel der Behandlung ist es, K\u00f6rper und Geist in die Hom\u00f6ostase (Gleichgewicht) zu bringen, sie vor dem Schlaf zu entspannen und ihnen gleichzeitig die fehlende Energie f\u00fcr den Tag zu geben. Die Verbesserung der Schlafqualit\u00e4t ist die h\u00e4ufigste positive Wirkung, die Kunden bei der Einnahme unserer Essenzen erfahren.<\/p>\n<h4><strong>Dosierung<\/strong><\/h4>\n<p>Bei der Kurbehandlung Schlaf nehmen Sie morgens (5 Tropfen) und mittags (5 Tropfen) die Essenz <a href=\"https:\/\/cbdium.eu\/de\/geschaft\/human-line\/cbdium-1000-fullspectrum\/\" target=\"_blank\" rel=\"noopener\">1000 fullspectrum<\/a> und abends vor dem Schlafengehen die Essenz <a href=\"https:\/\/cbdium.eu\/de\/geschaft\/human-line-de\/cbdium-1000-pure\/\" target=\"_blank\" rel=\"noopener\">1000 pure<\/a> (7 Tropfen). Nach dem Aufbrauchen von 1000 fullspectrum fahren Sie mit der Einnahme der Essenz 1000 pure abends vor dem Schlafengehen (1 \u00d7 10 Tropfen) fort.<\/p>\n<p>Bei einer Verschlechterung des Zustands oder akuten Beschwerden kann die Tagesdosis einmalig um etwa 5 Tropfen pro Tag erh\u00f6ht werden (die maximale Tagesdosis betr\u00e4gt f\u00fcr die meisten Anwender 30 Tropfen pro Tag). Bei schwerwiegenderen Erkrankungen sollten Sie die Einnahme der Essenz mit Ihrem Arzt konsultieren.<\/p>\n<p>Wir empfehlen, CBDium 6 Monate lang einzunehmen, dann eine <a href=\"https:\/\/cbdium.eu\/de\/wie-man-cbdium-langfristig-einnimmt-einnahmephasen-und-21-taegige-pause-2\/\">21-t\u00e4gige Pause<\/a> einzulegen und danach noch etwa 3-6 Monate lang weiterzumachen, um die Wirkung zu festigen.<\/p>\n<h4><strong>Verabreichung<\/strong><\/h4>\n<ol>\n<li>Tropfen Sie die Essenz unter die Zunge.<\/li>\n<li>Schlie\u00dfen Sie Mund und Augen und lassen Sie es 2 Minuten wirken. Atmen Sie bewusst durch die Nase. Vier Sekunden tief einatmen, acht Sekunden langsam ausatmen. Diese \u00dcbung hilft Ihnen, sich mit dem Geschehen in Ihrem K\u00f6rper zu verbinden und einen \u00dcberblick \u00fcber Ihre Denkmuster zu gewinnen.<\/li>\n<li>Schlucken und nicht mit Fl\u00fcssigkeit nachsp\u00fclen.<\/li>\n<li>Wenn m\u00f6glich, sollten Sie bei der Einnahme von 1000 fullspectrum w\u00e4hrend des Tages innerhalb von 5 Minuten nach der Einnahme etwas essen, um die Aufnahme von CBD zu f\u00f6rdern.<\/li>\n<\/ol>\n<h4><strong>Wirkung<\/strong><\/h4>\n<p>Wie schnell es wirkt, ist individuell. Unserer Erfahrung nach \u00e4u\u00dfern sich die ersten Wirkungen nach etwa 3 Wochen der empfohlenen regelm\u00e4\u00dfigen Einnahme.<\/p>\n","protected":false},"excerpt":{"rendered":"<p>Die Kur Schlaf ist ein Dreierpack \u00d6le 2 \u00d7 1000 pure und 1 \u00d7 1000 fullspectrum. CBDium sind duale \u00d6l-Essenzen aus Bio-K\u00fcrbiskern\u00f6l und Bio-Hanfextrakt.<\/p>\n","protected":false},"featured_media":4825,"comment_status":"open","ping_status":"closed","template":"","meta":{"_acf_changed":false},"product_brand":[],"product_cat":[58],"product_tag":[],"class_list":{"0":"post-1268","1":"product","2":"type-product","3":"status-publish","4":"has-post-thumbnail","6":"product_cat-cbdium-therapy-de","8":"first","9":"instock","10":"taxable","11":"shipping-taxable","12":"purchasable","13":"product-type-simple"},"acf":[],"_links":{"self":[{"href":"https:\/\/cbdium.eu\/de\/wp-json\/wp\/v2\/product\/1268","targetHints":{"allow":["GET"]}}],"collection":[{"href":"https:\/\/cbdium.eu\/de\/wp-json\/wp\/v2\/product"}],"about":[{"href":"https:\/\/cbdium.eu\/de\/wp-json\/wp\/v2\/types\/product"}],"replies":[{"embeddable":true,"href":"https:\/\/cbdium.eu\/de\/wp-json\/wp\/v2\/comments?post=1268"}],"wp:featuredmedia":[{"embeddable":true,"href":"https:\/\/cbdium.eu\/de\/wp-json\/wp\/v2\/media\/4825"}],"wp:attachment":[{"href":"https:\/\/cbdium.eu\/de\/wp-json\/wp\/v2\/media?parent=1268"}],"wp:term":[{"taxonomy":"product_brand","embeddable":true,"href":"https:\/\/cbdium.eu\/de\/wp-json\/wp\/v2\/product_brand?post=1268"},{"taxonomy":"product_cat","embeddable":true,"href":"https:\/\/cbdium.eu\/de\/wp-json\/wp\/v2\/product_cat?post=1268"},{"taxonomy":"product_tag","embeddable":true,"href":"https:\/\/cbdium.eu\/de\/wp-json\/wp\/v2\/product_tag?post=1268"}],"curies":[{"name":"wp","href":"https:\/\/api.w.org\/{rel}","templated":true}]}}