{"id":1267,"date":"2024-01-15T22:42:11","date_gmt":"2024-01-15T21:42:11","guid":{"rendered":"https:\/\/new.cbdium.eu\/obchod\/unkategorisiert\/cbdium-urgent\/"},"modified":"2026-02-03T18:21:48","modified_gmt":"2026-02-03T17:21:48","slug":"urgent","status":"publish","type":"product","link":"https:\/\/cbdium.eu\/de\/geschaft\/cbdium-therapy-de\/urgent\/","title":{"rendered":"CBDium Urgent"},"content":{"rendered":"<p>Die Kur Urgent haben wir f\u00fcr Menschen mit einer schweren akuten oder chronischen Krankheit oder Menschen, die sich in einer schwierigen Lebenssituation befinden, gemacht.<\/p>\n<p>Nach dieser Kur greifen Sie, wenn:<\/p>\n<ul>\n<li>Sie eine akute Krankheit oder ein dringendes Problem haben \u2013 Grippe, COVID, Infektion, Entz\u00fcndung, Viruserkrankung, Migr\u00e4ne, Hitzschlag, Schmerzen&#8230;<\/li>\n<li>Sie eine schwere Verletzung erlitten haben \u2013 eine Fraktur, Verrenkung, Verbrennung, Blutverlust, Verletzung innerer Organe&#8230;<\/li>\n<li>Sie eine schwierige Zeit in Ihrem Leben durchmachen \u2013 Familien- und Beziehungsprobleme, Ver\u00e4nderungen im Leben, Verlust eines geliebten Menschen, ein traumatisches Ereignis&#8230;<\/li>\n<li>Sie eine schwere chronische oder psychische Krankheit haben \u2013 Krebs, Osteoporose, Rheuma, Diabetes, Alzheimer, Parkinson, Schizophrenie, bipolare St\u00f6rung, Multiple Sklerose&#8230;<\/li>\n<\/ul>\n<p>Ziel der Behandlung ist es, die Selbstheilungsprozesse des K\u00f6rpers effizienter zu gestalten und ihn in eine gr\u00f6\u00dftm\u00f6gliche Hom\u00f6ostase (Gleichgewicht) zu bringen. Ein auf diese Weise versorgter K\u00f6rper sorgt f\u00fcr eine schnellere k\u00f6rperliche und geistige Genesung, eine Stabilisierung oder Linderung chronischer Symptome und eine bessere Qualit\u00e4t des normalen Alltags.<\/p>\n<h4><strong>Fullspectrum oder pure?<\/strong><\/h4>\n<p>Bei der Einnahme von Antipsychotika, chronischem Bluthochdruck, Drogenabh\u00e4ngigkeit, in der Stillzeit oder in der Schwangerschaft sollten Sie zur THC-freien Version <a href=\"https:\/\/cbdium.eu\/de\/geschaft\/human-line-de\/cbdium-1000-pure\/\" target=\"_blank\" rel=\"noopener\">1000 pure<\/a> greifen.<\/p>\n<h4><strong>Dosierung<\/strong><\/h4>\n<p>Beginnen Sie die Kurbehandlung Urgent mit der Potenz <a href=\"https:\/\/cbdium.eu\/de\/geschaft\/human-line\/cbdium-1500-forte\/\" target=\"_blank\" rel=\"noopener\">1500 forte<\/a> und fahren Sie mit den Essenzen <a href=\"https:\/\/cbdium.eu\/de\/geschaft\/human-line\/cbdium-1000-fullspectrum\/\" target=\"_blank\" rel=\"noopener\">1000 fullspectrum<\/a> fort. Die empfohlene Tagesdosis betr\u00e4gt 3 \u00d7 5 Tropfen. Sie k\u00f6nnen die Tagesdosis bei Bedarf in zwei Dosen aufteilen. Bei der empfohlenen Dosierung reicht ein Fl\u00e4schchen f\u00fcr etwa 2 bis 3 Wochen.<\/p>\n<p>Bei einer Verschlechterung des Zustands oder akuten Beschwerden kann die Tagesdosis einmalig um etwa 5 Tropfen pro Tag erh\u00f6ht werden (die maximale Tagesdosis betr\u00e4gt f\u00fcr die meisten Anwender 30 Tropfen pro Tag). Bei schwerwiegenderen Erkrankungen sollten Sie die Einnahme der Essenz mit Ihrem Arzt konsultieren.<\/p>\n<p>Wir empfehlen, CBDium 6 Monate lang einzunehmen, dann eine <a href=\"https:\/\/cbdium.eu\/de\/wie-man-cbdium-langfristig-einnimmt-einnahmephasen-und-21-taegige-pause-2\/\"> 21-t\u00e4gige Pause<\/a> einzulegen und danach noch etwa 3-6 Monate lang weiterzumachen, um die Wirkung zu festigen.<\/p>\n<h4><strong>Verabreichung<\/strong><\/h4>\n<ol>\n<li>Tropfen Sie die Essenz unter die Zunge.<\/li>\n<li>Schlie\u00dfen Sie Mund und Augen und lassen Sie es 2 Minuten wirken. Atmen Sie bewusst durch die Nase. Vier Sekunden tief einatmen, acht Sekunden langsam ausatmen. Diese \u00dcbung hilft Ihnen, sich mit dem Geschehen in Ihrem K\u00f6rper zu verbinden und einen \u00dcberblick \u00fcber Ihre Denkmuster zu gewinnen.<\/li>\n<li>Schlucken und nicht mit Fl\u00fcssigkeit nachsp\u00fclen.<\/li>\n<li>Wenn m\u00f6glich, essen Sie nach etwa 5 Minuten, um die Aufnahme von CBD zu f\u00f6rdern.<\/li>\n<\/ol>\n<h4><strong>Wirkung <\/strong><\/h4>\n<p>Wie schnell es wirkt, ist individuell. Unserer Erfahrung nach \u00e4u\u00dfern sich die ersten Wirkungen nach etwa 3 Wochen der empfohlenen regelm\u00e4\u00dfigen Einnahme.<\/p>\n","protected":false},"excerpt":{"rendered":"<p>Die Kur Urgent ist ein Dreierpack \u00d6le 1500 forte und 2 \u00d7 1000 fullspectrum. CBDium sind duale \u00d6l-Essenzen aus Bio-K\u00fcrbiskern\u00f6l und Bio-Hanfextrakt.<\/p>\n","protected":false},"featured_media":4797,"comment_status":"open","ping_status":"closed","template":"","meta":{"_acf_changed":false},"product_brand":[],"product_cat":[58],"product_tag":[],"class_list":{"0":"post-1267","1":"product","2":"type-product","3":"status-publish","4":"has-post-thumbnail","6":"product_cat-cbdium-therapy-de","8":"first","9":"instock","10":"taxable","11":"shipping-taxable","12":"purchasable","13":"product-type-simple"},"acf":[],"_links":{"self":[{"href":"https:\/\/cbdium.eu\/de\/wp-json\/wp\/v2\/product\/1267","targetHints":{"allow":["GET"]}}],"collection":[{"href":"https:\/\/cbdium.eu\/de\/wp-json\/wp\/v2\/product"}],"about":[{"href":"https:\/\/cbdium.eu\/de\/wp-json\/wp\/v2\/types\/product"}],"replies":[{"embeddable":true,"href":"https:\/\/cbdium.eu\/de\/wp-json\/wp\/v2\/comments?post=1267"}],"wp:featuredmedia":[{"embeddable":true,"href":"https:\/\/cbdium.eu\/de\/wp-json\/wp\/v2\/media\/4797"}],"wp:attachment":[{"href":"https:\/\/cbdium.eu\/de\/wp-json\/wp\/v2\/media?parent=1267"}],"wp:term":[{"taxonomy":"product_brand","embeddable":true,"href":"https:\/\/cbdium.eu\/de\/wp-json\/wp\/v2\/product_brand?post=1267"},{"taxonomy":"product_cat","embeddable":true,"href":"https:\/\/cbdium.eu\/de\/wp-json\/wp\/v2\/product_cat?post=1267"},{"taxonomy":"product_tag","embeddable":true,"href":"https:\/\/cbdium.eu\/de\/wp-json\/wp\/v2\/product_tag?post=1267"}],"curies":[{"name":"wp","href":"https:\/\/api.w.org\/{rel}","templated":true}]}}