{"id":1266,"date":"2024-01-16T12:13:55","date_gmt":"2024-01-16T11:13:55","guid":{"rendered":"https:\/\/new.cbdium.eu\/obchod\/unkategorisiert\/cbdium-geistige-gesundheit\/"},"modified":"2026-02-03T18:21:29","modified_gmt":"2026-02-03T17:21:29","slug":"cbdium-geistige-gesundheit","status":"publish","type":"product","link":"https:\/\/cbdium.eu\/de\/geschaft\/cbdium-therapy-de\/cbdium-geistige-gesundheit\/","title":{"rendered":"CBDium Geistige Gesundheit"},"content":{"rendered":"<p>Die Kur Geistige Gesundheit ccc ist ein Dreierpack \u00d6le 1000 fullspectrum. CBDium sind duale \u00d6l-Essenzen aus Bio-K\u00fcrbiskern\u00f6l und Bio-Hanfextrakt.<\/p>\n<p>Nach dieser Kur greifen Sie, wenn:<\/p>\n<ul>\n<li>Sie sich langfristig ersch\u00f6pft oder gestresst f\u00fchlen, bei Ihnen Angstzust\u00e4nde oder Panikattacken aufgetaucht sind<\/li>\n<li>Sie Kopfschmerzen haben<\/li>\n<li>Sie zerstreut sind, sich nur schwer konzentrieren k\u00f6nnen oder Ihr Geist hyperaktiv ist<\/li>\n<li>Sie eine Arbeit oder T\u00e4tigkeit aus\u00fcben, die ein hohes Ma\u00df an k\u00f6rperlichem oder geistigem Einsatz erfordert<\/li>\n<li>Ihnen eine psychiatrische oder neurologische Erkrankung diagnostiziert wurde \u2013 z. B. eine Depression, Essst\u00f6rung, Epilepsie, ADHS&#8230;<\/li>\n<\/ul>\n<p>Ziel der Kurbehandlung ist es, Ihren Organismus in die Hom\u00f6ostase (Gleichgewicht) zu bringen sowie Entspannung, Abgekl\u00e4rtheit, Gelassenheit, einen optimistischen \u201eKick\u201c und eine Verbesserung Ihres normalen oder beruflichen Alltags in Ihr Leben einzubringen.<\/p>\n<h4><strong>Fullspectrum oder pure? <\/strong><\/h4>\n<p>Bei der Einnahme von Antipsychotika, chronischem Bluthochdruck, Drogenabh\u00e4ngigkeit, in der Stillzeit oder in der Schwangerschaft sollten Sie zur THC-freien Version <a href=\"https:\/\/cbdium.eu\/de\/geschaft\/human-line-de\/cbdium-1000-pure\/\">1000 pure<\/a> greifen.<\/p>\n<h4><strong>Dosierung<\/strong><\/h4>\n<p>Die empfohlene Tagesdosis betr\u00e4gt 3 \u00d7 5 Tropfen. Sie k\u00f6nnen die Tagesdosis bei Bedarf in zwei Dosen aufteilen. Bei der empfohlenen Dosierung reicht ein Fl\u00e4schchen f\u00fcr etwa 2 bis 3 Wochen.<\/p>\n<p>Bei einer Verschlechterung des Zustands oder akuten Beschwerden kann die Tagesdosis einmalig um etwa 5 Tropfen pro Tag erh\u00f6ht werden (die maximale Tagesdosis betr\u00e4gt f\u00fcr die meisten Anwender 30 Tropfen pro Tag). Bei schwerwiegenderen Erkrankungen sollten Sie die Einnahme der Essenz mit Ihrem Arzt konsultieren.<\/p>\n<p>Wir empfehlen, CBDium 6 Monate lang einzunehmen, dann eine <a href=\"https:\/\/cbdium.eu\/de\/wie-man-cbdium-langfristig-einnimmt-einnahmephasen-und-21-taegige-pause-2\/\">21-t\u00e4gige Pause<\/a> einzulegen und danach noch etwa 3-6 Monate lang weiterzumachen, um die Wirkung zu festigen.<\/p>\n<h4><strong>Verabreichung<\/strong><\/h4>\n<ol>\n<li>Tropfen Sie die Essenz unter die Zunge.<\/li>\n<li>Schlie\u00dfen Sie Mund und Augen und lassen Sie es 2 Minuten wirken. Atmen Sie bewusst durch die Nase. Vier Sekunden tief einatmen, acht Sekunden langsam ausatmen. Diese \u00dcbung hilft Ihnen, sich mit dem Geschehen in Ihrem K\u00f6rper zu verbinden und einen \u00dcberblick \u00fcber Ihre Denkmuster zu gewinnen.<\/li>\n<li>Schlucken und nicht mit Fl\u00fcssigkeit nachsp\u00fclen.<\/li>\n<li>Wenn m\u00f6glich, essen Sie nach etwa 5 Minuten, um die Aufnahme von CBD zu f\u00f6rdern.<\/li>\n<\/ol>\n<h4><strong>Wirkung<\/strong><\/h4>\n<p>Wie schnell es wirkt, ist individuell. Unserer Erfahrung nach \u00e4u\u00dfern sich die ersten Wirkungen nach etwa 3 Wochen der empfohlenen regelm\u00e4\u00dfigen Einnahme.<\/p>\n","protected":false},"excerpt":{"rendered":"<p>Die Kur Geistige Gesundheit ist ein Dreierpack \u00d6le 1000 fullspectrum. CBDium sind duale \u00d6l-Essenzen aus Bio-K\u00fcrbiskern\u00f6l und Bio-Hanfextrakt.<\/p>\n","protected":false},"featured_media":4805,"comment_status":"open","ping_status":"closed","template":"","meta":{"_acf_changed":false},"product_brand":[],"product_cat":[58],"product_tag":[],"class_list":{"0":"post-1266","1":"product","2":"type-product","3":"status-publish","4":"has-post-thumbnail","6":"product_cat-cbdium-therapy-de","8":"first","9":"instock","10":"taxable","11":"shipping-taxable","12":"purchasable","13":"product-type-simple"},"acf":[],"_links":{"self":[{"href":"https:\/\/cbdium.eu\/de\/wp-json\/wp\/v2\/product\/1266","targetHints":{"allow":["GET"]}}],"collection":[{"href":"https:\/\/cbdium.eu\/de\/wp-json\/wp\/v2\/product"}],"about":[{"href":"https:\/\/cbdium.eu\/de\/wp-json\/wp\/v2\/types\/product"}],"replies":[{"embeddable":true,"href":"https:\/\/cbdium.eu\/de\/wp-json\/wp\/v2\/comments?post=1266"}],"wp:featuredmedia":[{"embeddable":true,"href":"https:\/\/cbdium.eu\/de\/wp-json\/wp\/v2\/media\/4805"}],"wp:attachment":[{"href":"https:\/\/cbdium.eu\/de\/wp-json\/wp\/v2\/media?parent=1266"}],"wp:term":[{"taxonomy":"product_brand","embeddable":true,"href":"https:\/\/cbdium.eu\/de\/wp-json\/wp\/v2\/product_brand?post=1266"},{"taxonomy":"product_cat","embeddable":true,"href":"https:\/\/cbdium.eu\/de\/wp-json\/wp\/v2\/product_cat?post=1266"},{"taxonomy":"product_tag","embeddable":true,"href":"https:\/\/cbdium.eu\/de\/wp-json\/wp\/v2\/product_tag?post=1266"}],"curies":[{"name":"wp","href":"https:\/\/api.w.org\/{rel}","templated":true}]}}