{"id":5897,"date":"2024-03-01T09:13:18","date_gmt":"2024-03-01T08:13:18","guid":{"rendered":"https:\/\/new.cbdium.eu\/wie-man-mit-cbd-anfaengt-haut\/"},"modified":"2025-11-07T17:06:20","modified_gmt":"2025-11-07T16:06:20","slug":"wie-man-mit-cbd-anfangt-haut","status":"publish","type":"page","link":"https:\/\/cbdium.eu\/de\/wie-man-mit-cbd-anfangt-haut\/","title":{"rendered":"Wie man mit CBD anf\u00e4ngt &#8211; Haut"},"content":{"rendered":"\t\t<div data-elementor-type=\"wp-page\" data-elementor-id=\"5897\" class=\"elementor elementor-5897 elementor-3658\" data-elementor-post-type=\"page\">\n\t\t\t\t<div class=\"elementor-element elementor-element-fc32b7c e-flex e-con-boxed e-con e-parent\" data-id=\"fc32b7c\" data-element_type=\"container\" data-e-type=\"container\">\n\t\t\t\t\t<div class=\"e-con-inner\">\n\t\t<div class=\"elementor-element elementor-element-3967737 e-flex e-con-boxed e-con e-child\" data-id=\"3967737\" data-element_type=\"container\" data-e-type=\"container\">\n\t\t\t\t\t<div class=\"e-con-inner\">\n\t\t<div class=\"elementor-element elementor-element-5f91c13 e-con-full e-flex e-con e-child\" data-id=\"5f91c13\" data-element_type=\"container\" data-e-type=\"container\">\n\t\t<div class=\"elementor-element elementor-element-bf0b93b e-flex e-con-boxed e-con e-child\" data-id=\"bf0b93b\" data-element_type=\"container\" data-e-type=\"container\">\n\t\t\t\t\t<div class=\"e-con-inner\">\n\t\t\t\t<div class=\"elementor-element elementor-element-e05f9c0 elementor-widget elementor-widget-heading\" data-id=\"e05f9c0\" data-element_type=\"widget\" data-e-type=\"widget\" data-widget_type=\"heading.default\">\n\t\t\t\t<div class=\"elementor-widget-container\">\n\t\t\t\t\t<div class=\"elementor-heading-title elementor-size-default\">Produkt<span>auswahl<\/span><\/div>\t\t\t\t<\/div>\n\t\t\t\t<\/div>\n\t\t\t\t<div class=\"elementor-element elementor-element-bea0f7c elementor-widget-mobile__width-initial elementor-widget elementor-widget-heading\" data-id=\"bea0f7c\" data-element_type=\"widget\" data-e-type=\"widget\" data-widget_type=\"heading.default\">\n\t\t\t\t<div class=\"elementor-widget-container\">\n\t\t\t\t\t<h1 class=\"elementor-heading-title elementor-size-default\">Wie man mit <span>CBD anf\u00e4ngt<\/span><\/h1>\t\t\t\t<\/div>\n\t\t\t\t<\/div>\n\t\t\t\t\t<\/div>\n\t\t\t\t<\/div>\n\t\t\t\t<div class=\"elementor-element elementor-element-a5bbd7f elementor-widget__width-initial elementor-widget elementor-widget-text-editor\" data-id=\"a5bbd7f\" data-element_type=\"widget\" data-e-type=\"widget\" data-widget_type=\"text-editor.default\">\n\t\t\t\t<div class=\"elementor-widget-container\">\n\t\t\t\t\t\t\t\t\t<p>Suchen Sie CBDium f\u00fcr einen Erwachsenen, ein Kind, ein Tier oder zur Hautpflege? Wir zeigen Ihnen in kurzen Schritten, wie Sie die f\u00fcr Sie am besten geeignete Essenz ausw\u00e4hlen k\u00f6nnen.<\/p>\t\t\t\t\t\t\t\t<\/div>\n\t\t\t\t<\/div>\n\t\t\t\t<\/div>\n\t\t<div class=\"elementor-element elementor-element-dc16378 e-con-full e-flex e-con e-child\" data-id=\"dc16378\" data-element_type=\"container\" data-e-type=\"container\">\n\t\t<a class=\"elementor-element elementor-element-df5bf54 e-flex e-con-boxed e-con e-child\" data-id=\"df5bf54\" data-element_type=\"container\" data-e-type=\"container\" href=\"https:\/\/cbdium.eu\/ako-zacat-s-cbd-dospeli\/\">\n\t\t\t\t\t<div class=\"e-con-inner\">\n\t\t\t\t<div class=\"elementor-element elementor-element-435eda8 elementor-widget elementor-widget-image\" data-id=\"435eda8\" data-element_type=\"widget\" data-e-type=\"widget\" data-widget_type=\"image.default\">\n\t\t\t\t<div class=\"elementor-widget-container\">\n\t\t\t\t\t\t\t\t\t\t\t\t\t\t\t<img fetchpriority=\"high\" decoding=\"async\" width=\"244\" height=\"227\" src=\"https:\/\/cbdium.eu\/wp-content\/uploads\/2024\/02\/Rectangle-157.png\" class=\"attachment-full size-full wp-image-3579\" alt=\"\" \/>\t\t\t\t\t\t\t\t\t\t\t\t\t\t\t<\/div>\n\t\t\t\t<\/div>\n\t\t\t\t<div class=\"elementor-element elementor-element-2d4f7d6 elementor-widget__width-initial elementor-widget elementor-widget-heading\" data-id=\"2d4f7d6\" data-element_type=\"widget\" data-e-type=\"widget\" data-widget_type=\"heading.default\">\n\t\t\t\t<div class=\"elementor-widget-container\">\n\t\t\t\t\t<span class=\"elementor-heading-title elementor-size-default\">Erwachsene Alter 15+<\/span>\t\t\t\t<\/div>\n\t\t\t\t<\/div>\n\t\t\t\t\t<\/div>\n\t\t\t\t<\/a>\n\t\t<a class=\"elementor-element elementor-element-5a77826 e-flex e-con-boxed e-con e-child\" data-id=\"5a77826\" data-element_type=\"container\" data-e-type=\"container\" data-settings=\"{&quot;background_background&quot;:&quot;classic&quot;}\" href=\"https:\/\/cbdium.eu\/ako-zacat-s-cbd-deti\/\">\n\t\t\t\t\t<div class=\"e-con-inner\">\n\t\t\t\t<div class=\"elementor-element elementor-element-1f7e1ad elementor-widget elementor-widget-image\" data-id=\"1f7e1ad\" data-element_type=\"widget\" data-e-type=\"widget\" data-widget_type=\"image.default\">\n\t\t\t\t<div class=\"elementor-widget-container\">\n\t\t\t\t\t\t\t\t\t\t\t\t\t\t\t<img decoding=\"async\" width=\"244\" height=\"227\" src=\"https:\/\/cbdium.eu\/wp-content\/uploads\/2024\/02\/Rectangle-150.png\" class=\"attachment-full size-full wp-image-3571\" alt=\"\" \/>\t\t\t\t\t\t\t\t\t\t\t\t\t\t\t<\/div>\n\t\t\t\t<\/div>\n\t\t\t\t<div class=\"elementor-element elementor-element-f1277b6 elementor-widget__width-initial elementor-widget elementor-widget-heading\" data-id=\"f1277b6\" data-element_type=\"widget\" data-e-type=\"widget\" data-widget_type=\"heading.default\">\n\t\t\t\t<div class=\"elementor-widget-container\">\n\t\t\t\t\t<span class=\"elementor-heading-title elementor-size-default\">Kinder Alter 0-14<\/span>\t\t\t\t<\/div>\n\t\t\t\t<\/div>\n\t\t\t\t\t<\/div>\n\t\t\t\t<\/a>\n\t\t<a class=\"elementor-element elementor-element-8f194cc e-flex e-con-boxed e-con e-child\" data-id=\"8f194cc\" data-element_type=\"container\" data-e-type=\"container\" data-settings=\"{&quot;background_background&quot;:&quot;classic&quot;}\" href=\"https:\/\/cbdium.eu\/ako-zacat-s-cbd-zvierata\/\">\n\t\t\t\t\t<div class=\"e-con-inner\">\n\t\t\t\t<div class=\"elementor-element elementor-element-a63a1fb elementor-widget elementor-widget-image\" data-id=\"a63a1fb\" data-element_type=\"widget\" data-e-type=\"widget\" data-widget_type=\"image.default\">\n\t\t\t\t<div class=\"elementor-widget-container\">\n\t\t\t\t\t\t\t\t\t\t\t\t\t\t\t<img decoding=\"async\" width=\"244\" height=\"227\" src=\"https:\/\/cbdium.eu\/wp-content\/uploads\/2024\/02\/Rectangle-148.png\" class=\"attachment-full size-full wp-image-3567\" alt=\"\" \/>\t\t\t\t\t\t\t\t\t\t\t\t\t\t\t<\/div>\n\t\t\t\t<\/div>\n\t\t\t\t<div class=\"elementor-element elementor-element-c58cbbd elementor-widget__width-initial elementor-widget elementor-widget-heading\" data-id=\"c58cbbd\" data-element_type=\"widget\" data-e-type=\"widget\" data-widget_type=\"heading.default\">\n\t\t\t\t<div class=\"elementor-widget-container\">\n\t\t\t\t\t<span class=\"elementor-heading-title elementor-size-default\">Tiere<\/span>\t\t\t\t<\/div>\n\t\t\t\t<\/div>\n\t\t\t\t\t<\/div>\n\t\t\t\t<\/a>\n\t\t<a class=\"elementor-element elementor-element-eaadc91 active e-flex e-con-boxed e-con e-child\" data-id=\"eaadc91\" data-element_type=\"container\" data-e-type=\"container\" data-settings=\"{&quot;background_background&quot;:&quot;classic&quot;}\" href=\"https:\/\/cbdium.eu\/ako-zacat-s-cbd-koza\/\">\n\t\t\t\t\t<div class=\"e-con-inner\">\n\t\t\t\t<div class=\"elementor-element elementor-element-61f3649 elementor-widget elementor-widget-image\" data-id=\"61f3649\" data-element_type=\"widget\" data-e-type=\"widget\" data-widget_type=\"image.default\">\n\t\t\t\t<div class=\"elementor-widget-container\">\n\t\t\t\t\t\t\t\t\t\t\t\t\t\t\t<img loading=\"lazy\" decoding=\"async\" width=\"244\" height=\"227\" src=\"https:\/\/cbdium.eu\/wp-content\/uploads\/2024\/02\/Rectangle-154.png\" class=\"attachment-full size-full wp-image-3575\" alt=\"\" \/>\t\t\t\t\t\t\t\t\t\t\t\t\t\t\t<\/div>\n\t\t\t\t<\/div>\n\t\t\t\t<div class=\"elementor-element elementor-element-7b4857e elementor-widget__width-initial elementor-widget elementor-widget-heading\" data-id=\"7b4857e\" data-element_type=\"widget\" data-e-type=\"widget\" data-widget_type=\"heading.default\">\n\t\t\t\t<div class=\"elementor-widget-container\">\n\t\t\t\t\t<span class=\"elementor-heading-title elementor-size-default\">Haut <\/br><\/span>\t\t\t\t<\/div>\n\t\t\t\t<\/div>\n\t\t\t\t\t<\/div>\n\t\t\t\t<\/a>\n\t\t\t\t<\/div>\n\t\t\t\t\t<\/div>\n\t\t\t\t<\/div>\n\t\t\t\t\t<\/div>\n\t\t\t\t<\/div>\n\t\t<div class=\"elementor-element elementor-element-b76688f e-flex e-con-boxed e-con e-parent\" data-id=\"b76688f\" data-element_type=\"container\" data-e-type=\"container\">\n\t\t\t\t\t<div class=\"e-con-inner\">\n\t\t<div class=\"elementor-element elementor-element-fcd33bf e-flex e-con-boxed e-con e-child\" data-id=\"fcd33bf\" data-element_type=\"container\" data-e-type=\"container\">\n\t\t\t\t\t<div class=\"e-con-inner\">\n\t\t<div class=\"elementor-element elementor-element-d917412 e-con-full e-flex e-con e-child\" data-id=\"d917412\" data-element_type=\"container\" data-e-type=\"container\">\n\t\t<div class=\"elementor-element elementor-element-faf423b e-con-full e-flex e-con e-child\" data-id=\"faf423b\" data-element_type=\"container\" data-e-type=\"container\">\n\t\t\t\t<div class=\"elementor-element elementor-element-0c9bfe5 elementor-widget elementor-widget-heading\" data-id=\"0c9bfe5\" data-element_type=\"widget\" data-e-type=\"widget\" data-widget_type=\"heading.default\">\n\t\t\t\t<div class=\"elementor-widget-container\">\n\t\t\t\t\t<div class=\"elementor-heading-title elementor-size-default\">CBDium f\u00fcr <span>die Haut<\/span><\/div>\t\t\t\t<\/div>\n\t\t\t\t<\/div>\n\t\t\t\t<div class=\"elementor-element elementor-element-ad22eab elementor-widget-mobile__width-initial elementor-widget elementor-widget-heading\" data-id=\"ad22eab\" data-element_type=\"widget\" data-e-type=\"widget\" data-widget_type=\"heading.default\">\n\t\t\t\t<div class=\"elementor-widget-container\">\n\t\t\t\t\t<h2 class=\"elementor-heading-title elementor-size-default\">Schritt 01: Was belastet Sie?<\/h2>\t\t\t\t<\/div>\n\t\t\t\t<\/div>\n\t\t\t\t<\/div>\n\t\t\t\t<div class=\"elementor-element elementor-element-41219fc elementor-widget__width-initial elementor-widget elementor-widget-text-editor\" data-id=\"41219fc\" data-element_type=\"widget\" data-e-type=\"widget\" data-widget_type=\"text-editor.default\">\n\t\t\t\t<div class=\"elementor-widget-container\">\n\t\t\t\t\t\t\t\t\t<p><span style=\"font-weight: 400;\">Leidet Ihre Haut nach einem anstrengenden Tag, suchen Sie Unterst\u00fctzung bei der Regeneration nach kleinen Verletzungen oder ben\u00f6tigen Sie Pflege f\u00fcr trockene und m\u00fcde Haut? Wir haben f\u00fcr Sie spezielle Produkte mit unserem CBD-Extrakt entwickelt.<\/span><\/p>\t\t\t\t\t\t\t\t<\/div>\n\t\t\t\t<\/div>\n\t\t\t\t<\/div>\n\t\t<div class=\"elementor-element elementor-element-1bbb45b e-con-full e-flex e-con e-child\" data-id=\"1bbb45b\" data-element_type=\"container\" data-e-type=\"container\">\n\t\t<div class=\"elementor-element elementor-element-e963aa3 e-flex e-con-boxed e-con e-child\" data-id=\"e963aa3\" data-element_type=\"container\" data-e-type=\"container\">\n\t\t\t\t\t<div class=\"e-con-inner\">\n\t\t\t\t<div class=\"elementor-element elementor-element-bd3a635 elementor-widget elementor-widget-heading\" data-id=\"bd3a635\" data-element_type=\"widget\" data-e-type=\"widget\" data-widget_type=\"heading.default\">\n\t\t\t\t<div class=\"elementor-widget-container\">\n\t\t\t\t\t<h2 class=\"elementor-heading-title elementor-size-default\">Pflege der Haut nach Reizungen und kleineren Verletzungen <\/h2>\t\t\t\t<\/div>\n\t\t\t\t<\/div>\n\t\t\t\t<div class=\"elementor-element elementor-element-66d767c elementor-widget__width-initial elementor-widget elementor-widget-text-editor\" data-id=\"66d767c\" data-element_type=\"widget\" data-e-type=\"widget\" data-widget_type=\"text-editor.default\">\n\t\t\t\t<div class=\"elementor-widget-container\">\n\t\t\t\t\t\t\t\t\t<p><span style=\"font-weight: 400;\">F\u00fcr eine sanfte Hautpflege greifen Sie zur CBDium Heilsalbe \u2013 einer handgefertigten Salbe mit der Essenz 1000 Fullspectrum.<\/span><\/p>\t\t\t\t\t\t\t\t<\/div>\n\t\t\t\t<\/div>\n\t\t\t\t\t<\/div>\n\t\t\t\t<\/div>\n\t\t<div class=\"elementor-element elementor-element-1b05840 e-con-full e-flex e-con e-child\" data-id=\"1b05840\" data-element_type=\"container\" data-e-type=\"container\">\n\t\t<div class=\"elementor-element elementor-element-5974af5 e-con-full e-flex e-con e-child\" data-id=\"5974af5\" data-element_type=\"container\" data-e-type=\"container\">\n\t\t\t\t<div class=\"elementor-element elementor-element-26941dc elementor-widget__width-initial elementor-widget elementor-widget-image\" data-id=\"26941dc\" data-element_type=\"widget\" data-e-type=\"widget\" data-widget_type=\"image.default\">\n\t\t\t\t<div class=\"elementor-widget-container\">\n\t\t\t\t\t\t\t\t\t\t\t\t\t\t\t\t<a href=\"https:\/\/cbdium.eu\/geschaft\/skin-line\/cbdium-hojiva-mast\/\">\n\t\t\t\t\t\t\t<img loading=\"lazy\" decoding=\"async\" width=\"608\" height=\"674\" src=\"https:\/\/cbdium.eu\/wp-content\/uploads\/2024\/03\/Group-1085.png\" class=\"attachment-large size-large wp-image-3832\" alt=\"\" srcset=\"https:\/\/cbdium.eu\/wp-content\/uploads\/2024\/03\/Group-1085.png 608w, https:\/\/cbdium.eu\/wp-content\/uploads\/2024\/03\/Group-1085-271x300.png 271w, https:\/\/cbdium.eu\/wp-content\/uploads\/2024\/03\/Group-1085-600x665.png 600w\" sizes=\"(max-width: 608px) 100vw, 608px\" \/>\t\t\t\t\t\t\t\t<\/a>\n\t\t\t\t\t\t\t\t\t\t\t\t\t\t\t<\/div>\n\t\t\t\t<\/div>\n\t\t<div class=\"elementor-element elementor-element-5078a1d e-con-full e-flex e-con e-child\" data-id=\"5078a1d\" data-element_type=\"container\" data-e-type=\"container\">\n\t\t\t\t<div class=\"elementor-element elementor-element-a09cc82 elementor-widget elementor-widget-heading\" data-id=\"a09cc82\" data-element_type=\"widget\" data-e-type=\"widget\" data-widget_type=\"heading.default\">\n\t\t\t\t<div class=\"elementor-widget-container\">\n\t\t\t\t\t<h4 class=\"elementor-heading-title elementor-size-default\"><a href=\"https:\/\/cbdium.eu\/geschaft\/skin-line\/cbdium-hojiva-mast\/\">CBDium Heilsalbe<\/a><\/h4>\t\t\t\t<\/div>\n\t\t\t\t<\/div>\n\t\t\t\t<div class=\"elementor-element elementor-element-ce55580 elementor-widget elementor-widget-text-editor\" data-id=\"ce55580\" data-element_type=\"widget\" data-e-type=\"widget\" data-widget_type=\"text-editor.default\">\n\t\t\t\t<div class=\"elementor-widget-container\">\n\t\t\t\t\t\t\t\t\t<p> <\/p><p><span style=\"font-weight: 400;\"><span style=\"font-weight: 400;\"><span style=\"font-weight: 400;\"> \u2013 zur Unterst\u00fctzung der nat\u00fcrlichen Regeneration der Haut nach allt\u00e4glichen Sch\u00fcrfwunden, Kratzern oder kleinen Verbrennungen<\/span><\/span><\/span><\/p><p><span style=\"font-weight: 400;\"><span style=\"font-weight: 400;\">\u2013 sanfte Beruhigung von ger\u00f6teter oder empfindlicher Haut<\/span><\/span><\/p><p>\u2013 Pflege der Haut mit Neigung zu Trockenheit und Unbehagen<\/p>\t\t\t\t\t\t\t\t<\/div>\n\t\t\t\t<\/div>\n\t\t\t\t<div class=\"elementor-element elementor-element-1754cfe button_secondary elementor-widget elementor-widget-heading\" data-id=\"1754cfe\" data-element_type=\"widget\" data-e-type=\"widget\" data-widget_type=\"heading.default\">\n\t\t\t\t<div class=\"elementor-widget-container\">\n\t\t\t\t\t<div class=\"elementor-heading-title elementor-size-default\"><a href=\"https:\/\/cbdium.eu\/geschaft\/skin-line\/cbdium-hojiva-mast\/\">Mehr lesen \u2192<\/a><\/div>\t\t\t\t<\/div>\n\t\t\t\t<\/div>\n\t\t\t\t<\/div>\n\t\t\t\t<\/div>\n\t\t\t\t<\/div>\n\t\t\t\t<\/div>\n\t\t<div class=\"elementor-element elementor-element-7ee6bc4 e-con-full e-flex e-con e-child\" data-id=\"7ee6bc4\" data-element_type=\"container\" data-e-type=\"container\">\n\t\t<div class=\"elementor-element elementor-element-ee90ca6 e-flex e-con-boxed e-con e-child\" data-id=\"ee90ca6\" data-element_type=\"container\" data-e-type=\"container\">\n\t\t\t\t\t<div class=\"e-con-inner\">\n\t\t\t\t\t<\/div>\n\t\t\t\t<\/div>\n\t\t<div class=\"elementor-element elementor-element-9bd6253 e-con-full e-flex e-con e-child\" data-id=\"9bd6253\" data-element_type=\"container\" data-e-type=\"container\">\n\t\t<div class=\"elementor-element elementor-element-945292a e-con-full e-flex e-con e-child\" data-id=\"945292a\" data-element_type=\"container\" data-e-type=\"container\">\n\t\t<div class=\"elementor-element elementor-element-2730324 e-con-full e-flex e-con e-child\" data-id=\"2730324\" data-element_type=\"container\" data-e-type=\"container\">\n\t\t\t\t<div class=\"elementor-element elementor-element-46418da elementor-widget elementor-widget-text-editor\" data-id=\"46418da\" data-element_type=\"widget\" data-e-type=\"widget\" data-widget_type=\"text-editor.default\">\n\t\t\t\t<div class=\"elementor-widget-container\">\n\t\t\t\t\t\t\t\t\t<p><span style=\"font-weight: 400;\"> <\/span><\/p>\t\t\t\t\t\t\t\t<\/div>\n\t\t\t\t<\/div>\n\t\t\t\t<\/div>\n\t\t\t\t<\/div>\n\t\t\t\t<\/div>\n\t\t\t\t<\/div>\n\t\t<div class=\"elementor-element elementor-element-479a565 e-con-full e-flex e-con e-child\" data-id=\"479a565\" data-element_type=\"container\" data-e-type=\"container\">\n\t\t<div class=\"elementor-element elementor-element-c49ccc3 e-flex e-con-boxed e-con e-child\" data-id=\"c49ccc3\" data-element_type=\"container\" data-e-type=\"container\">\n\t\t\t\t\t<div class=\"e-con-inner\">\n\t\t\t\t<div class=\"elementor-element elementor-element-70137de elementor-widget elementor-widget-heading\" data-id=\"70137de\" data-element_type=\"widget\" data-e-type=\"widget\" data-widget_type=\"heading.default\">\n\t\t\t\t<div class=\"elementor-widget-container\">\n\t\t\t\t\t<h2 class=\"elementor-heading-title elementor-size-default\">Unterst\u00fctzung des Wohlbefindens des Bewegungsapparates <\/h2>\t\t\t\t<\/div>\n\t\t\t\t<\/div>\n\t\t\t\t<div class=\"elementor-element elementor-element-1291e94 elementor-widget__width-initial elementor-widget elementor-widget-text-editor\" data-id=\"1291e94\" data-element_type=\"widget\" data-e-type=\"widget\" data-widget_type=\"text-editor.default\">\n\t\t\t\t<div class=\"elementor-widget-container\">\n\t\t\t\t\t\t\t\t\t<p><span style=\"font-weight: 400;\">Wenn Sie Unterst\u00fctzung bei der Pflege von beanspruchten Muskeln oder Sehnen suchen, greifen Sie zur CBDium Regenerationssalbe. <\/span><span style=\"font-weight: 400;\">Sie enth\u00e4lt die Essenz 1000 Fullspectrum, k\u00fchlendes Menthol und w\u00e4rmendes Capsaicin.<\/span><\/p>\t\t\t\t\t\t\t\t<\/div>\n\t\t\t\t<\/div>\n\t\t\t\t\t<\/div>\n\t\t\t\t<\/div>\n\t\t<div class=\"elementor-element elementor-element-82fa87c e-con-full e-flex e-con e-child\" data-id=\"82fa87c\" data-element_type=\"container\" data-e-type=\"container\">\n\t\t<div class=\"elementor-element elementor-element-e8ad30f e-con-full e-flex e-con e-child\" data-id=\"e8ad30f\" data-element_type=\"container\" data-e-type=\"container\">\n\t\t\t\t<div class=\"elementor-element elementor-element-447cd85 elementor-widget__width-initial elementor-widget elementor-widget-image\" data-id=\"447cd85\" data-element_type=\"widget\" data-e-type=\"widget\" data-widget_type=\"image.default\">\n\t\t\t\t<div class=\"elementor-widget-container\">\n\t\t\t\t\t\t\t\t\t\t\t\t\t\t\t\t<a href=\"https:\/\/cbdium.eu\/geschaft\/skin-line\/cbdium-regeneracna-hojiva-mast\/\">\n\t\t\t\t\t\t\t<img loading=\"lazy\" decoding=\"async\" width=\"608\" height=\"674\" src=\"https:\/\/cbdium.eu\/wp-content\/uploads\/2024\/03\/Group-1086.png\" class=\"attachment-large size-large wp-image-3836\" alt=\"\" srcset=\"https:\/\/cbdium.eu\/wp-content\/uploads\/2024\/03\/Group-1086.png 608w, https:\/\/cbdium.eu\/wp-content\/uploads\/2024\/03\/Group-1086-271x300.png 271w, https:\/\/cbdium.eu\/wp-content\/uploads\/2024\/03\/Group-1086-600x665.png 600w\" sizes=\"(max-width: 608px) 100vw, 608px\" \/>\t\t\t\t\t\t\t\t<\/a>\n\t\t\t\t\t\t\t\t\t\t\t\t\t\t\t<\/div>\n\t\t\t\t<\/div>\n\t\t<div class=\"elementor-element elementor-element-ca179cc e-con-full e-flex e-con e-child\" data-id=\"ca179cc\" data-element_type=\"container\" data-e-type=\"container\">\n\t\t\t\t<div class=\"elementor-element elementor-element-60ac2dd elementor-widget elementor-widget-heading\" data-id=\"60ac2dd\" data-element_type=\"widget\" data-e-type=\"widget\" data-widget_type=\"heading.default\">\n\t\t\t\t<div class=\"elementor-widget-container\">\n\t\t\t\t\t<h4 class=\"elementor-heading-title elementor-size-default\"><a href=\"https:\/\/cbdium.eu\/geschaft\/skin-line\/cbdium-regeneracna-hojiva-mast\/\">CBDium Regenerationssalbe<\/a><\/h4>\t\t\t\t<\/div>\n\t\t\t\t<\/div>\n\t\t\t\t<div class=\"elementor-element elementor-element-cf8ab8c elementor-widget elementor-widget-text-editor\" data-id=\"cf8ab8c\" data-element_type=\"widget\" data-e-type=\"widget\" data-widget_type=\"text-editor.default\">\n\t\t\t\t<div class=\"elementor-widget-container\">\n\t\t\t\t\t\t\t\t\t<p> <\/p><p>\u2013 Pflege der Haut in Bereichen mit wiederholter k\u00f6rperlicher Belastung<\/p><p>\u2013 Entspannung der Muskeln nach sportlicher Bet\u00e4tigung<\/p><p>\u2013 Unterst\u00fctzung der Regeneration bei Muskelerm\u00fcdung<\/p><p> <\/p>\t\t\t\t\t\t\t\t<\/div>\n\t\t\t\t<\/div>\n\t\t\t\t<div class=\"elementor-element elementor-element-ffa1caa button_secondary elementor-widget elementor-widget-heading\" data-id=\"ffa1caa\" data-element_type=\"widget\" data-e-type=\"widget\" data-widget_type=\"heading.default\">\n\t\t\t\t<div class=\"elementor-widget-container\">\n\t\t\t\t\t<div class=\"elementor-heading-title elementor-size-default\"><a href=\"https:\/\/cbdium.eu\/geschaft\/skin-line\/cbdium-regeneracna-hojiva-mast\/\">Mehr lesen \u2192<\/a><\/div>\t\t\t\t<\/div>\n\t\t\t\t<\/div>\n\t\t\t\t<\/div>\n\t\t\t\t<\/div>\n\t\t\t\t<\/div>\n\t\t\t\t<\/div>\n\t\t\t\t\t<\/div>\n\t\t\t\t<\/div>\n\t\t\t\t\t<\/div>\n\t\t\t\t<\/div>\n\t\t<div class=\"elementor-element elementor-element-b26c9ee e-flex e-con-boxed e-con e-parent\" data-id=\"b26c9ee\" data-element_type=\"container\" data-e-type=\"container\">\n\t\t\t\t\t<div class=\"e-con-inner\">\n\t\t<div class=\"elementor-element elementor-element-596fa4b e-flex e-con-boxed e-con e-child\" data-id=\"596fa4b\" data-element_type=\"container\" data-e-type=\"container\">\n\t\t\t\t\t<div class=\"e-con-inner\">\n\t\t<div class=\"elementor-element elementor-element-975b64f e-con-full e-flex e-con e-child\" data-id=\"975b64f\" data-element_type=\"container\" data-e-type=\"container\">\n\t\t\t\t<div class=\"elementor-element elementor-element-4958e30 elementor-widget elementor-widget-heading\" data-id=\"4958e30\" data-element_type=\"widget\" data-e-type=\"widget\" data-widget_type=\"heading.default\">\n\t\t\t\t<div class=\"elementor-widget-container\">\n\t\t\t\t\t<h3 class=\"elementor-heading-title elementor-size-default\"><b>Krok 02: Das Produkt im Shop erwerben<\/b><\/h3>\t\t\t\t<\/div>\n\t\t\t\t<\/div>\n\t\t<div class=\"elementor-element elementor-element-824f22b e-flex e-con-boxed e-con e-child\" data-id=\"824f22b\" data-element_type=\"container\" data-e-type=\"container\">\n\t\t\t\t\t<div class=\"e-con-inner\">\n\t\t\t\t<div class=\"elementor-element elementor-element-5bb2492 button_item elementor-widget elementor-widget-button\" data-id=\"5bb2492\" data-element_type=\"widget\" data-e-type=\"widget\" data-widget_type=\"button.default\">\n\t\t\t\t<div class=\"elementor-widget-container\">\n\t\t\t\t\t\t\t\t\t<div class=\"elementor-button-wrapper\">\n\t\t\t\t\t<a class=\"elementor-button elementor-button-link elementor-size-sm\" href=\"https:\/\/cbdium.eu\/de\/geschaft\/\">\n\t\t\t\t\t\t<span class=\"elementor-button-content-wrapper\">\n\t\t\t\t\t\t\t\t\t<span class=\"elementor-button-text\">Jetzt kaufen<\/span>\n\t\t\t\t\t<\/span>\n\t\t\t\t\t<\/a>\n\t\t\t\t<\/div>\n\t\t\t\t\t\t\t\t<\/div>\n\t\t\t\t<\/div>\n\t\t\t\t\t<\/div>\n\t\t\t\t<\/div>\n\t\t\t\t<\/div>\n\t\t<div class=\"elementor-element elementor-element-7417b55 e-con-full e-flex e-con e-child\" data-id=\"7417b55\" data-element_type=\"container\" data-e-type=\"container\">\n\t\t\t\t<div class=\"elementor-element elementor-element-866f6f5 elementor-widget elementor-widget-image\" data-id=\"866f6f5\" data-element_type=\"widget\" data-e-type=\"widget\" data-widget_type=\"image.default\">\n\t\t\t\t<div class=\"elementor-widget-container\">\n\t\t\t\t\t\t\t\t\t\t\t\t\t\t\t<img loading=\"lazy\" decoding=\"async\" width=\"800\" height=\"306\" src=\"https:\/\/cbdium.eu\/wp-content\/uploads\/2024\/02\/Frame-44.png\" class=\"attachment-large size-large wp-image-2905\" alt=\"\" srcset=\"https:\/\/cbdium.eu\/wp-content\/uploads\/2024\/02\/Frame-44.png 885w, https:\/\/cbdium.eu\/wp-content\/uploads\/2024\/02\/Frame-44-300x115.png 300w, https:\/\/cbdium.eu\/wp-content\/uploads\/2024\/02\/Frame-44-768x293.png 768w, https:\/\/cbdium.eu\/wp-content\/uploads\/2024\/02\/Frame-44-600x229.png 600w\" sizes=\"(max-width: 800px) 100vw, 800px\" \/>\t\t\t\t\t\t\t\t\t\t\t\t\t\t\t<\/div>\n\t\t\t\t<\/div>\n\t\t\t\t<\/div>\n\t\t\t\t\t<\/div>\n\t\t\t\t<\/div>\n\t\t\t\t\t<\/div>\n\t\t\t\t<\/div>\n\t\t<div class=\"elementor-element elementor-element-19186a0 e-grid e-con-boxed e-con e-parent\" data-id=\"19186a0\" data-element_type=\"container\" data-e-type=\"container\">\n\t\t\t\t\t<div class=\"e-con-inner\">\n\t\t\t\t\t<\/div>\n\t\t\t\t<\/div>\n\t\t\t\t<\/div>\n\t\t","protected":false},"excerpt":{"rendered":"<p>Produktauswahl Wie man mit CBD anf\u00e4ngt Suchen Sie CBDium f\u00fcr einen Erwachsenen, ein Kind, ein Tier oder zur Hautpflege? Wir zeigen Ihnen in kurzen Schritten, wie Sie die f\u00fcr Sie am besten geeignete Essenz ausw\u00e4hlen k\u00f6nnen. Erwachsene Alter 15+ Kinder Alter 0-14 Tiere Haut CBDium f\u00fcr die Haut Schritt 01: Was belastet Sie? Leidet Ihre [&hellip;]<\/p>\n","protected":false},"author":11,"featured_media":28723,"parent":0,"menu_order":0,"comment_status":"closed","ping_status":"closed","template":"","meta":{"_acf_changed":false,"footnotes":""},"class_list":["post-5897","page","type-page","status-publish","has-post-thumbnail","hentry"],"acf":[],"_links":{"self":[{"href":"https:\/\/cbdium.eu\/de\/wp-json\/wp\/v2\/pages\/5897","targetHints":{"allow":["GET"]}}],"collection":[{"href":"https:\/\/cbdium.eu\/de\/wp-json\/wp\/v2\/pages"}],"about":[{"href":"https:\/\/cbdium.eu\/de\/wp-json\/wp\/v2\/types\/page"}],"author":[{"embeddable":true,"href":"https:\/\/cbdium.eu\/de\/wp-json\/wp\/v2\/users\/11"}],"replies":[{"embeddable":true,"href":"https:\/\/cbdium.eu\/de\/wp-json\/wp\/v2\/comments?post=5897"}],"version-history":[{"count":3,"href":"https:\/\/cbdium.eu\/de\/wp-json\/wp\/v2\/pages\/5897\/revisions"}],"predecessor-version":[{"id":43348,"href":"https:\/\/cbdium.eu\/de\/wp-json\/wp\/v2\/pages\/5897\/revisions\/43348"}],"wp:featuredmedia":[{"embeddable":true,"href":"https:\/\/cbdium.eu\/de\/wp-json\/wp\/v2\/media\/28723"}],"wp:attachment":[{"href":"https:\/\/cbdium.eu\/de\/wp-json\/wp\/v2\/media?parent=5897"}],"curies":[{"name":"wp","href":"https:\/\/api.w.org\/{rel}","templated":true}]}}