{"id":28572,"date":"2024-05-22T20:33:26","date_gmt":"2024-05-22T18:33:26","guid":{"rendered":"https:\/\/new.cbdium.eu\/summary\/"},"modified":"2024-05-28T14:29:31","modified_gmt":"2024-05-28T12:29:31","slug":"summary","status":"publish","type":"page","link":"https:\/\/cbdium.eu\/de\/summary\/","title":{"rendered":"Summary"},"content":{"rendered":"\t\t<div data-elementor-type=\"wp-page\" data-elementor-id=\"28572\" class=\"elementor elementor-28572 elementor-28353\" data-elementor-post-type=\"page\">\n\t\t\t\t<div class=\"elementor-element elementor-element-15c0ae22 e-flex e-con-boxed e-con e-parent\" data-id=\"15c0ae22\" data-element_type=\"container\" data-e-type=\"container\">\n\t\t\t\t\t<div class=\"e-con-inner\">\n\t\t<div class=\"elementor-element elementor-element-6ec5e34 e-flex e-con-boxed e-con e-child\" data-id=\"6ec5e34\" data-element_type=\"container\" data-e-type=\"container\">\n\t\t\t\t\t<div class=\"e-con-inner\">\n\t\t\t\t<div class=\"elementor-element elementor-element-3b78b570 elementor-widget elementor-widget-heading\" data-id=\"3b78b570\" data-element_type=\"widget\" data-e-type=\"widget\" data-widget_type=\"heading.default\">\n\t\t\t\t<div class=\"elementor-widget-container\">\n\t\t\t\t\t<h1 class=\"elementor-heading-title elementor-size-default\">Vielen Dank<\/h1>\t\t\t\t<\/div>\n\t\t\t\t<\/div>\n\t\t\t\t<div class=\"elementor-element elementor-element-376c4a37 elementor-widget elementor-widget-heading\" data-id=\"376c4a37\" data-element_type=\"widget\" data-e-type=\"widget\" data-widget_type=\"heading.default\">\n\t\t\t\t<div class=\"elementor-widget-container\">\n\t\t\t\t\t<div class=\"elementor-heading-title elementor-size-default\">Ihre Bestellung ist eingegangen unter der Nummer <strong>#0<\/strong>.<\/div>\t\t\t\t<\/div>\n\t\t\t\t<\/div>\n\t\t\t\t<div class=\"elementor-element elementor-element-2966968b elementor-widget elementor-widget-heading\" data-id=\"2966968b\" data-element_type=\"widget\" data-e-type=\"widget\" data-widget_type=\"heading.default\">\n\t\t\t\t<div class=\"elementor-widget-container\">\n\t\t\t\t\t<div class=\"elementor-heading-title elementor-size-default\">Sie werden in K\u00fcrze alle Details zu Ihrer Bestellung an Ihre E-Mail-Adresse  erhalten. Anschlie\u00dfend werden wir Sie dann \u00fcber den Status und den Versand Ihrer Bestellung informieren.<\/div>\t\t\t\t<\/div>\n\t\t\t\t<\/div>\n\t\t\t\t\t<\/div>\n\t\t\t\t<\/div>\n\t\t<div class=\"elementor-element elementor-element-10bfb794 e-con-full e-flex e-con e-child\" data-id=\"10bfb794\" data-element_type=\"container\" data-e-type=\"container\">\n\t\t\t\t<div class=\"elementor-element elementor-element-10e96e30 elementor-widget elementor-widget-heading\" data-id=\"10e96e30\" data-element_type=\"widget\" data-e-type=\"widget\" data-widget_type=\"heading.default\">\n\t\t\t\t<div class=\"elementor-widget-container\">\n\t\t\t\t\t<h2 class=\"elementor-heading-title elementor-size-default\">Zusammenfassung der Bestellung<\/h2>\t\t\t\t<\/div>\n\t\t\t\t<\/div>\n\t\t\t\t<\/div>\n\t\t\t\t\t<\/div>\n\t\t\t\t<\/div>\n\t\t<div class=\"elementor-element elementor-element-1c54d350 e-flex e-con-boxed e-con e-parent\" data-id=\"1c54d350\" data-element_type=\"container\" data-e-type=\"container\" data-settings=\"{&quot;background_background&quot;:&quot;classic&quot;}\">\n\t\t\t\t\t<div class=\"e-con-inner\">\n\t\t\t\t<div class=\"elementor-element elementor-element-6f4a41c3 elementor-widget elementor-widget-heading\" data-id=\"6f4a41c3\" data-element_type=\"widget\" data-e-type=\"widget\" data-widget_type=\"heading.default\">\n\t\t\t\t<div class=\"elementor-widget-container\">\n\t\t\t\t\t<div class=\"elementor-heading-title elementor-size-default\">Nochmals vielen Dank f\u00fcr Ihre Bestellung. <br>\nDas Team von CBDium<\/div>\t\t\t\t<\/div>\n\t\t\t\t<\/div>\n\t\t\t\t\t<\/div>\n\t\t\t\t<\/div>\n\t\t\t\t<\/div>\n\t\t","protected":false},"excerpt":{"rendered":"<p>Vielen Dank Ihre Bestellung ist eingegangen unter der Nummer #. Sie werden in K\u00fcrze alle Details zu Ihrer Bestellung an Ihre E-Mail-Adresse erhalten. Anschlie\u00dfend werden wir Sie dann \u00fcber den Status und den Versand Ihrer Bestellung informieren. Zusammenfassung der Bestellung Nochmals vielen Dank f\u00fcr Ihre Bestellung. Das Team von CBDium<\/p>\n","protected":false},"author":2,"featured_media":0,"parent":0,"menu_order":0,"comment_status":"closed","ping_status":"closed","template":"","meta":{"_acf_changed":false,"footnotes":""},"class_list":["post-28572","page","type-page","status-publish","hentry"],"acf":[],"_links":{"self":[{"href":"https:\/\/cbdium.eu\/de\/wp-json\/wp\/v2\/pages\/28572","targetHints":{"allow":["GET"]}}],"collection":[{"href":"https:\/\/cbdium.eu\/de\/wp-json\/wp\/v2\/pages"}],"about":[{"href":"https:\/\/cbdium.eu\/de\/wp-json\/wp\/v2\/types\/page"}],"author":[{"embeddable":true,"href":"https:\/\/cbdium.eu\/de\/wp-json\/wp\/v2\/users\/2"}],"replies":[{"embeddable":true,"href":"https:\/\/cbdium.eu\/de\/wp-json\/wp\/v2\/comments?post=28572"}],"version-history":[{"count":8,"href":"https:\/\/cbdium.eu\/de\/wp-json\/wp\/v2\/pages\/28572\/revisions"}],"predecessor-version":[{"id":28641,"href":"https:\/\/cbdium.eu\/de\/wp-json\/wp\/v2\/pages\/28572\/revisions\/28641"}],"wp:attachment":[{"href":"https:\/\/cbdium.eu\/de\/wp-json\/wp\/v2\/media?parent=28572"}],"curies":[{"name":"wp","href":"https:\/\/api.w.org\/{rel}","templated":true}]}}