{"id":41895,"date":"2025-09-09T19:47:43","date_gmt":"2025-09-09T17:47:43","guid":{"rendered":"https:\/\/cbdium.eu\/?post_type=product&#038;p=41895"},"modified":"2026-02-03T18:29:30","modified_gmt":"2026-02-03T17:29:30","slug":"cbdium-2000-ultra-grape","status":"publish","type":"product","link":"https:\/\/cbdium.eu\/cs\/obchod\/human-line-cs\/cbdium-2000-ultra-grape\/","title":{"rendered":"CBDium 2000 ultra fullspectrum grape"},"content":{"rendered":"<p data-start=\"34\" data-end=\"312\">Esenci 2000 ultra jsme navrhli jako speci\u00e1ln\u00ed formu nejintenzivn\u011bj\u0161\u00ed podpory v akutn\u00edch a n\u00e1ro\u010dn\u00fdch obdob\u00edch, kdy b\u011b\u017en\u00e9 produkty pro ka\u017edodenn\u00ed p\u00e9\u010di ji\u017e nesta\u010d\u00ed (1500 forte a ni\u017e\u0161\u00ed potence). Je ur\u010dena pro c\u00edlen\u00e9 pou\u017eit\u00ed jako podpora organismu ve v\u00fdjime\u010dn\u011b n\u00e1ro\u010dn\u00fdch situac\u00edch.<\/p>\n<p data-start=\"314\" data-end=\"378\">CBDium 2000 ultra m\u016f\u017ee b\u00fdt p\u0159\u00edrodn\u00ed podporou v p\u0159\u00edpadech, kdy:<\/p>\n<ul>\n<li data-start=\"382\" data-end=\"449\">\u010del\u00edte v\u00e1\u017en\u00fdm neurologick\u00fdm nebo neurodegenerativn\u00edm onemocn\u011bn\u00edm,<\/li>\n<li data-start=\"452\" data-end=\"506\">proch\u00e1z\u00edte onkologickou l\u00e9\u010dbou nebo paliativn\u00ed p\u00e9\u010d\u00ed,<\/li>\n<li data-start=\"509\" data-end=\"543\">za\u017e\u00edv\u00e1te t\u011b\u017ek\u00e9 psychick\u00e9 pot\u00ed\u017ee,<\/li>\n<li data-start=\"546\" data-end=\"631\">z\u00e1pas\u00edte s chronick\u00fdmi z\u00e1n\u011btliv\u00fdmi \u010di autoimunitn\u00edmi onemocn\u011bn\u00edmi v akutn\u00edm st\u00e1diu,<\/li>\n<li data-start=\"634\" data-end=\"727\">pot\u0159ebujete podporu b\u011bhem komplikovan\u00e9ho zotavov\u00e1n\u00ed nebo p\u0159i mimo\u0159\u00e1dn\u00e9m fyzick\u00e9m vy\u010derp\u00e1n\u00ed.<\/li>\n<\/ul>\n<p data-start=\"729\" data-end=\"901\">Esence m\u016f\u017ee organismu nab\u00eddnout oporu a pomoci k stabilizaci v krizov\u00fdch f\u00e1z\u00edch. Po zlep\u0161en\u00ed stavu je mo\u017en\u00e9 pokra\u010dovat nap\u0159\u00edklad esenc\u00ed 1500 forte nebo 1000 fullspectrum.<\/p>\n<p data-start=\"903\" data-end=\"1005\">Vn\u00edm\u00e1n\u00ed \u00fa\u010dinku je individu\u00e1ln\u00ed a m\u016f\u017ee se li\u0161it v z\u00e1vislosti na u\u017eivateli. Skladujte mimo dosah d\u011bt\u00ed.<\/p>\n<p data-start=\"1007\" data-end=\"1098\">Pro v\u00edce informac\u00ed o na\u0161\u00ed nejkoncentrovan\u011bj\u0161\u00ed esenci 2000 ultra si p\u0159e\u010dt\u011bte <span style=\"color: #339966;\"><a style=\"color: #339966;\" href=\"\/cs\/?p=41847\">tento \u010dl\u00e1nek<\/a><\/span>.<\/p>\n<h4 data-start=\"1105\" data-end=\"1134\"><strong data-start=\"1105\" data-end=\"1132\">Fullspectrum nebo pure?<\/strong><\/h4>\n<p data-start=\"1136\" data-end=\"1306\">V p\u0159\u00edpad\u011b u\u017e\u00edv\u00e1n\u00ed antipsychotik, chronicky vysok\u00e9ho krevn\u00edho tlaku, drogov\u00e9 z\u00e1vislosti, kojen\u00ed nebo t\u011bhotenstv\u00ed je vhodn\u011bj\u0161\u00ed s\u00e1hnout po esenci 1000 pure bez obsahu THC.<\/p>\n<h4 data-start=\"1308\" data-end=\"1340\"><strong data-start=\"1308\" data-end=\"1338\">D\u00fd\u0148ov\u00fd nebo hroznov\u00fd olej?<\/strong><\/h4>\n<ul>\n<li data-start=\"1344\" data-end=\"1437\">Hroznov\u00fd olej zvolte v p\u0159\u00edpad\u011b citlivosti na v\u00fdrazn\u00e9 chut\u011b nebo p\u0159i alergii na d\u00fd\u0148ov\u00fd olej.<\/li>\n<li data-start=\"1440\" data-end=\"1590\">D\u00fd\u0148ov\u00fd olej, kter\u00fd zaru\u010duje ide\u00e1ln\u00ed vst\u0159ebatelnost \u00fa\u010dinn\u00fdch l\u00e1tek, zvolte, pokud nejste citliv\u00ed na v\u00fdrazn\u00e9 chut\u011b nebo m\u00e1te alergii na hroznov\u00fd olej.<\/li>\n<li data-start=\"1593\" data-end=\"1757\">Pokud s v\u00e1mi rezonuje princip stravov\u00e1n\u00ed podle krevn\u00edch skupin, d\u00fd\u0148ov\u00fd olej vyhovuje zejm\u00e9na krevn\u00edm skupin\u00e1m 0 a A, hroznov\u00fd olej vyhovuje v\u0161em krevn\u00edm skupin\u00e1m.<\/li>\n<\/ul>\n<p data-start=\"1759\" data-end=\"1843\">V\u00edce informac\u00ed o rozd\u00edlech mezi d\u00fd\u0148ov\u00fdm a hroznov\u00fdm olejem najdete v <span style=\"color: #339966;\"><a style=\"color: #339966;\" href=\"https:\/\/cbdium.eu\/cs\/predstavujeme-cbdium-s-hroznovym-olejem-v-cem-se-lisi-od-dynoveho\/\">tomto \u010dl\u00e1nku<\/a><\/span>.<\/p>\n<h4 data-start=\"1850\" data-end=\"1865\"><strong data-start=\"1850\" data-end=\"1863\">D\u00e1vkov\u00e1n\u00ed<\/strong><\/h4>\n<p data-start=\"1867\" data-end=\"1911\">Doporu\u010den\u00e9 denn\u00ed d\u00e1vkov\u00e1n\u00ed je 3 \u00d7 5 kapek.<\/p>\n<p data-start=\"1913\" data-end=\"1959\">V individu\u00e1ln\u00edch p\u0159\u00edpadech lze d\u00e1vku zv\u00fd\u0161it:<\/p>\n<ul>\n<li data-start=\"1963\" data-end=\"2023\">p\u0159i pot\u0159eb\u011b intenzivn\u011bj\u0161\u00ed podpory na 3 \u00d7 6 a\u017e 3 \u00d7 10 kapek<\/li>\n<li data-start=\"2026\" data-end=\"2056\">v\u00fdjime\u010dn\u011b a\u017e na 3 \u00d7 15 kapek<\/li>\n<\/ul>\n<p data-start=\"2058\" data-end=\"2199\">CBDium doporu\u010dujeme u\u017e\u00edvat 6 m\u011bs\u00edc\u016f, pot\u00e9 si dop\u0159\u00e1t <span style=\"color: #339966;\"><a style=\"color: #339966;\" href=\"https:\/\/cbdium.eu\/cs\/dlouhodobe-uzivani-cbdium-faze-uzivani-a-21denni-pauza-2\/\">21denn\u00ed pauzu<\/a><\/span> a n\u00e1sledn\u011b pokra\u010dovat v u\u017e\u00edv\u00e1n\u00ed p\u0159ibli\u017en\u011b 3\u20136 m\u011bs\u00edc\u016f pro upevn\u011bn\u00ed \u00fa\u010dinku.<\/p>\n<h4 data-start=\"2206\" data-end=\"2220\"><strong data-start=\"2206\" data-end=\"2218\">Pod\u00e1v\u00e1n\u00ed<\/strong><\/h4>\n<ul>\n<li data-start=\"2224\" data-end=\"2253\">Esenci nakapejte pod jazyk.<\/li>\n<li data-start=\"2256\" data-end=\"2475\">Zav\u0159ete \u00fasta a o\u010di a nechte 2 minuty p\u016fsobit. V\u011bdom\u011b d\u00fdchejte nosem. \u010cty\u0159i sekundy hlubok\u00fd n\u00e1dech, osm sekund pomal\u00fd v\u00fddech. Cvi\u010den\u00ed v\u00e1m pom\u016f\u017ee nav\u00e1zat kontakt s t\u00edm, co se d\u011bje ve va\u0161em t\u011ble, a z\u00edskat nadhled nad my\u0161lenkov\u00fdmi vzorci.<\/li>\n<li data-start=\"2478\" data-end=\"2503\">Polkn\u011bte a nezap\u00edjejte.<\/li>\n<li data-start=\"2506\" data-end=\"2594\">Pokud je to mo\u017en\u00e9, p\u0159ibli\u017en\u011b po 5 minut\u00e1ch se najedte, \u010d\u00edm\u017e podpo\u0159\u00edte vst\u0159eb\u00e1v\u00e1n\u00ed CBD.<\/li>\n<\/ul>\n","protected":false},"excerpt":{"rendered":"<p>CBDium 2000 ultra je du\u00e1ln\u00ed olejov\u00e1 esence z organick\u00e9ho d\u00fd\u0148ov\u00e9ho nebo hroznov\u00e9ho oleje a organick\u00e9ho konopn\u00e9ho extraktu s nejvy\u0161\u0161\u00ed koncentrac\u00ed kanabinoid\u016f v na\u0161em portfoliu.<\/p>\n","protected":false},"featured_media":41825,"comment_status":"closed","ping_status":"closed","template":"","meta":{"_acf_changed":false},"product_brand":[],"product_cat":[54],"product_tag":[],"class_list":{"0":"post-41895","1":"product","2":"type-product","3":"status-publish","4":"has-post-thumbnail","6":"product_cat-human-line-cs","8":"first","9":"instock","10":"taxable","11":"shipping-taxable","12":"purchasable","13":"product-type-simple"},"acf":[],"_links":{"self":[{"href":"https:\/\/cbdium.eu\/cs\/wp-json\/wp\/v2\/product\/41895","targetHints":{"allow":["GET"]}}],"collection":[{"href":"https:\/\/cbdium.eu\/cs\/wp-json\/wp\/v2\/product"}],"about":[{"href":"https:\/\/cbdium.eu\/cs\/wp-json\/wp\/v2\/types\/product"}],"replies":[{"embeddable":true,"href":"https:\/\/cbdium.eu\/cs\/wp-json\/wp\/v2\/comments?post=41895"}],"wp:featuredmedia":[{"embeddable":true,"href":"https:\/\/cbdium.eu\/cs\/wp-json\/wp\/v2\/media\/41825"}],"wp:attachment":[{"href":"https:\/\/cbdium.eu\/cs\/wp-json\/wp\/v2\/media?parent=41895"}],"wp:term":[{"taxonomy":"product_brand","embeddable":true,"href":"https:\/\/cbdium.eu\/cs\/wp-json\/wp\/v2\/product_brand?post=41895"},{"taxonomy":"product_cat","embeddable":true,"href":"https:\/\/cbdium.eu\/cs\/wp-json\/wp\/v2\/product_cat?post=41895"},{"taxonomy":"product_tag","embeddable":true,"href":"https:\/\/cbdium.eu\/cs\/wp-json\/wp\/v2\/product_tag?post=41895"}],"curies":[{"name":"wp","href":"https:\/\/api.w.org\/{rel}","templated":true}]}}