{"id":40895,"date":"2025-08-06T21:12:49","date_gmt":"2025-08-06T19:12:49","guid":{"rendered":"https:\/\/cbdium.eu\/?post_type=product&#038;p=40895"},"modified":"2025-11-06T11:08:44","modified_gmt":"2025-11-06T10:08:44","slug":"konopny-protein-kopia","status":"publish","type":"product","link":"https:\/\/cbdium.eu\/cs\/obchod\/jine\/konopny-protein-kopia\/","title":{"rendered":"Konopn\u00fd protein green"},"content":{"rendered":"<p data-start=\"139\" data-end=\"404\">Konopn\u00fd protein Green je vitam\u00ednov\u00e1 a miner\u00e1ln\u00ed superpotravina (superfood), vhodn\u00e1 nejen pro fyzicky aktivn\u00ed lidi a sportovce, ale pro ka\u017ed\u00e9ho, kdo chce doplnit sv\u016fj p\u0159\u00edjem b\u00edlkovin z rostlinn\u00e9ho zdroje, \u0161etrn\u011b zpracovan\u00e9ho tak, aby si uchoval co nejv\u00edce \u017eivin.<\/p>\n<p data-start=\"406\" data-end=\"556\">Vznik\u00e1 z odli\u0161n\u00e9 odr\u016fdy konop\u00ed, d\u00edky kter\u00e9 m\u00e1 charakteristickou tmav\u011b zelenou barvu, jemn\u011bj\u0161\u00ed o\u0159\u00ed\u0161kovou chu\u0165 a je\u0161t\u011b vy\u0161\u0161\u00ed obsah rostlinn\u00fdch b\u00edlkovin.<\/p>\n<p data-start=\"558\" data-end=\"673\">Jde o \u010dist\u00fd rostlinn\u00fd extrakt bez sladidel, um\u011bl\u00fdch p\u0159\u00edsad a dochucovadel, s p\u0159irozenou chut\u00ed p\u0159ipom\u00ednaj\u00edc\u00ed o\u0159\u00ed\u0161ky.<\/p>\n<p data-start=\"675\" data-end=\"688\">Obsahuje:<\/p>\n<p data-start=\"690\" data-end=\"797\">Vitam\u00edny skupiny E, B (B1, B2, B3, B6), \u03b1-E, \u03b3-E<br data-start=\"738\" data-end=\"741\" \/>Miner\u00e1ly: v\u00e1pn\u00edk, \u017eelezo, ho\u0159\u010d\u00edk, fosfor, drasl\u00edk, zinek<\/p>\n<p data-start=\"799\" data-end=\"852\">Chu\u0165ov\u00fd profil: jemn\u011bj\u0161\u00ed, neutr\u00e1ln\u00ed o\u0159\u00ed\u0161kov\u00e1 chu\u0165<\/p>\n<p data-start=\"854\" data-end=\"1050\">Tip na p\u0159\u00edpravu:<br data-start=\"874\" data-end=\"877\" \/>Do p\u016fl litru rostlinn\u00e9ho ml\u00e9ka (nap\u0159. mandlov\u00e9ho nebo kokosov\u00e9ho) p\u0159idejte zhruba jednu pol\u00e9vkovou l\u017e\u00edci proteinu, l\u017ei\u010dku medu nebo ban\u00e1n a prom\u00edchejte v \u0161ejkru nebo mix\u00e9ru.<\/p>\n<p data-start=\"1052\" data-end=\"1324\">Slo\u017een\u00ed:<br data-start=\"1064\" data-end=\"1067\" \/>Kv\u016fli p\u0159irozen\u00fdm v\u00fdkyv\u016fm a zm\u011bn\u00e1m b\u011bhem v\u00fdroby a skladov\u00e1n\u00ed nemohou \u010dist\u00e9 p\u0159\u00edrodn\u00ed l\u00e1tky, jako tento konopn\u00fd protein, obsahovat v\u00fd\u017eivov\u00e9 hodnoty v p\u0159esn\u011b stanoven\u00e9m mno\u017estv\u00ed. Uv\u00e1d\u00edme proto p\u0159ibli\u017en\u00e9 hodnoty s odchylkami v souladu s na\u0159\u00edzen\u00edmi Evropsk\u00e9 unie.<\/p>\n<p data-start=\"1326\" data-end=\"1580\">V\u00fd\u017eivov\u00e9 \u00fadaje na 100\u202fg:<br \/>\nEnergie: 1610\u202fkJ \/ 383\u202fkcal<br data-start=\"1382\" data-end=\"1385\" \/>Tuky: 10\u202fg<br data-start=\"1395\" data-end=\"1398\" \/>z toho nasycen\u00e9 mastn\u00e9 kyseliny: 1,4\u202fg<br data-start=\"1438\" data-end=\"1441\" \/>mononenasycen\u00e9: 1,0\u202fg<br data-start=\"1464\" data-end=\"1467\" \/>polynenasycen\u00e9: 7,2\u202fg<br data-start=\"1490\" data-end=\"1493\" \/>Sacharidy: 1,3\u202fg<br data-start=\"1509\" data-end=\"1512\" \/>z toho cukry: 1,3\u202fg<br data-start=\"1533\" data-end=\"1536\" \/>B\u00edlkoviny: 66\u202fg<br data-start=\"1551\" data-end=\"1554\" \/>Vl\u00e1knina: 8,4\u202fg<br data-start=\"1569\" data-end=\"1572\" \/>S\u016fl: 0\u202fg<\/p>\n<p data-start=\"1582\" data-end=\"1714\">M\u016f\u017ee obsahovat stopy lepku nebo s\u00f3ji.<br data-start=\"1619\" data-end=\"1622\" \/>Skladujte na chladn\u00e9m, tmav\u00e9m a such\u00e9m m\u00edst\u011b do 22\u202f\u00b0C. Spot\u0159ebujte do 15 m\u011bs\u00edc\u016f po otev\u0159en\u00ed.<\/p>\n<h4 data-start=\"0\" data-end=\"44\">Dva proteiny. Stejn\u00e1 kvalita. Jak si vybrat?<\/h4>\n<p data-start=\"46\" data-end=\"384\">Na\u0161e dva proteiny \u2013 p\u016fvodn\u00ed Konopn\u00fd protein a novinka Konopn\u00fd protein Green \u2013 jsou dv\u011b plnohodnotn\u00e9 alternativy, kter\u00e9 respektuj\u00ed r\u016fzn\u00e9 preference t\u011bla i chuti.<br data-start=\"206\" data-end=\"209\" \/>Oba proteiny jsou 100% rostlinn\u00e9, bez p\u0159idan\u00fdch l\u00e1tek, bohat\u00e9 na b\u00edlkoviny, vitaminy a miner\u00e1ly. Li\u0161\u00ed se p\u0159edev\u0161\u00edm ve v\u00fd\u017eivov\u00fdch hodnot\u00e1ch, v odr\u016fd\u011b konop\u00ed a chu\u0165ov\u00e9m profilu.<\/p>\n<p data-start=\"386\" data-end=\"502\">Abychom v\u00e1m usnadnili v\u00fdb\u011br toho, kter\u00fd v\u00e1m bude nejl\u00e9pe vyhovovat, p\u0159ipravili jsme p\u0159ehled jejich hlavn\u00edch rozd\u00edl\u016f:<\/p>\n<table style=\"height: 315px;\" width=\"916\">\n<tbody>\n<tr>\n<td><\/td>\n<td><b>Konopn\u00fd protein<\/b><\/td>\n<td><b>Konopn\u00fd protein green<\/b><\/td>\n<\/tr>\n<tr>\n<td><b>Chu\u0165<\/b><\/td>\n<td>V\u00fdrazn\u011bj\u0161\u00ed, pln\u00e1, s hlubok\u00fdm o\u0159\u00ed\u0161kov\u00fdm t\u00f3nem<\/td>\n<td>Jemn\u011bj\u0161\u00ed, neutr\u00e1ln\u00ed, lehce o\u0159\u00ed\u0161kov\u00e1<\/td>\n<\/tr>\n<tr>\n<td><b>Bielkoviny<\/b><\/td>\n<td><span style=\"font-weight: 400;\">60\u201363 g na 100 g<\/span><\/td>\n<td>66 g na 100 g \u2013 o n\u011bco vy\u0161\u0161\u00ed obsah<\/td>\n<\/tr>\n<tr>\n<td><b>Vl\u00e1knina<\/b><\/td>\n<td>15\u201316 g na 100 g \u2013 syt\u011bj\u0161\u00ed<\/td>\n<td>8,4 g na 100 g \u2013 leh\u010d\u00ed na tr\u00e1ven\u00ed<\/td>\n<\/tr>\n<tr>\n<td><b>Tuky a omega kyseliny<\/b><\/td>\n<td>V\u00edce omega 3, 6 a 9 mastn\u00fdch kyselin<\/td>\n<td>Ni\u017e\u0161\u00ed celkov\u00fd tuk, jednodu\u0161\u0161\u00ed struktura tuk\u016f<\/td>\n<\/tr>\n<tr>\n<td><b>Farba a <\/b><b>konzistencia<\/b><\/td>\n<td>P\u0159\u00edrodn\u00ed m\u00e1slov\u00e1, hutn\u011bj\u0161\u00ed pr\u00e1\u0161ek<\/td>\n<td>Tmav\u0161\u00ed zelen\u00e1, jemn\u011bj\u0161\u00ed konzistence<\/td>\n<\/tr>\n<\/tbody>\n<\/table>\n<p><strong data-start=\"1046\" data-end=\"1066\">Na\u0161e doporu\u010den\u00ed:<\/strong><br data-start=\"1066\" data-end=\"1069\" \/>Nejl\u00e9pe si protein vyberete podle vlastn\u00ed zku\u0161enosti, podle toho, zda preferujete syt\u011bj\u0161\u00ed a chu\u0165ov\u011b pln\u011bj\u0161\u00ed formu, nebo leh\u010d\u00ed a jemn\u011bj\u0161\u00ed variantu. Doporu\u010dujeme postupn\u011b vyzkou\u0161et oba a zjistit, kter\u00fd v\u00edce odpov\u00edd\u00e1 va\u0161im pot\u0159eb\u00e1m. Va\u0161e t\u011blo v\u00ed nejl\u00e9pe.<\/p>\n","protected":false},"excerpt":{"rendered":"<p>Konopn\u00fd protein green je organick\u00fd rostlinn\u00fd v\u00fdta\u017eek z konop\u00ed obsahuj\u00edc\u00ed \u0161irok\u00e9 spektrum prosp\u011b\u0161n\u00fdch \u017eivin, vitam\u00edn\u016f a miner\u00e1l\u016f.<\/p>\n","protected":false},"featured_media":41010,"comment_status":"open","ping_status":"closed","template":"","meta":{"_acf_changed":false},"product_brand":[],"product_cat":[57],"product_tag":[],"class_list":{"0":"post-40895","1":"product","2":"type-product","3":"status-publish","4":"has-post-thumbnail","6":"product_cat-jine","8":"first","9":"instock","10":"taxable","11":"shipping-taxable","12":"purchasable","13":"product-type-simple"},"acf":[],"_links":{"self":[{"href":"https:\/\/cbdium.eu\/cs\/wp-json\/wp\/v2\/product\/40895","targetHints":{"allow":["GET"]}}],"collection":[{"href":"https:\/\/cbdium.eu\/cs\/wp-json\/wp\/v2\/product"}],"about":[{"href":"https:\/\/cbdium.eu\/cs\/wp-json\/wp\/v2\/types\/product"}],"replies":[{"embeddable":true,"href":"https:\/\/cbdium.eu\/cs\/wp-json\/wp\/v2\/comments?post=40895"}],"wp:featuredmedia":[{"embeddable":true,"href":"https:\/\/cbdium.eu\/cs\/wp-json\/wp\/v2\/media\/41010"}],"wp:attachment":[{"href":"https:\/\/cbdium.eu\/cs\/wp-json\/wp\/v2\/media?parent=40895"}],"wp:term":[{"taxonomy":"product_brand","embeddable":true,"href":"https:\/\/cbdium.eu\/cs\/wp-json\/wp\/v2\/product_brand?post=40895"},{"taxonomy":"product_cat","embeddable":true,"href":"https:\/\/cbdium.eu\/cs\/wp-json\/wp\/v2\/product_cat?post=40895"},{"taxonomy":"product_tag","embeddable":true,"href":"https:\/\/cbdium.eu\/cs\/wp-json\/wp\/v2\/product_tag?post=40895"}],"curies":[{"name":"wp","href":"https:\/\/api.w.org\/{rel}","templated":true}]}}