{"id":29525,"date":"2024-07-24T12:26:29","date_gmt":"2024-07-24T10:26:29","guid":{"rendered":"https:\/\/cbdium.eu\/?post_type=product&#038;p=29525"},"modified":"2026-02-03T18:29:41","modified_gmt":"2026-02-03T17:29:41","slug":"cbdium-extra-urgent","status":"publish","type":"product","link":"https:\/\/cbdium.eu\/cs\/obchod\/kury-therapy-cs\/cbdium-extra-urgent\/","title":{"rendered":"CBDium Extra Urgent"},"content":{"rendered":"<p data-start=\"38\" data-end=\"230\">K\u00fara Extra Urgent byla sestavena pro osoby proch\u00e1zej\u00edc\u00ed n\u00e1ro\u010dn\u00fdm obdob\u00edm se zv\u00fd\u0161enou fyzickou nebo psychickou z\u00e1t\u011b\u017e\u00ed, kter\u00e9 hledaj\u00ed intenzivn\u00ed podporu organismu a jeho p\u0159irozen\u00e9 rovnov\u00e1hy.<\/p>\n<p data-start=\"232\" data-end=\"275\">K\u00faru Extra Urgent m\u016f\u017eete zv\u00e1\u017eit, pokud:<\/p>\n<ul>\n<li data-start=\"279\" data-end=\"358\">proch\u00e1z\u00edte obdob\u00edm zotavov\u00e1n\u00ed po v\u00e1\u017en\u011bj\u0161\u00ed fyzick\u00e9 z\u00e1t\u011b\u017ei nebo akutn\u00ed situaci,<\/li>\n<li data-start=\"361\" data-end=\"430\">\u010del\u00edte v\u00edcero v\u00fdzv\u00e1m spojen\u00fdm s fyzick\u00fdm nebo psychick\u00fdm komfortem,<\/li>\n<li data-start=\"433\" data-end=\"497\">hled\u00e1te p\u0159irozenou podporu organismu p\u0159i dlouhodob\u011bj\u0161\u00ed z\u00e1t\u011b\u017ei,<\/li>\n<li data-start=\"500\" data-end=\"664\">sou\u010d\u00e1st\u00ed va\u0161\u00ed p\u00e9\u010de je intenzivn\u011bj\u0161\u00ed farmakologick\u00e1 l\u00e9\u010dba nebo jste citliv\u011bj\u0161\u00ed na p\u0159\u00edrodn\u00ed l\u00e1tky \u2013 v takov\u00e9m p\u0159\u00edpad\u011b doporu\u010dujeme jemn\u011bj\u0161\u00ed esenci s hroznov\u00fdm olejem.<\/li>\n<\/ul>\n<p data-start=\"666\" data-end=\"885\">C\u00edlem k\u00fary je podpo\u0159it fyzickou a psychickou rovnov\u00e1hu organismu (homeost\u00e1zu) a subjektivn\u011b vn\u00edman\u00e9 zlep\u0161en\u00ed stability a komfortu.<br data-start=\"796\" data-end=\"799\" \/>M\u016f\u017ee p\u0159in\u00e9st pocit uvoln\u011bn\u00ed, jasn\u011bj\u0161\u00ed mysli a v\u011bt\u0161\u00ed stability v ka\u017edodenn\u00edm fungov\u00e1n\u00ed.<\/p>\n<p data-start=\"22\" data-end=\"100\">Upozorn\u011bn\u00ed: Tento dopln\u011bk stravy nenahrazuje pestrou a vyv\u00e1\u017eenou stravu. Vn\u00edm\u00e1n\u00ed \u00fa\u010dinku je individu\u00e1ln\u00ed a m\u016f\u017ee se li\u0161it podle u\u017eivatele. Uchov\u00e1vejte mimo dosah d\u011bt\u00ed.<\/p>\n<h4><strong>Fullspectrum, nebo pure?<\/strong><\/h4>\n<p>V p\u0159\u00edpad\u011b u\u017e\u00edv\u00e1n\u00ed antipsychotik, chronicky vysok\u00e9ho krevn\u00edho tlaku, drogov\u00e9 z\u00e1vislosti, kojen\u00ed nebo v t\u011bhotenstv\u00ed s\u00e1hn\u011bte po verzi <a href=\"https:\/\/cbdium.eu\/cs\/obchod\/human-line-cs\/cbdium-1000-pure\/\" target=\"_blank\" rel=\"noopener\">1000 pure<\/a> bez obsahu THC.<\/p>\n<h4><strong>D\u00e1vkov\u00e1n\u00ed<\/strong><\/h4>\n<p>K\u00faru Extra Urgent za\u010dn\u011bte esenc\u00ed <a href=\"https:\/\/cbdium.eu\/cs\/obchod\/human-line-cs\/cbdium-1500-forte-grape\/\">1500 forte grape<\/a>, pokra\u010dujte s 1500 forte grape a k\u00faru zakon\u010dete esenc\u00ed <a href=\"https:\/\/cbdium.eu\/cs\/obchod\/human-line-cs\/cbdium-1000-fullspectrum-grape\/\">1000 fullspectrum grape<\/a>. Doporu\u010den\u00e9 denn\u00ed d\u00e1vkov\u00e1n\u00ed je 3 x 5 kapek. Denn\u00ed d\u00e1vku si v p\u0159\u00edpad\u011b pot\u0159eby m\u016f\u017eete rozd\u011blit do dvou d\u00e1vek. P\u0159i doporu\u010den\u00e9m d\u00e1vkov\u00e1n\u00ed vydr\u017e\u00ed jedna lahvi\u010dka p\u0159ibli\u017en\u011b 2 a\u017e 3 t\u00fddny.<\/p>\n<p>P\u0159i pot\u0159eb\u011b intenzivn\u011bj\u0161\u00ed podpory je mo\u017en\u00e9 d\u00e1vku zv\u00fd\u0161it na 3 \u00d7 6 a\u017e 3 \u00d7 10 kapek.<\/p>\n<p>CBDium doporu\u010dujeme u\u017e\u00edvat 6 m\u011bs\u00edc\u016f, potom ud\u011blat <a href=\"https:\/\/cbdium.eu\/cs\/dlouhodobe-uzivani-cbdium-faze-uzivani-a-21denni-pauza-2\/\">21denn\u00ed pauzu<\/a> a n\u00e1sledn\u011b pokra\u010dovat v u\u017e\u00edv\u00e1n\u00ed p\u0159ibli\u017en\u011b 3\u20136 m\u011bs\u00edc\u016f pro pos\u00edlen\u00ed efektu.<\/p>\n<h4><strong>Pod\u00e1v\u00e1n\u00ed<\/strong><\/h4>\n<ol>\n<li>Esenci nakapejte pod jazyk.<\/li>\n<li>Zav\u0159ete \u00fasta a o\u010di a nechte 2 minuty p\u016fsobit. V\u011bdom\u011b d\u00fdchejte nosem. \u010cty\u0159i sekundy hlubok\u00fd n\u00e1dech, osm sekund pomal\u00fd v\u00fddech. Cvi\u010den\u00ed v\u00e1m pom\u016f\u017ee nav\u00e1zat kontakt s t\u00edm, co se d\u011bje ve va\u0161em t\u011ble, a z\u00edskat nadhled nad my\u0161lenkov\u00fdmi vzorci.<\/li>\n<li>Spolkn\u011bte a nezap\u00edjejte.<\/li>\n<li>Pokud je to mo\u017en\u00e9, p\u0159ibli\u017en\u011b po 5 minut\u00e1ch se najezte, \u010d\u00edm\u017e podpo\u0159\u00edte vst\u0159eb\u00e1v\u00e1n\u00ed CBD.<\/li>\n<\/ol>\n","protected":false},"excerpt":{"rendered":"<div class=\"flex-shrink-0 flex flex-col relative items-end\">\n<div>\n<div class=\"pt-0\">\n<div class=\"gizmo-bot-avatar flex h-8 w-8 items-center justify-center overflow-hidden rounded-full\">\n<div class=\"relative p-1 rounded-sm flex items-center justify-center bg-token-main-surface-primary text-token-text-primary h-8 w-8\">K\u00fara Extra Urgent je trojbalen\u00ed olej\u016f 2 x 1500 forte grape a 1 x 1000 fullspectrum grape. CBDium jsou du\u00e1ln\u00ed olejov\u00e9 esence z organick\u00e9ho d\u00fd\u0148ov\u00e9ho nebo hroznov\u00e9ho oleje a organick\u00e9ho konopn\u00e9ho extraktu.<\/div>\n<\/div>\n<\/div>\n<\/div>\n<\/div>\n","protected":false},"featured_media":29529,"comment_status":"open","ping_status":"closed","template":"","meta":{"_acf_changed":false},"product_brand":[],"product_cat":[53],"product_tag":[],"class_list":{"0":"post-29525","1":"product","2":"type-product","3":"status-publish","4":"has-post-thumbnail","6":"product_cat-kury-therapy-cs","8":"first","9":"instock","10":"taxable","11":"shipping-taxable","12":"purchasable","13":"product-type-simple"},"acf":[],"_links":{"self":[{"href":"https:\/\/cbdium.eu\/cs\/wp-json\/wp\/v2\/product\/29525","targetHints":{"allow":["GET"]}}],"collection":[{"href":"https:\/\/cbdium.eu\/cs\/wp-json\/wp\/v2\/product"}],"about":[{"href":"https:\/\/cbdium.eu\/cs\/wp-json\/wp\/v2\/types\/product"}],"replies":[{"embeddable":true,"href":"https:\/\/cbdium.eu\/cs\/wp-json\/wp\/v2\/comments?post=29525"}],"wp:featuredmedia":[{"embeddable":true,"href":"https:\/\/cbdium.eu\/cs\/wp-json\/wp\/v2\/media\/29529"}],"wp:attachment":[{"href":"https:\/\/cbdium.eu\/cs\/wp-json\/wp\/v2\/media?parent=29525"}],"wp:term":[{"taxonomy":"product_brand","embeddable":true,"href":"https:\/\/cbdium.eu\/cs\/wp-json\/wp\/v2\/product_brand?post=29525"},{"taxonomy":"product_cat","embeddable":true,"href":"https:\/\/cbdium.eu\/cs\/wp-json\/wp\/v2\/product_cat?post=29525"},{"taxonomy":"product_tag","embeddable":true,"href":"https:\/\/cbdium.eu\/cs\/wp-json\/wp\/v2\/product_tag?post=29525"}],"curies":[{"name":"wp","href":"https:\/\/api.w.org\/{rel}","templated":true}]}}