{"id":1730,"date":"2024-01-06T16:29:19","date_gmt":"2024-01-06T15:29:19","guid":{"rendered":"https:\/\/new.cbdium.eu\/?post_type=product&#038;p=1730"},"modified":"2026-02-03T18:27:41","modified_gmt":"2026-02-03T17:27:41","slug":"cbdium-1000-fullspectrum","status":"publish","type":"product","link":"https:\/\/cbdium.eu\/cs\/obchod\/human-line-cs\/cbdium-1000-fullspectrum\/","title":{"rendered":"CBDium 1000 fullspectrum"},"content":{"rendered":"<p data-start=\"38\" data-end=\"193\">Esenci 1000 fullspectrum jsme navrhli jako koncentrovan\u011bj\u0161\u00ed podporu pro aktivn\u00ed lidi a v\u0161echny, kte\u0159\u00ed denn\u011b \u010del\u00ed zv\u00fd\u0161en\u00e9 fyzick\u00e9 nebo psychick\u00e9 z\u00e1t\u011b\u017ei.<\/p>\n<p data-start=\"195\" data-end=\"252\">M\u016f\u017ee b\u00fdt vhodnou sou\u010d\u00e1st\u00ed ka\u017edodenn\u00ed p\u00e9\u010de, zejm\u00e9na pokud:<\/p>\n<ul data-start=\"254\" data-end=\"529\">\n<li data-start=\"254\" data-end=\"312\">\n<p data-start=\"256\" data-end=\"312\">za\u017e\u00edv\u00e1te dlouhodob\u00e1 obdob\u00ed \u00fanavy, stresu nebo neklidu,<\/p>\n<\/li>\n<li data-start=\"313\" data-end=\"386\">\n<p data-start=\"315\" data-end=\"386\">pot\u0159ebujete podpo\u0159it svou schopnost soust\u0159ed\u011bn\u00ed a vnit\u0159n\u00edho uvoln\u011bn\u00ed,<\/p>\n<\/li>\n<li data-start=\"387\" data-end=\"469\">\n<p data-start=\"389\" data-end=\"469\">vykon\u00e1v\u00e1te pr\u00e1ci nebo \u010dinnost vy\u017eaduj\u00edc\u00ed vysok\u00e9 psychick\u00e9 \u010di fyzick\u00e9 nasazen\u00ed,<\/p>\n<\/li>\n<li data-start=\"470\" data-end=\"529\">\n<p data-start=\"472\" data-end=\"529\">hled\u00e1te p\u0159\u00edrodn\u00ed oporu b\u011bhem n\u00e1ro\u010dn\u011bj\u0161\u00edch \u017eivotn\u00edch f\u00e1z\u00ed.<\/p>\n<\/li>\n<\/ul>\n<p data-start=\"531\" data-end=\"672\">C\u00edlem esence je podpo\u0159it p\u0159irozen\u00e9 procesy organismu, kter\u00e9 mohou p\u0159isp\u011bt k lep\u0161\u00edmu zvl\u00e1d\u00e1n\u00ed z\u00e1t\u011b\u017ee a udr\u017een\u00ed vnit\u0159n\u00ed rovnov\u00e1hy (homeost\u00e1zy).<\/p>\n<p data-start=\"28\" data-end=\"104\">Upozorn\u011bn\u00ed: Tento dopln\u011bk stravy nenahrazuje pestrou a vyv\u00e1\u017eenou stravu. Vn\u00edm\u00e1n\u00ed \u00fa\u010dinku je individu\u00e1ln\u00ed a m\u016f\u017ee se li\u0161it podle u\u017eivatele. Uchov\u00e1vejte mimo dosah d\u011bt\u00ed.<\/p>\n<h4><strong>Fullspectrum, nebo pure?<\/strong><\/h4>\n<p>V p\u0159\u00edpad\u011b u\u017e\u00edv\u00e1n\u00ed antipsychotik, chronicky vysok\u00e9ho krevn\u00edho tlaku, drogov\u00e9 z\u00e1vislosti, kojen\u00ed nebo v t\u011bhotenstv\u00ed doporu\u010dujeme zvolit verzi <a href=\"https:\/\/cbdium.eu\/cs\/obchod\/human-line-cs\/cbdium-1000-pure\/\" target=\"_blank\" rel=\"noopener\">1000 pure<\/a> bez obsahu THC.<\/p>\n<h4><strong>D\u00fd\u0148ov\u00fd, nebo hroznov\u00fd olej?<\/strong><\/h4>\n<ul>\n<li>Hroznov\u00fd olej zvolte v p\u0159\u00edpad\u011b citlivosti na v\u00fdrazn\u00e9 chut\u011b nebo p\u0159i alergii na d\u00fd\u0148ov\u00fd olej.<\/li>\n<li>D\u00fd\u0148ov\u00fd olej, kter\u00fd zaru\u010duje je\u0161t\u011b lep\u0161\u00ed vst\u0159ebatelnost \u00fa\u010dinn\u00fdch l\u00e1tek, zvolte, pokud nejste citliv\u00ed na v\u00fdrazn\u00e9 chut\u011b nebo m\u00e1te alergii na hroznov\u00fd olej.<\/li>\n<\/ul>\n<p>Pokud s v\u00e1mi rezonuje princip stravov\u00e1n\u00ed podle krevn\u00edch skupin, d\u00fd\u0148ov\u00fd olej vyhovuje zejm\u00e9na krevn\u00edm skupin\u00e1m 0 a A, hroznov\u00fd olej vyhovuje v\u0161em krevn\u00edm skupin\u00e1m.<\/p>\n<p>V\u00edce informac\u00ed o rozd\u00edlech mezi d\u00fd\u0148ov\u00fdm a hroznov\u00fdm olejem najdete <a href=\"https:\/\/cbdium.eu\/cs\/predstavujeme-cbdium-s-hroznovym-olejem-v-cem-se-lisi-od-dynoveho\/\">v tomto \u010dl\u00e1nku<\/a>.<\/p>\n<h4><strong>D\u00e1vkov\u00e1n\u00ed<\/strong><\/h4>\n<p>Doporu\u010den\u00e9 denn\u00ed d\u00e1vkov\u00e1n\u00ed je 3 \u00d7 5 kapek.<br data-start=\"1588\" data-end=\"1591\" \/>P\u0159i pot\u0159eb\u011b intenzivn\u011bj\u0161\u00ed podpory je mo\u017en\u00e9 d\u00e1vku zv\u00fd\u0161it na 3 \u00d7 6 a\u017e 3 \u00d7 10 kapek.<\/p>\n<p>CBDium doporu\u010dujeme u\u017e\u00edvat 6 m\u011bs\u00edc\u016f, pot\u00e9 si dop\u0159\u00e1t <a href=\"https:\/\/cbdium.eu\/cs\/dlouhodobe-uzivani-cbdium-faze-uzivani-a-21denni-pauza-2\/\">21denn\u00ed pauzu<\/a> a n\u00e1sledn\u011b pokra\u010dovat v u\u017e\u00edv\u00e1n\u00ed p\u0159ibli\u017en\u011b 3-6 m\u011bs\u00edc\u016f pro upevn\u011bn\u00ed \u00fa\u010dinku.<\/p>\n<h4><strong>Pod\u00e1v\u00e1n\u00ed<\/strong><\/h4>\n<ol>\n<li>Esenci nakapejte pod jazyk.<\/li>\n<li>Zav\u0159ete \u00fasta a o\u010di a nechte 2 minuty p\u016fsobit. V\u011bdom\u011b d\u00fdchejte nosem. \u010cty\u0159i sekundy hlubok\u00fd n\u00e1dech, osm sekund pomal\u00fd v\u00fddech. Cvi\u010den\u00ed v\u00e1m pom\u016f\u017ee nav\u00e1zat kontakt s t\u00edm, co se d\u011bje ve va\u0161em t\u011ble, a z\u00edskat nadhled nad my\u0161lenkov\u00fdmi vzorci.<\/li>\n<li>Spolkn\u011bte a nezap\u00edjejte.<\/li>\n<li>Pokud je to mo\u017en\u00e9, p\u0159ibli\u017en\u011b po 5 minut\u00e1ch se najezte, \u010d\u00edm\u017e podpo\u0159\u00edte vst\u0159eb\u00e1v\u00e1n\u00ed CBD.<\/li>\n<\/ol>\n","protected":false},"excerpt":{"rendered":"<p>CBDium 1000 fullspectrum je du\u00e1ln\u00ed olejov\u00e1 esence vyroben\u00e1 z organick\u00e9ho d\u00fd\u0148ov\u00e9ho oleje nebo oleje z hroznov\u00fdch jader a organick\u00e9ho konopn\u00e9ho extraktu.<\/p>\n","protected":false},"featured_media":4759,"comment_status":"open","ping_status":"closed","template":"","meta":{"_acf_changed":false},"product_brand":[],"product_cat":[54],"product_tag":[],"class_list":{"0":"post-1730","1":"product","2":"type-product","3":"status-publish","4":"has-post-thumbnail","6":"product_cat-human-line-cs","8":"first","9":"instock","10":"taxable","11":"shipping-taxable","12":"purchasable","13":"product-type-simple"},"acf":[],"_links":{"self":[{"href":"https:\/\/cbdium.eu\/cs\/wp-json\/wp\/v2\/product\/1730","targetHints":{"allow":["GET"]}}],"collection":[{"href":"https:\/\/cbdium.eu\/cs\/wp-json\/wp\/v2\/product"}],"about":[{"href":"https:\/\/cbdium.eu\/cs\/wp-json\/wp\/v2\/types\/product"}],"replies":[{"embeddable":true,"href":"https:\/\/cbdium.eu\/cs\/wp-json\/wp\/v2\/comments?post=1730"}],"wp:featuredmedia":[{"embeddable":true,"href":"https:\/\/cbdium.eu\/cs\/wp-json\/wp\/v2\/media\/4759"}],"wp:attachment":[{"href":"https:\/\/cbdium.eu\/cs\/wp-json\/wp\/v2\/media?parent=1730"}],"wp:term":[{"taxonomy":"product_brand","embeddable":true,"href":"https:\/\/cbdium.eu\/cs\/wp-json\/wp\/v2\/product_brand?post=1730"},{"taxonomy":"product_cat","embeddable":true,"href":"https:\/\/cbdium.eu\/cs\/wp-json\/wp\/v2\/product_cat?post=1730"},{"taxonomy":"product_tag","embeddable":true,"href":"https:\/\/cbdium.eu\/cs\/wp-json\/wp\/v2\/product_tag?post=1730"}],"curies":[{"name":"wp","href":"https:\/\/api.w.org\/{rel}","templated":true}]}}