{"id":1707,"date":"2024-01-09T16:01:47","date_gmt":"2024-01-09T15:01:47","guid":{"rendered":"https:\/\/new.cbdium.eu\/?post_type=product&#038;p=1707"},"modified":"2026-02-03T18:27:56","modified_gmt":"2026-02-03T17:27:56","slug":"cbdium-1500-forte","status":"publish","type":"product","link":"https:\/\/cbdium.eu\/cs\/obchod\/human-line-cs\/cbdium-1500-forte\/","title":{"rendered":"CBDium 1500 forte fullspectrum"},"content":{"rendered":"<p data-start=\"50\" data-end=\"276\">Esenci 1500 forte jsme navrhli jako na\u0161i nejkoncentrovan\u011bj\u0161\u00ed podporu v n\u00e1ro\u010dn\u00fdch obdob\u00edch, kdy organismus pot\u0159ebuje extra oporu.<br data-start=\"182\" data-end=\"185\" \/>Je vhodn\u00e1 jako sou\u010d\u00e1st ka\u017edodenn\u00ed p\u00e9\u010de o fyzick\u00fd i psychick\u00fd komfort v dob\u011b zv\u00fd\u0161en\u00e9 z\u00e1t\u011b\u017ee.<\/p>\n<p data-start=\"278\" data-end=\"344\">CBDium 1500 forte m\u016f\u017ee b\u00fdt p\u0159irozenou oporou v situac\u00edch, kdy:<\/p>\n<ul data-start=\"346\" data-end=\"656\">\n<li data-start=\"346\" data-end=\"413\">\n<p data-start=\"348\" data-end=\"413\">proch\u00e1z\u00edte obdob\u00edm zv\u00fd\u0161en\u00e9ho fyzick\u00e9ho nebo psychick\u00e9ho nap\u011bt\u00ed,<\/p>\n<\/li>\n<li data-start=\"414\" data-end=\"505\">\n<p data-start=\"416\" data-end=\"505\">chcete b\u00fdt p\u0159ipraveni na n\u00e1hl\u00e9, ne\u010dekan\u00e9 v\u00fdzvy a m\u00edt po ruce kvalitn\u00ed p\u0159\u00edrodn\u00ed dopln\u011bk,<\/p>\n<\/li>\n<li data-start=\"506\" data-end=\"592\">\n<p data-start=\"508\" data-end=\"592\">v\u00e1s prov\u00e1z\u00ed dlouhodob\u00e9 oslaben\u00ed organismu a hled\u00e1te podporu pro udr\u017een\u00ed rovnov\u00e1hy,<\/p>\n<\/li>\n<li data-start=\"593\" data-end=\"656\">\n<p data-start=\"595\" data-end=\"656\">proch\u00e1z\u00edte \u017eivotn\u00edmi zm\u011bnami nebo emo\u010dn\u011b n\u00e1ro\u010dn\u00fdmi ud\u00e1lostmi.<\/p>\n<\/li>\n<\/ul>\n<p data-start=\"658\" data-end=\"853\">Esence m\u016f\u017ee organismu nab\u00eddnout podporu a p\u0159isp\u011bt k lep\u0161\u00ed rovnov\u00e1ze (homeost\u00e1ze). Pravideln\u00fdm u\u017e\u00edv\u00e1n\u00edm m\u016f\u017ee t\u011blo efektivn\u011bji zvl\u00e1dat z\u00e1t\u011b\u017e, co\u017e se m\u016f\u017ee projevit na fyzick\u00e9m i psychick\u00e9m komfortu.<\/p>\n<p>Pro v\u00edce informac\u00ed o na\u0161\u00ed nejsiln\u011bj\u0161\u00ed esenci 1500 forte si p\u0159e\u010dt\u011bte <a href=\"https:\/\/cbdium.eu\/cs\/nova-cbdium-1500-nas-nejsilnejsi-cbd-olej-neni-pro-kazdeho\/\">tento \u010dl\u00e1nek<\/a>.<\/p>\n<p data-start=\"948\" data-end=\"1040\">Upozorn\u011bn\u00ed: Tento dopln\u011bk stravy nenahrazuje pestrou a vyv\u00e1\u017eenou stravu. Vn\u00edm\u00e1n\u00ed \u00fa\u010dinku je individu\u00e1ln\u00ed a m\u016f\u017ee se li\u0161it podle u\u017eivatele. Uchov\u00e1vejte mimo dosah d\u011bt\u00ed.<\/p>\n<h4><strong>Fullspectrum, nebo pure?<\/strong><\/h4>\n<p>V p\u0159\u00edpad\u011b u\u017e\u00edv\u00e1n\u00ed antipsychotik, chronicky vysok\u00e9ho krevn\u00edho tlaku, drogov\u00e9 z\u00e1vislosti, kojen\u00ed nebo v t\u011bhotenstv\u00ed doporu\u010dujeme zvolit verzi <a href=\"https:\/\/cbdium.eu\/cs\/obchod\/human-line-cs\/cbdium-1000-pure\/\" target=\"_blank\" rel=\"noopener\">1000 pure<\/a> bez obsahu THC.<\/p>\n<h4><strong>D\u00fd\u0148ov\u00fd, nebo hroznov\u00fd olej?<\/strong><\/h4>\n<ul>\n<li>Hroznov\u00fd olej zvolte v p\u0159\u00edpad\u011b citlivosti na v\u00fdrazn\u00e9 chut\u011b nebo p\u0159i alergii na d\u00fd\u0148ov\u00fd olej.<\/li>\n<li>D\u00fd\u0148ov\u00fd olej, kter\u00fd zaru\u010duje ide\u00e1ln\u00ed vst\u0159ebatelnost \u00fa\u010dinn\u00fdch l\u00e1tek, zvolte, pokud nejste citliv\u00ed na v\u00fdrazn\u00e9 chut\u011b nebo m\u00e1te alergii na hroznov\u00fd olej.<\/li>\n<\/ul>\n<p>Pokud s v\u00e1mi rezonuje princip stravov\u00e1n\u00ed podle krevn\u00edch skupin, d\u00fd\u0148ov\u00fd olej vyhovuje zejm\u00e9na krevn\u00edm skupin\u00e1m 0 a A, hroznov\u00fd olej vyhovuje v\u0161em krevn\u00edm skupin\u00e1m.<\/p>\n<p>V\u00edce informac\u00ed o rozd\u00edlech mezi d\u00fd\u0148ov\u00fdm a hroznov\u00fdm olejem najdete <a href=\"https:\/\/cbdium.eu\/cs\/predstavujeme-cbdium-s-hroznovym-olejem-v-cem-se-lisi-od-dynoveho\/\">v tomto \u010dl\u00e1nku<\/a>.<\/p>\n<h4><strong>D\u00e1vkov\u00e1n\u00ed<\/strong><\/h4>\n<p data-start=\"1817\" data-end=\"1859\">Doporu\u010den\u00e9 denn\u00ed d\u00e1vkov\u00e1n\u00ed je 3 \u00d7 5 kapek.<\/p>\n<p data-start=\"1861\" data-end=\"1911\">V individu\u00e1ln\u00edch p\u0159\u00edpadech je mo\u017en\u00e9 d\u00e1vku nav\u00fd\u0161it:<\/p>\n<ul data-start=\"1913\" data-end=\"2006\">\n<li data-start=\"1913\" data-end=\"1975\">\n<p data-start=\"1915\" data-end=\"1975\">p\u0159i pot\u0159eb\u011b intenzivn\u011bj\u0161\u00ed podpory na 3 \u00d7 6 a\u017e 3 \u00d7 10 kapek<\/p>\n<\/li>\n<li data-start=\"1976\" data-end=\"2006\">\n<p data-start=\"1978\" data-end=\"2006\">v\u00fdjime\u010dn\u011b a\u017e na 3 \u00d7 15 kapek<\/p>\n<\/li>\n<\/ul>\n<p>CBDium doporu\u010dujeme u\u017e\u00edvat 6 m\u011bs\u00edc\u016f, pot\u00e9 si dop\u0159\u00e1t <a href=\"https:\/\/cbdium.eu\/cs\/dlouhodobe-uzivani-cbdium-faze-uzivani-a-21denni-pauza-2\/\">21denn\u00ed pauzu<\/a> a n\u00e1sledn\u011b pokra\u010dovat v u\u017e\u00edv\u00e1n\u00ed p\u0159ibli\u017en\u011b 3-6 m\u011bs\u00edc\u016f pro upevn\u011bn\u00ed \u00fa\u010dinku.<\/p>\n<h4><strong>Pod\u00e1v\u00e1n\u00ed<\/strong><\/h4>\n<ol>\n<li>Esenci nakapejte pod jazyk.<\/li>\n<li>Zav\u0159ete \u00fasta a o\u010di a nechte 2 minuty p\u016fsobit. V\u011bdom\u011b d\u00fdchejte nosem. \u010cty\u0159i sekundy hlubok\u00fd n\u00e1dech, osm sekund pomal\u00fd v\u00fddech. Cvi\u010den\u00ed v\u00e1m pom\u016f\u017ee nav\u00e1zat kontakt s t\u00edm, co se d\u011bje ve va\u0161em t\u011ble, a z\u00edskat nadhled nad my\u0161lenkov\u00fdmi vzorci.<\/li>\n<li>Spolkn\u011bte a nezap\u00edjejte.<\/li>\n<li>Pokud je to mo\u017en\u00e9, p\u0159ibli\u017en\u011b po 5 minut\u00e1ch se najezte, \u010d\u00edm\u017e podpo\u0159\u00edte vst\u0159eb\u00e1v\u00e1n\u00ed CBD.<\/li>\n<\/ol>\n","protected":false},"excerpt":{"rendered":"<p>CBDium 1500 forte je du\u00e1ln\u00ed olejov\u00e1 esence z organick\u00e9ho d\u00fd\u0148ov\u00e9ho nebo hroznov\u00e9ho oleje a organick\u00e9ho konopn\u00e9ho extraktu.<\/p>\n","protected":false},"featured_media":4783,"comment_status":"open","ping_status":"closed","template":"","meta":{"_acf_changed":false},"product_brand":[],"product_cat":[54],"product_tag":[],"class_list":{"0":"post-1707","1":"product","2":"type-product","3":"status-publish","4":"has-post-thumbnail","6":"product_cat-human-line-cs","8":"first","9":"instock","10":"taxable","11":"shipping-taxable","12":"purchasable","13":"product-type-simple"},"acf":[],"_links":{"self":[{"href":"https:\/\/cbdium.eu\/cs\/wp-json\/wp\/v2\/product\/1707","targetHints":{"allow":["GET"]}}],"collection":[{"href":"https:\/\/cbdium.eu\/cs\/wp-json\/wp\/v2\/product"}],"about":[{"href":"https:\/\/cbdium.eu\/cs\/wp-json\/wp\/v2\/types\/product"}],"replies":[{"embeddable":true,"href":"https:\/\/cbdium.eu\/cs\/wp-json\/wp\/v2\/comments?post=1707"}],"wp:featuredmedia":[{"embeddable":true,"href":"https:\/\/cbdium.eu\/cs\/wp-json\/wp\/v2\/media\/4783"}],"wp:attachment":[{"href":"https:\/\/cbdium.eu\/cs\/wp-json\/wp\/v2\/media?parent=1707"}],"wp:term":[{"taxonomy":"product_brand","embeddable":true,"href":"https:\/\/cbdium.eu\/cs\/wp-json\/wp\/v2\/product_brand?post=1707"},{"taxonomy":"product_cat","embeddable":true,"href":"https:\/\/cbdium.eu\/cs\/wp-json\/wp\/v2\/product_cat?post=1707"},{"taxonomy":"product_tag","embeddable":true,"href":"https:\/\/cbdium.eu\/cs\/wp-json\/wp\/v2\/product_tag?post=1707"}],"curies":[{"name":"wp","href":"https:\/\/api.w.org\/{rel}","templated":true}]}}