{"id":1265,"date":"2024-01-14T18:01:23","date_gmt":"2024-01-14T17:01:23","guid":{"rendered":"https:\/\/new.cbdium.eu\/obchod\/nezarazene\/konopna-seminka\/"},"modified":"2025-06-05T10:26:57","modified_gmt":"2025-06-05T08:26:57","slug":"konopna-seminka","status":"publish","type":"product","link":"https:\/\/cbdium.eu\/cs\/obchod\/jine\/konopna-seminka\/","title":{"rendered":"Konopn\u00e1 sem\u00ednka"},"content":{"rendered":"<p>CBDium Konopn\u00e1 sem\u00ednka jsou mimo\u0159\u00e1dn\u011b v\u00fd\u017eivn\u00fd dopln\u011bk stravy bohat\u00fd na b\u00edlkoviny, zdrav\u00e9 tuky, vitam\u00edny a miner\u00e1ly. Sem\u00ednky si zpest\u0159\u00edte nejen v\u00e1\u0161 denn\u00ed p\u0159\u00edsun \u017eivin, ale i vizu\u00e1ln\u00ed po\u017eitek z va\u0161ich obl\u00edben\u00fdch j\u00eddel.<\/p>\n<p>Jedn\u00e1 se o \u010dist\u00fd rostlinn\u00fd v\u00fdta\u017eek bez um\u011bl\u00fdch p\u0159\u00edsad, sladidel a ochucovadel, s p\u0159irozenou chut\u00ed p\u0159ipom\u00ednaj\u00edc\u00ed o\u0159\u00ed\u0161ky.<\/p>\n<p>Obsahuje:<\/p>\n<p>Vitam\u00edny B1, B2, B3, B6, \u03b1-E, \u03b3-E<br \/>\nMiner\u00e1ly v\u00e1pn\u00edk, \u017eelezo, ho\u0159\u010d\u00edk, fosfor, drasl\u00edk<\/p>\n<h4><strong>Tip na p\u0159\u00edpravu<\/strong><\/h4>\n<p>Posypte a dozdobte si sem\u00ednky jak\u00e9koli j\u00eddlo podle chuti a p\u0159\u00e1n\u00ed. V\u00fdborn\u00e9 jsou nap\u0159\u00edklad se sn\u00edda\u0148ovou ka\u0161\u00ed, granolou, jogurtem, pudingem \u010di smoothie, nebo s om\u00e1\u010dkami, sal\u00e1ty \u010di se zdrav\u00fdmi dezerty.<\/p>\n<h4><strong>Slo\u017een\u00ed<\/strong><\/h4>\n<p>Vzhledem k p\u0159irozen\u00e9mu kol\u00eds\u00e1n\u00ed a zm\u011bn\u00e1m v produkci a skladov\u00e1n\u00ed produktu nemohou \u010dist\u00e9 l\u00e1tky jako tato konopn\u00e1 sem\u00ednka obsahovat v\u00fd\u017eivov\u00e9 hodnoty v p\u0159esn\u011b dan\u00e9m mno\u017estv\u00ed. Uv\u00e1d\u00edme proto p\u0159ibli\u017en\u00e9 hodnoty s odchylkami, kter\u00e9 jsou v souladu s na\u0159\u00edzen\u00edmi Evropsk\u00e9 unie.<\/p>\n<p>Slo\u017een\u00ed (na 100 g):<\/p>\n<p>Energie 2484\u20132570 kJ \/ 599\u2013621 kcal<br \/>\nB\u00edlkoviny 30\u201332 g<br \/>\nTuky 46\u201352 g<br \/>\nz toho nasycen\u00e9 tuky 5\u20135,5 g<br \/>\nz toho nenasycen\u00e9 tuky:<br \/>\nomega-9 mastn\u00e9 kyseliny 5\u20136 g<br \/>\nomega-3 mastn\u00e9 kyseliny 9\u201310 g<br \/>\nomega-6 mastn\u00e9 kyseliny 27\u201330 g<br \/>\nSacharidy 4\u20135,5 g<br \/>\nz toho cukry 1,6\u20132,7 g<br \/>\nS\u016fl 0,5\u20130,7 g<br \/>\nVl\u00e1knina 7\u20139 g<\/p>\n<p>M\u016f\u017ee obsahovat stopy lepku, obil\u00ed, vl\u010d\u00edho bobu nebo ho\u0159\u010di\u010dn\u00fdch semen.<\/p>\n<p>Skladujte na chladn\u00e9m, tmav\u00e9m a such\u00e9m m\u00edst\u011b p\u0159i teplot\u011b do 22 \u00b0C. Spot\u0159ebujte do 15 m\u011bs\u00edc\u016f od otev\u0159en\u00ed.<\/p>\n","protected":false},"excerpt":{"rendered":"<p>CBDium Konopn\u00e1 sem\u00ednka jsou organick\u00fd rostlinn\u00fd extraktem z konop\u00ed obsahuj\u00edc\u00edm \u0161irok\u00e9 spektrum prosp\u011b\u0161n\u00fdch \u017eivin, vitam\u00edn\u016f a miner\u00e1l\u016f.<\/p>\n","protected":false},"featured_media":4779,"comment_status":"open","ping_status":"closed","template":"","meta":{"_acf_changed":false},"product_brand":[],"product_cat":[57],"product_tag":[],"class_list":{"0":"post-1265","1":"product","2":"type-product","3":"status-publish","4":"has-post-thumbnail","6":"product_cat-jine","8":"first","9":"instock","10":"taxable","11":"shipping-taxable","12":"purchasable","13":"product-type-simple"},"acf":[],"_links":{"self":[{"href":"https:\/\/cbdium.eu\/cs\/wp-json\/wp\/v2\/product\/1265","targetHints":{"allow":["GET"]}}],"collection":[{"href":"https:\/\/cbdium.eu\/cs\/wp-json\/wp\/v2\/product"}],"about":[{"href":"https:\/\/cbdium.eu\/cs\/wp-json\/wp\/v2\/types\/product"}],"replies":[{"embeddable":true,"href":"https:\/\/cbdium.eu\/cs\/wp-json\/wp\/v2\/comments?post=1265"}],"wp:featuredmedia":[{"embeddable":true,"href":"https:\/\/cbdium.eu\/cs\/wp-json\/wp\/v2\/media\/4779"}],"wp:attachment":[{"href":"https:\/\/cbdium.eu\/cs\/wp-json\/wp\/v2\/media?parent=1265"}],"wp:term":[{"taxonomy":"product_brand","embeddable":true,"href":"https:\/\/cbdium.eu\/cs\/wp-json\/wp\/v2\/product_brand?post=1265"},{"taxonomy":"product_cat","embeddable":true,"href":"https:\/\/cbdium.eu\/cs\/wp-json\/wp\/v2\/product_cat?post=1265"},{"taxonomy":"product_tag","embeddable":true,"href":"https:\/\/cbdium.eu\/cs\/wp-json\/wp\/v2\/product_tag?post=1265"}],"curies":[{"name":"wp","href":"https:\/\/api.w.org\/{rel}","templated":true}]}}