{"id":1264,"date":"2024-01-13T17:54:08","date_gmt":"2024-01-13T16:54:08","guid":{"rendered":"https:\/\/new.cbdium.eu\/obchod\/nezarazene\/konopny-protein\/"},"modified":"2025-11-06T11:08:40","modified_gmt":"2025-11-06T10:08:40","slug":"konopny-protein","status":"publish","type":"product","link":"https:\/\/cbdium.eu\/cs\/obchod\/jine\/konopny-protein\/","title":{"rendered":"Konopn\u00fd protein"},"content":{"rendered":"<p>CBDium Konopn\u00fd protein je vitam\u00ednov\u00e1 a miner\u00e1ln\u00ed superpotravina (superfood) nejen pro pohybov\u011b aktivn\u00ed osoby a sportovce, ale pro ka\u017ed\u00e9ho, kdo chce doplnit svou z\u00e1sobu b\u00edlkovin z rostlinn\u00e9ho zdroje, \u0161etrn\u011b zpracovan\u00e9ho tak, aby si zachoval co nejv\u00edce v\u00fd\u017eivn\u00fdch l\u00e1tek.<\/p>\n<p>Jedn\u00e1 se o \u010dist\u00fd rostlinn\u00fd v\u00fdta\u017eek bez sladidel, um\u011bl\u00fdch p\u0159\u00edsad a ochucovadel, s p\u0159irozenou chut\u00ed p\u0159ipom\u00ednaj\u00edc\u00ed o\u0159\u00ed\u0161ky.<\/p>\n<p>Obsahuje:<\/p>\n<p>Vitam\u00edny B1, B2, B3, B6, \u03b1-E, \u03b3-E<br \/>\nMiner\u00e1ly v\u00e1pn\u00edk, \u017eelezo, ho\u0159\u010d\u00edk, fosfor, drasl\u00edk, zinek<\/p>\n<h4><strong>Tip na p\u0159\u00edpravu<\/strong><\/h4>\n<p>Do p\u016fl litru rostlinn\u00e9ho ml\u00e9ka (nap\u0159. mandlov\u00e9ho nebo kokosov\u00e9ho) p\u0159idejte p\u0159ibli\u017en\u011b jednu pol\u00e9vkovou l\u017e\u00edci proteinu, l\u017ei\u010dku medu nebo ban\u00e1n a rozm\u00edchejte v \u0161ejkru nebo mix\u00e9rem.<\/p>\n<h4><strong>Slo\u017een\u00ed<\/strong><\/h4>\n<p>Vzhledem k p\u0159irozen\u00e9mu kol\u00eds\u00e1n\u00ed a zm\u011bn\u00e1m v produkci a skladov\u00e1n\u00ed produktu nemohou \u010dist\u00e9 l\u00e1tky jako tento konopn\u00fd protein obsahovat v\u00fd\u017eivov\u00e9 hodnoty v p\u0159esn\u011b dan\u00e9m mno\u017estv\u00ed. Uv\u00e1d\u00edme proto p\u0159ibli\u017en\u00e9 hodnoty s odchylkami, kter\u00e9 jsou v souladu s na\u0159\u00edzen\u00edmi Evropsk\u00e9 unie.<\/p>\n<p>Energie 1698 kJ \/ 403 kcal<br \/>\nB\u00edlkoviny 60 &#8211; 63 g<br \/>\nTuky 10 &#8211; 15 g<br \/>\nz toho nasycen\u00e9 mastn\u00e9 kyseliny 1\u20132 g<br \/>\nomega-9 mastn\u00e9 kyseliny 2\u20133 g<br \/>\nPolynenasycen\u00e9 tuky 9\u201310 g<br \/>\nomega-3 mastn\u00e9 kyseliny 2,7\u20133 g<br \/>\nomega-6 mastn\u00e9 kyseliny 6,3\u20137 g<br \/>\nSacharidy 9\u201310,5 g<br \/>\nz toho cukry 4\u20135 g<br \/>\nS\u016fl &lt; 0,025 g<br \/>\nVl\u00e1knina 15\u201316 g<\/p>\n<p>M\u016f\u017ee obsahovat stopy lepku, obil\u00ed, vl\u010d\u00edho bobu nebo ho\u0159\u010di\u010dn\u00fdch semen.<\/p>\n<p>Skladujte na chladn\u00e9m, tmav\u00e9m a such\u00e9m m\u00edst\u011b p\u0159i teplot\u011b do 22 \u00b0C. Spot\u0159ebujte do 15 m\u011bs\u00edc\u016f od otev\u0159en\u00ed.<\/p>\n<h4 data-start=\"0\" data-end=\"44\">Dva proteiny. Stejn\u00e1 kvalita. Jak si vybrat?<\/h4>\n<p data-start=\"46\" data-end=\"384\">Na\u0161e dva proteiny \u2013 p\u016fvodn\u00ed Konopn\u00fd protein a novinka Konopn\u00fd protein Green \u2013 jsou dv\u011b plnohodnotn\u00e9 alternativy, kter\u00e9 respektuj\u00ed r\u016fzn\u00e9 preference t\u011bla i chuti.<br data-start=\"206\" data-end=\"209\" \/>Oba proteiny jsou 100% rostlinn\u00e9, bez p\u0159idan\u00fdch l\u00e1tek, bohat\u00e9 na b\u00edlkoviny, vitaminy a miner\u00e1ly. Li\u0161\u00ed se p\u0159edev\u0161\u00edm ve v\u00fd\u017eivov\u00fdch hodnot\u00e1ch, v odr\u016fd\u011b konop\u00ed a chu\u0165ov\u00e9m profilu.<\/p>\n<p data-start=\"386\" data-end=\"502\">Abychom v\u00e1m usnadnili v\u00fdb\u011br toho, kter\u00fd v\u00e1m bude nejl\u00e9pe vyhovovat, p\u0159ipravili jsme p\u0159ehled jejich hlavn\u00edch rozd\u00edl\u016f:<\/p>\n<table style=\"height: 315px;\" width=\"916\">\n<tbody>\n<tr>\n<td><\/td>\n<td><b>Konopn\u00fd protein<\/b><\/td>\n<td><b>Konopn\u00fd protein green<\/b><\/td>\n<\/tr>\n<tr>\n<td><b>Chu\u0165<\/b><\/td>\n<td>V\u00fdrazn\u011bj\u0161\u00ed, pln\u00e1, s hlubok\u00fdm o\u0159\u00ed\u0161kov\u00fdm t\u00f3nem<\/td>\n<td>Jemn\u011bj\u0161\u00ed, neutr\u00e1ln\u00ed, lehce o\u0159\u00ed\u0161kov\u00e1<\/td>\n<\/tr>\n<tr>\n<td><b>Bielkoviny<\/b><\/td>\n<td><span style=\"font-weight: 400;\">60\u201363 g na 100 g<\/span><\/td>\n<td>66 g na 100 g \u2013 o n\u011bco vy\u0161\u0161\u00ed obsah<\/td>\n<\/tr>\n<tr>\n<td><b>Vl\u00e1knina<\/b><\/td>\n<td>15\u201316 g na 100 g \u2013 syt\u011bj\u0161\u00ed<\/td>\n<td>8,4 g na 100 g \u2013 leh\u010d\u00ed na tr\u00e1ven\u00ed<\/td>\n<\/tr>\n<tr>\n<td><b>Tuky a omega kyseliny<\/b><\/td>\n<td>V\u00edce omega 3, 6 a 9 mastn\u00fdch kyselin<\/td>\n<td>Ni\u017e\u0161\u00ed celkov\u00fd tuk, jednodu\u0161\u0161\u00ed struktura tuk\u016f<\/td>\n<\/tr>\n<tr>\n<td><b>Farba a <\/b><b>konzistencia<\/b><\/td>\n<td>P\u0159\u00edrodn\u00ed m\u00e1slov\u00e1, hutn\u011bj\u0161\u00ed pr\u00e1\u0161ek<\/td>\n<td>Tmav\u0161\u00ed zelen\u00e1, jemn\u011bj\u0161\u00ed konzistence<\/td>\n<\/tr>\n<\/tbody>\n<\/table>\n<p><strong data-start=\"1046\" data-end=\"1066\">Na\u0161e doporu\u010den\u00ed:<\/strong><br data-start=\"1066\" data-end=\"1069\" \/>Nejl\u00e9pe si protein vyberete podle vlastn\u00ed zku\u0161enosti, podle toho, zda preferujete syt\u011bj\u0161\u00ed a chu\u0165ov\u011b pln\u011bj\u0161\u00ed formu, nebo leh\u010d\u00ed a jemn\u011bj\u0161\u00ed variantu. Doporu\u010dujeme postupn\u011b vyzkou\u0161et oba a zjistit, kter\u00fd v\u00edce odpov\u00edd\u00e1 va\u0161im pot\u0159eb\u00e1m. Va\u0161e t\u011blo v\u00ed nejl\u00e9pe.<\/p>\n","protected":false},"excerpt":{"rendered":"<p>Konopn\u00fd protein je organick\u00fd rostlinn\u00fd v\u00fdta\u017eek z konop\u00ed obsahuj\u00edc\u00ed \u0161irok\u00e9 spektrum prosp\u011b\u0161n\u00fdch \u017eivin, vitam\u00edn\u016f a miner\u00e1l\u016f.<\/p>\n","protected":false},"featured_media":4742,"comment_status":"open","ping_status":"closed","template":"","meta":{"_acf_changed":false},"product_brand":[],"product_cat":[57],"product_tag":[],"class_list":{"0":"post-1264","1":"product","2":"type-product","3":"status-publish","4":"has-post-thumbnail","6":"product_cat-jine","8":"first","9":"instock","10":"taxable","11":"shipping-taxable","12":"purchasable","13":"product-type-simple"},"acf":[],"_links":{"self":[{"href":"https:\/\/cbdium.eu\/cs\/wp-json\/wp\/v2\/product\/1264","targetHints":{"allow":["GET"]}}],"collection":[{"href":"https:\/\/cbdium.eu\/cs\/wp-json\/wp\/v2\/product"}],"about":[{"href":"https:\/\/cbdium.eu\/cs\/wp-json\/wp\/v2\/types\/product"}],"replies":[{"embeddable":true,"href":"https:\/\/cbdium.eu\/cs\/wp-json\/wp\/v2\/comments?post=1264"}],"wp:featuredmedia":[{"embeddable":true,"href":"https:\/\/cbdium.eu\/cs\/wp-json\/wp\/v2\/media\/4742"}],"wp:attachment":[{"href":"https:\/\/cbdium.eu\/cs\/wp-json\/wp\/v2\/media?parent=1264"}],"wp:term":[{"taxonomy":"product_brand","embeddable":true,"href":"https:\/\/cbdium.eu\/cs\/wp-json\/wp\/v2\/product_brand?post=1264"},{"taxonomy":"product_cat","embeddable":true,"href":"https:\/\/cbdium.eu\/cs\/wp-json\/wp\/v2\/product_cat?post=1264"},{"taxonomy":"product_tag","embeddable":true,"href":"https:\/\/cbdium.eu\/cs\/wp-json\/wp\/v2\/product_tag?post=1264"}],"curies":[{"name":"wp","href":"https:\/\/api.w.org\/{rel}","templated":true}]}}