{"id":1261,"date":"2024-01-11T17:18:30","date_gmt":"2024-01-11T16:18:30","guid":{"rendered":"https:\/\/new.cbdium.eu\/obchod\/nezarazene\/cbdium-hojiva-mast\/"},"modified":"2025-06-04T13:59:06","modified_gmt":"2025-06-04T11:59:06","slug":"cbdium-hojiva-mast","status":"publish","type":"product","link":"https:\/\/cbdium.eu\/cs\/obchod\/skin-line-cs\/cbdium-hojiva-mast\/","title":{"rendered":"CBDium Hojiv\u00e1 mast"},"content":{"rendered":"<p data-start=\"38\" data-end=\"332\">Ru\u010dn\u011b vyr\u00e1b\u011bn\u00e1 intenzivn\u00ed mast s obsahem konopn\u00e9 esence ur\u010den\u00e1 pro p\u00e9\u010di o k\u016f\u017ei.<br data-start=\"121\" data-end=\"124\" \/>Podporuje p\u0159irozenou regeneraci k\u016f\u017ee, p\u0159isp\u00edv\u00e1 ke zklidn\u011bn\u00ed podr\u00e1\u017ed\u011bn\u00ed a pom\u00e1h\u00e1 udr\u017eovat rovnov\u00e1hu v m\u00edst\u011b aplikace. Obsahuje p\u0159\u00edrodn\u00ed slo\u017eky s antibakteri\u00e1ln\u00edmi, antimykotick\u00fdmi a antifung\u00e1ln\u00edmi vlastnostmi.<\/p>\n<p data-start=\"334\" data-end=\"388\">CBDium Hojiv\u00e1 mast m\u016f\u017ee b\u00fdt vhodnou volbou, pokud:<\/p>\n<ul>\n<li data-start=\"392\" data-end=\"473\">pe\u010dujete o k\u016f\u017ei po drobn\u00fdch poran\u011bn\u00edch, od\u0159enin\u00e1ch nebo pop\u00e1lenin\u00e1ch 1. stupn\u011b,<\/li>\n<li data-start=\"392\" data-end=\"473\">pot\u0159ebujete jemn\u011b zklidnit k\u016f\u017ei p\u0159i reakc\u00edch jako je bodnut\u00ed hmyzem, zarudnut\u00ed nebo diskomfort,<\/li>\n<li data-start=\"576\" data-end=\"668\">hled\u00e1te podporu p\u0159i p\u00e9\u010di o k\u016f\u017ei se sklonem k nerovnostem (suchost, zarudnut\u00ed, podr\u00e1\u017ed\u011bn\u00ed),<\/li>\n<li data-start=\"671\" data-end=\"741\">chcete c\u00edlen\u011b doplnit lok\u00e1ln\u00ed p\u00e9\u010di p\u0159i sou\u010dasn\u00e9m u\u017e\u00edv\u00e1n\u00ed CBDium olej\u016f.<\/li>\n<\/ul>\n<p data-start=\"743\" data-end=\"808\">C\u00edlem masti je podpo\u0159it p\u0159irozenou rovnov\u00e1hu k\u016f\u017ee a jej\u00ed komfort.<\/p>\n<p>V\u00edce informac\u00ed o \u00fa\u010dinc\u00edch kosmetiky SKIN line najdete <a href=\"https:\/\/cbdium.eu\/cs\/zdrava-kuze-jako-zrcadlo-vitalniho-organismu\/\">v tomto \u010dl\u00e1nku<\/a>.<\/p>\n<p data-start=\"885\" data-end=\"1027\">Upozorn\u011bn\u00ed<strong data-start=\"885\" data-end=\"900\">:<\/strong> Kosmetick\u00fd v\u00fdrobek. Nenahrazuje odbornou dermatologickou p\u00e9\u010di. Vn\u00edm\u00e1n\u00ed \u00fa\u010dinku je individu\u00e1ln\u00ed a m\u016f\u017ee se li\u0161it podle u\u017eivatele.<\/p>\n<h4><strong>Aplikace a d\u00e1vkov\u00e1n\u00ed<\/strong><\/h4>\n<p>Mast je ur\u010den\u00e1 na poko\u017eku t\u011bla nebo na problematick\u00e9 m\u00edsto na poko\u017ece obli\u010deje. Naneste 2\u20133kr\u00e1t denn\u011b prsty nebo \u0161pachtl\u00ed na posti\u017een\u00e9 m\u00edsto v souvisl\u00e9 vrstv\u011b a nechte voln\u011b p\u016fsobit. P\u0159i kontaktu s poko\u017ekou se hust\u00e1 konzistence za\u010dne zjem\u0148ovat a mast lze p\u0159\u00edjemn\u011b vmas\u00edrovat.<\/p>\n<p>Pokud je to mo\u017en\u00e9, b\u011bhem nan\u00e1\u0161en\u00ed si dop\u0159ejte dvouminutov\u00e9 d\u00fdchac\u00ed cvi\u010den\u00ed: 4 sekundy n\u00e1dech nosem, 8 sekund v\u00fddech \u00fasty. Cvi\u010den\u00ed v\u00e1m pom\u016f\u017ee napojit se na d\u011bn\u00ed ve va\u0161em t\u011ble a z\u00edskat nadhled nad my\u0161lenkov\u00fdmi vzorci.<\/p>\n<p>P\u0159ed prvn\u00edm pou\u017eit\u00edm otestujte mast na kousku k\u016f\u017ee, abyste p\u0159ede\u0161li p\u0159\u00edpadn\u00e9 reakci. Nepou\u017e\u00edvejte na otev\u0159en\u00e9 r\u00e1ny. V p\u0159\u00edpad\u011b z\u00e1va\u017en\u011bj\u0161\u00edch onemocn\u011bn\u00ed konzultujte pou\u017e\u00edv\u00e1n\u00ed masti s va\u0161\u00edm l\u00e9ka\u0159em.<\/p>\n<h4><strong>\u00da\u010dinek<\/strong><\/h4>\n<p>Rychlost \u00fa\u010dinku je individu\u00e1ln\u00ed \u2013 podle zku\u0161enost\u00ed m\u016f\u017ee nastoupit b\u011bhem 2\u20133 dn\u016f pravideln\u00e9 aplikace<strong data-start=\"1745\" data-end=\"1783\">.<\/strong><\/p>\n<h4><strong>Slo\u017een\u00ed<\/strong><\/h4>\n<p>Konopn\u00e1 esence <a href=\"https:\/\/cbdium.eu\/cs\/obchod\/human-line-cs\/cbdium-1000-fullspectrum\/\">CBDium 1000 fullspectrum<\/a>, kakaov\u00e9 m\u00e1slo, ln\u011bn\u00fd mas\u0165ov\u00fd z\u00e1klad.<\/p>\n","protected":false},"excerpt":{"rendered":"<p>CBDium Hojiv\u00e1 mast je univerz\u00e1ln\u00ed esence ve form\u011b masti, slo\u017een\u00e1 z olejov\u00e9 konopn\u00e9 esence 1000 fullspectrum, kakaov\u00e9ho m\u00e1sla a zklid\u0148uj\u00edc\u00edho mas\u0165ov\u00e9ho z\u00e1kladu.<\/p>\n","protected":false},"featured_media":4734,"comment_status":"open","ping_status":"closed","template":"","meta":{"_acf_changed":false},"product_brand":[],"product_cat":[56],"product_tag":[],"class_list":{"0":"post-1261","1":"product","2":"type-product","3":"status-publish","4":"has-post-thumbnail","6":"product_cat-skin-line-cs","8":"first","9":"instock","10":"taxable","11":"shipping-taxable","12":"purchasable","13":"product-type-simple"},"acf":[],"_links":{"self":[{"href":"https:\/\/cbdium.eu\/cs\/wp-json\/wp\/v2\/product\/1261","targetHints":{"allow":["GET"]}}],"collection":[{"href":"https:\/\/cbdium.eu\/cs\/wp-json\/wp\/v2\/product"}],"about":[{"href":"https:\/\/cbdium.eu\/cs\/wp-json\/wp\/v2\/types\/product"}],"replies":[{"embeddable":true,"href":"https:\/\/cbdium.eu\/cs\/wp-json\/wp\/v2\/comments?post=1261"}],"wp:featuredmedia":[{"embeddable":true,"href":"https:\/\/cbdium.eu\/cs\/wp-json\/wp\/v2\/media\/4734"}],"wp:attachment":[{"href":"https:\/\/cbdium.eu\/cs\/wp-json\/wp\/v2\/media?parent=1261"}],"wp:term":[{"taxonomy":"product_brand","embeddable":true,"href":"https:\/\/cbdium.eu\/cs\/wp-json\/wp\/v2\/product_brand?post=1261"},{"taxonomy":"product_cat","embeddable":true,"href":"https:\/\/cbdium.eu\/cs\/wp-json\/wp\/v2\/product_cat?post=1261"},{"taxonomy":"product_tag","embeddable":true,"href":"https:\/\/cbdium.eu\/cs\/wp-json\/wp\/v2\/product_tag?post=1261"}],"curies":[{"name":"wp","href":"https:\/\/api.w.org\/{rel}","templated":true}]}}