{"id":1257,"date":"2024-01-02T16:37:28","date_gmt":"2024-01-02T15:37:28","guid":{"rendered":"https:\/\/new.cbdium.eu\/obchod\/nezarazene\/cbdium-300-fullspectrum\/"},"modified":"2026-02-03T18:23:00","modified_gmt":"2026-02-03T17:23:00","slug":"cbdium-300-fullspectrum","status":"publish","type":"product","link":"https:\/\/cbdium.eu\/cs\/obchod\/human-line-cs\/cbdium-300-fullspectrum\/","title":{"rendered":"CBDium 300 fullspectrum"},"content":{"rendered":"<p data-start=\"33\" data-end=\"241\">Esenci 300 fullspectrum jsme vytvo\u0159ili jako nejjemn\u011bji koncentrovanou, citlivou podporu organismu p\u0159i ka\u017edodenn\u00edch v\u00fdzv\u00e1ch, vnit\u0159n\u00ed rovnov\u00e1ze a odolnosti. Je vhodn\u00e1 zejm\u00e9na pro d\u011bti a citliv\u00e9 u\u017eivatele.<\/p>\n<p data-start=\"243\" data-end=\"302\">CBDium 300 fullspectrum m\u016f\u017ee b\u00fdt vhodnou volbou, pokud:<\/p>\n<ul>\n<li data-start=\"306\" data-end=\"401\">hled\u00e1te p\u0159\u00edrodn\u00edho pr\u016fvodce, kter\u00fd p\u0159isp\u00edv\u00e1 k rovnov\u00e1ze d\u011btsk\u00e9ho nebo senzitivn\u00edho organismu,<\/li>\n<li data-start=\"404\" data-end=\"464\">chcete jemn\u011b podpo\u0159it zvl\u00e1d\u00e1n\u00ed b\u011b\u017en\u00fdch z\u00e1t\u011b\u017eov\u00fdch situac\u00ed,<\/li>\n<li data-start=\"467\" data-end=\"557\">m\u00e1te za sebou n\u00e1ro\u010dn\u011bj\u0161\u00ed obdob\u00ed a chcete t\u011b\u017eit z benefit\u016f kvalitn\u00edho p\u0159\u00edrodn\u00edho dopl\u0148ku,<\/li>\n<li data-start=\"560\" data-end=\"625\">hled\u00e1te p\u0159\u00edrodn\u00ed podporu pro harmonick\u00fd rozvoj a celkov\u00fd komfort.<\/li>\n<\/ul>\n<p data-start=\"627\" data-end=\"760\">C\u00edlem esence je citliv\u011b podpo\u0159it p\u0159irozen\u00e9 procesy organismu vedouc\u00ed k vnit\u0159n\u00ed rovnov\u00e1ze a celkov\u00e9mu fyzick\u00e9mu i psychick\u00e9mu pohodl\u00ed.<\/p>\n<p data-start=\"28\" data-end=\"104\">Upozorn\u011bn\u00ed: Tento dopln\u011bk stravy nenahrazuje pestrou a vyv\u00e1\u017eenou stravu. Vn\u00edm\u00e1n\u00ed \u00fa\u010dinku je individu\u00e1ln\u00ed a m\u016f\u017ee se li\u0161it podle u\u017eivatele. Uchov\u00e1vejte mimo dosah d\u011bt\u00ed.<\/p>\n<h4><strong>Fullspectrum, nebo pure?<\/strong><\/h4>\n<p>V p\u0159\u00edpad\u011b u\u017e\u00edv\u00e1n\u00ed antipsychotik, chronicky vysok\u00e9ho krevn\u00edho tlaku, drogov\u00e9 z\u00e1vislosti, kojen\u00ed nebo t\u011bhotenstv\u00ed s\u00e1hn\u011bte rad\u011bji po verzi <a href=\"https:\/\/cbdium.eu\/cs\/obchod\/human-line-cs\/cbdium-300-pure\/\">300 pure<\/a> bez obsahu THC.<\/p>\n<h4><strong>D\u00e1vkov\u00e1n\u00ed<\/strong><\/h4>\n<p>Doporu\u010den\u00e9 denn\u00ed d\u00e1vkov\u00e1n\u00ed je 3 \u00d7 5 kapek.<br data-start=\"1120\" data-end=\"1123\" \/>P\u0159i pot\u0159eb\u011b intenzivn\u011bj\u0161\u00ed podpory je mo\u017en\u00e9 d\u00e1vku zv\u00fd\u0161it na 3 \u00d7 6 a\u017e 3 \u00d7 10 kapek.<br data-start=\"1204\" data-end=\"1207\" \/>P\u0159i doporu\u010den\u00e9m d\u00e1vkov\u00e1n\u00ed vysta\u010d\u00ed jedna lahvi\u010dka p\u0159ibli\u017en\u011b na 2 a\u017e 3 t\u00fddny.<\/p>\n<p>CBDium doporu\u010dujeme u\u017e\u00edvat 6 m\u011bs\u00edc\u016f, pot\u00e9 si dop\u0159\u00e1t <a href=\"https:\/\/cbdium.eu\/cs\/dlouhodobe-uzivani-cbdium-faze-uzivani-a-21denni-pauza-2\/\">21denn\u00ed pauzu<\/a> a n\u00e1sledn\u011b pokra\u010dovat v u\u017e\u00edv\u00e1n\u00ed p\u0159ibli\u017en\u011b 3 &#8211; 6 m\u011bs\u00edc\u016f pro upevn\u011bn\u00ed \u00fa\u010dinku.<\/p>\n<h4>Pod\u00e1v\u00e1n\u00ed<\/h4>\n<ol>\n<li>Esenci nakapejte pod jazyk.<\/li>\n<li>Zav\u0159ete \u00fasta a o\u010di a nechte 2 minuty p\u016fsobit. V\u011bdom\u011b d\u00fdchejte nosem. \u010cty\u0159i sekundy hlubok\u00fd n\u00e1dech, osm sekund pomal\u00fd v\u00fddech. Cvi\u010den\u00ed v\u00e1m pom\u016f\u017ee nav\u00e1zat kontakt s t\u00edm, co se d\u011bje ve va\u0161em t\u011ble, a z\u00edskat nadhled nad my\u0161lenkov\u00fdmi vzorci.<\/li>\n<li>Spolkn\u011bte a nezap\u00edjejte.<\/li>\n<li>Pokud je to mo\u017en\u00e9, p\u0159ibli\u017en\u011b po 5 minut\u00e1ch se najezte, \u010d\u00edm\u017e podpo\u0159\u00edte vst\u0159eb\u00e1v\u00e1n\u00ed CBD.<\/li>\n<\/ol>\n<p>&nbsp;<\/p>\n<p>Pokud d\u00edt\u011b odm\u00edt\u00e1 klasick\u00fd zp\u016fsob pod\u00e1v\u00e1n\u00ed, nakapejte mu esenci na pi\u0161kot, zam\u00edchejte do obl\u00edben\u00e9ho j\u00eddla (nap\u0159. do jogurtu) nebo pod\u00e1vejte v \u017eelatinov\u00fdch kapsl\u00edch.<\/p>\n","protected":false},"excerpt":{"rendered":"<p>CBDium 300 fullspectrum je du\u00e1ln\u00ed olejov\u00e1 esence z organick\u00e9ho d\u00fd\u0148ov\u00e9ho oleje a organick\u00e9ho konopn\u00e9ho extraktu.<\/p>\n","protected":false},"featured_media":6030,"comment_status":"open","ping_status":"closed","template":"","meta":{"_acf_changed":false},"product_brand":[],"product_cat":[54],"product_tag":[],"class_list":{"0":"post-1257","1":"product","2":"type-product","3":"status-publish","4":"has-post-thumbnail","6":"product_cat-human-line-cs","8":"first","9":"instock","10":"taxable","11":"shipping-taxable","12":"purchasable","13":"product-type-simple"},"acf":[],"_links":{"self":[{"href":"https:\/\/cbdium.eu\/cs\/wp-json\/wp\/v2\/product\/1257","targetHints":{"allow":["GET"]}}],"collection":[{"href":"https:\/\/cbdium.eu\/cs\/wp-json\/wp\/v2\/product"}],"about":[{"href":"https:\/\/cbdium.eu\/cs\/wp-json\/wp\/v2\/types\/product"}],"replies":[{"embeddable":true,"href":"https:\/\/cbdium.eu\/cs\/wp-json\/wp\/v2\/comments?post=1257"}],"wp:featuredmedia":[{"embeddable":true,"href":"https:\/\/cbdium.eu\/cs\/wp-json\/wp\/v2\/media\/6030"}],"wp:attachment":[{"href":"https:\/\/cbdium.eu\/cs\/wp-json\/wp\/v2\/media?parent=1257"}],"wp:term":[{"taxonomy":"product_brand","embeddable":true,"href":"https:\/\/cbdium.eu\/cs\/wp-json\/wp\/v2\/product_brand?post=1257"},{"taxonomy":"product_cat","embeddable":true,"href":"https:\/\/cbdium.eu\/cs\/wp-json\/wp\/v2\/product_cat?post=1257"},{"taxonomy":"product_tag","embeddable":true,"href":"https:\/\/cbdium.eu\/cs\/wp-json\/wp\/v2\/product_tag?post=1257"}],"curies":[{"name":"wp","href":"https:\/\/api.w.org\/{rel}","templated":true}]}}