{"id":1234,"date":"2024-01-19T13:56:56","date_gmt":"2024-01-19T12:56:56","guid":{"rendered":"https:\/\/new.cbdium.eu\/obchod\/nezarazene\/cbdium-urgent-pro-deti\/"},"modified":"2026-02-03T18:28:49","modified_gmt":"2026-02-03T17:28:49","slug":"cbdium-urgent-pro-deti","status":"publish","type":"product","link":"https:\/\/cbdium.eu\/cs\/obchod\/kury-therapy-cs\/cbdium-urgent-pro-deti\/","title":{"rendered":"CBDium Urgent pro d\u011bti"},"content":{"rendered":"<p data-start=\"33\" data-end=\"225\">K\u00faru Urgent pro d\u011bti jsme p\u0159ipravili pro d\u011bti ve v\u011bku 3 a\u017e 14 let, kter\u00e9 proch\u00e1zej\u00ed n\u00e1ro\u010dn\u011bj\u0161\u00edm obdob\u00edm.<br data-start=\"141\" data-end=\"144\" \/>Pro dosp\u00edvaj\u00edc\u00ed ve v\u011bku 15 a\u017e 18 let doporu\u010dujeme zvolit k\u00faru CBDium Imunita.<\/p>\n<p data-start=\"227\" data-end=\"276\">Po t\u00e9to k\u00fa\u0159e m\u016f\u017eete s\u00e1hnout, pokud va\u0161e d\u00edt\u011b:<\/p>\n<ul>\n<li data-start=\"280\" data-end=\"337\">proch\u00e1z\u00ed obdob\u00edm zv\u00fd\u0161en\u00e9 fyzick\u00e9 nebo psychick\u00e9 z\u00e1t\u011b\u017ee,<\/li>\n<li data-start=\"340\" data-end=\"425\">chcete mu dop\u0159\u00e1t jemnou p\u0159\u00edrodn\u00ed podporu po \u00farazu nebo akutn\u00edm zdravotn\u00edm probl\u00e9mu,<\/li>\n<li data-start=\"428\" data-end=\"473\">za\u017e\u00edv\u00e1 emocion\u00e1ln\u011b n\u00e1ro\u010dn\u00e9 \u017eivotn\u00ed situace,<\/li>\n<li data-start=\"476\" data-end=\"552\">hled\u00e1te p\u0159\u00edrodn\u00ed podporu organismu p\u0159i ka\u017edodenn\u00ed adaptaci na nov\u00e9 podm\u00ednky.<\/li>\n<\/ul>\n<p>K\u00fara je navr\u017eena tak, aby pomohla t\u011blu d\u00edt\u011bte naj\u00edt rovnov\u00e1hu a pos\u00edlila jeho p\u0159irozen\u00e9 regenera\u010dn\u00ed mechanismy.<br data-start=\"665\" data-end=\"668\" \/>M\u016f\u017ee podpo\u0159it klidn\u011bj\u0161\u00ed pro\u017e\u00edv\u00e1n\u00ed, lep\u0161\u00ed adaptaci a fyzicko-psychickou stabilitu v n\u00e1ro\u010dn\u00fdch situac\u00edch.<\/p>\n<p data-start=\"773\" data-end=\"947\">Upozorn\u011bn\u00ed<strong data-start=\"773\" data-end=\"788\">:<\/strong> Tento dopln\u011bk stravy nenahrazuje pestrou a vyv\u00e1\u017eenou stravu. Vn\u00edm\u00e1n\u00ed jeho \u00fa\u010dinku je individu\u00e1ln\u00ed a m\u016f\u017ee se li\u0161it podle u\u017eivatele. Uchov\u00e1vejte mimo dosah d\u011bt\u00ed.<\/p>\n<h4><strong>Fullspectrum, nebo pure?<\/strong><\/h4>\n<p>V p\u0159\u00edpad\u011b u\u017e\u00edv\u00e1n\u00ed antipsychotik, chronicky vysok\u00e9ho krevn\u00edho tlaku nebo drogov\u00e9 z\u00e1vislosti s\u00e1hn\u011bte rad\u011bji po verzi <a href=\"https:\/\/cbdium.eu\/cs\/obchod\/human-line-cs\/cbdium-500-pure\/\" target=\"_blank\" rel=\"noopener\">500 pure<\/a> a <a href=\"https:\/\/cbdium.eu\/cs\/obchod\/human-line-cs\/cbdium-300-pure\/\" target=\"_blank\" rel=\"noopener\">300 pure<\/a> bez obsahu THC.<\/p>\n<h4><strong>D\u00fd\u0148ov\u00fd, nebo hroznov\u00fd olej?<\/strong><\/h4>\n<p>V p\u0159\u00edpad\u011b citlivosti na v\u00fdraznou chu\u0165 nebo alergie na d\u00fd\u0148ov\u00fd olej s\u00e1hn\u011bte po esenci <a href=\"https:\/\/cbdium.eu\/cs\/obchod\/human-line-cs\/cbdium-500-fullspectrum-grape\/\" target=\"_blank\" rel=\"noopener\">500 fullspectrum grape<\/a> s hroznov\u00fdm olejem, kter\u00fd m\u00e1 jemn\u011bj\u0161\u00ed chu\u0165 a leh\u010d\u00ed konzistenci.<\/p>\n<h4><strong>D\u00e1vkov\u00e1n\u00ed<\/strong><\/h4>\n<p>K\u00faru Urgent za\u010dn\u011bte silou <a href=\"https:\/\/cbdium.eu\/cs\/obchod\/human-line-cs\/cbdium-500-fullspectrum\/\" target=\"_blank\" rel=\"noopener\">500 fullspectrum<\/a> a po dou\u017e\u00edv\u00e1n\u00ed pokra\u010dujte esencemi <a href=\"https:\/\/cbdium.eu\/cs\/obchod\/human-line-cs\/cbdium-300-fullspectrum\/\" target=\"_blank\" rel=\"noopener\">300 fullspectrum<\/a>. Doporu\u010den\u00e9 denn\u00ed d\u00e1vkov\u00e1n\u00ed je 3 x 5 kapek. Denn\u00ed d\u00e1vku si v p\u0159\u00edpad\u011b pot\u0159eby m\u016f\u017eete rozd\u011blit do dvou d\u00e1vek. P\u0159i doporu\u010den\u00e9m d\u00e1vkov\u00e1n\u00ed vydr\u017e\u00ed jedna lahvi\u010dka p\u0159ibli\u017en\u011b 2 a\u017e 3 t\u00fddny.<\/p>\n<p data-start=\"33\" data-end=\"120\">P\u0159i pot\u0159eb\u011b intenzivn\u011bj\u0161\u00ed podpory je mo\u017en\u00e9 d\u00e1vku zv\u00fd\u0161it na 3 \u00d7 6 a\u017e 3 \u00d7 10 kapek.<\/p>\n<p>CBDium doporu\u010dujeme u\u017e\u00edvat 6 m\u011bs\u00edc\u016f, pot\u00e9 si dop\u0159\u00e1t <a href=\"https:\/\/cbdium.eu\/cs\/dlouhodobe-uzivani-cbdium-faze-uzivani-a-21denni-pauza-2\/\">21denn\u00ed pauzu<\/a> a n\u00e1sledn\u011b pokra\u010dovat v u\u017e\u00edv\u00e1n\u00ed p\u0159ibli\u017en\u011b 3-6 m\u011bs\u00edc\u016f pro upevn\u011bn\u00ed efektu.<\/p>\n<h4><strong>Pod\u00e1v\u00e1n\u00ed<\/strong><\/h4>\n<ol>\n<li>Esenci nakapejte pod jazyk.<\/li>\n<li>Nechte vst\u0159ebat 2 minuty a pokud je to mo\u017en\u00e9, dop\u0159ejte si s d\u00edt\u011btem dvouminutov\u00e9 d\u00fdchac\u00ed cvi\u010den\u00ed: 4 sekundy n\u00e1dech, 8 sekund v\u00fddech.<\/li>\n<li>Spolkn\u011bte a nezap\u00edjejte.<\/li>\n<li>Je-li to mo\u017en\u00e9, p\u0159ibli\u017en\u011b po 5 minut\u00e1ch nechte d\u00edt\u011b naj\u00edst, \u010d\u00edm\u017e podpo\u0159\u00edte vst\u0159eb\u00e1v\u00e1n\u00ed CBD.<\/li>\n<\/ol>\n<p>&nbsp;<\/p>\n<p>Pokud d\u00edt\u011b odm\u00edt\u00e1 klasick\u00fd zp\u016fsob pod\u00e1v\u00e1n\u00ed, nakapejte mu esenci na pi\u0161kot, zam\u00edchejte do obl\u00edben\u00e9ho j\u00eddla (nap\u0159. do jogurtu) nebo pod\u00e1vejte v \u017eelatinov\u00fdch kapsl\u00edch.<\/p>\n","protected":false},"excerpt":{"rendered":"<p>K\u00fara Urgent pro d\u011bti je trojit\u00e9 balen\u00ed olej\u016f 500 a 2 \u00d7 300 fullspectrum. CBDium jsou du\u00e1ln\u00ed olejov\u00e9 esence z organick\u00e9ho d\u00fd\u0148ov\u00e9ho oleje a organick\u00e9ho konopn\u00e9ho extraktu.<\/p>\n","protected":false},"featured_media":4815,"comment_status":"open","ping_status":"closed","template":"","meta":{"_acf_changed":false},"product_brand":[],"product_cat":[53],"product_tag":[],"class_list":{"0":"post-1234","1":"product","2":"type-product","3":"status-publish","4":"has-post-thumbnail","6":"product_cat-kury-therapy-cs","8":"first","9":"instock","10":"taxable","11":"shipping-taxable","12":"purchasable","13":"product-type-simple"},"acf":[],"_links":{"self":[{"href":"https:\/\/cbdium.eu\/cs\/wp-json\/wp\/v2\/product\/1234","targetHints":{"allow":["GET"]}}],"collection":[{"href":"https:\/\/cbdium.eu\/cs\/wp-json\/wp\/v2\/product"}],"about":[{"href":"https:\/\/cbdium.eu\/cs\/wp-json\/wp\/v2\/types\/product"}],"replies":[{"embeddable":true,"href":"https:\/\/cbdium.eu\/cs\/wp-json\/wp\/v2\/comments?post=1234"}],"wp:featuredmedia":[{"embeddable":true,"href":"https:\/\/cbdium.eu\/cs\/wp-json\/wp\/v2\/media\/4815"}],"wp:attachment":[{"href":"https:\/\/cbdium.eu\/cs\/wp-json\/wp\/v2\/media?parent=1234"}],"wp:term":[{"taxonomy":"product_brand","embeddable":true,"href":"https:\/\/cbdium.eu\/cs\/wp-json\/wp\/v2\/product_brand?post=1234"},{"taxonomy":"product_cat","embeddable":true,"href":"https:\/\/cbdium.eu\/cs\/wp-json\/wp\/v2\/product_cat?post=1234"},{"taxonomy":"product_tag","embeddable":true,"href":"https:\/\/cbdium.eu\/cs\/wp-json\/wp\/v2\/product_tag?post=1234"}],"curies":[{"name":"wp","href":"https:\/\/api.w.org\/{rel}","templated":true}]}}