{"id":1233,"date":"2024-01-17T12:29:29","date_gmt":"2024-01-17T11:29:29","guid":{"rendered":"https:\/\/new.cbdium.eu\/obchod\/nezarazene\/cbdium-imunita\/"},"modified":"2026-02-03T18:28:58","modified_gmt":"2026-02-03T17:28:58","slug":"cbdium-imunita","status":"publish","type":"product","link":"https:\/\/cbdium.eu\/cs\/obchod\/kury-therapy-cs\/cbdium-imunita\/","title":{"rendered":"CBDium Imunita"},"content":{"rendered":"<p data-start=\"33\" data-end=\"279\">K\u00faru Imunita jsme p\u0159ipravili pro ty, kte\u0159\u00ed s CBDium za\u010d\u00ednaj\u00ed nebo cht\u011bj\u00ed podpo\u0159it svou imunitu, celkovou rovnov\u00e1hu a vnit\u0159n\u00ed odolnost.<br data-start=\"172\" data-end=\"175\" \/>Kombinace 1000 a 500 fullspectrum poskytuje jemn\u00fd, ale \u00fa\u010dinn\u00fd start do p\u0159irozen\u00e9 p\u00e9\u010de o t\u011blo i mysl.<\/p>\n<p data-start=\"281\" data-end=\"320\">Po t\u00e9to k\u00fa\u0159e m\u016f\u017eete s\u00e1hnout, pokud:<\/p>\n<ul>\n<li data-start=\"324\" data-end=\"351\">s CBDium teprve za\u010d\u00edn\u00e1te,<\/li>\n<li data-start=\"354\" data-end=\"412\">chcete p\u0159edch\u00e1zet nemocem a vybudovat si silnou imunitu,<\/li>\n<li data-start=\"415\" data-end=\"549\">pot\u0159ebujete podpo\u0159it organismus v obdob\u00ed dlouhodob\u011bj\u0161\u00ed z\u00e1t\u011b\u017ee nebo p\u0159i citliv\u011bj\u0161\u00edch reakc\u00edch t\u011bla (nap\u0159. poko\u017eka, tr\u00e1ven\u00ed, d\u00fdch\u00e1n\u00ed),<\/li>\n<li data-start=\"552\" data-end=\"680\">hled\u00e1te kvalitn\u00ed p\u0159\u00edrodn\u00ed dopln\u011bk pro jasn\u011bj\u0161\u00ed a soust\u0159ed\u011bn\u011bj\u0161\u00ed mysl, efektivn\u011bj\u0161\u00ed pr\u00e1ci s t\u011blem, osobnostn\u00ed nebo duchovn\u00ed r\u016fst.<\/li>\n<\/ul>\n<p data-start=\"682\" data-end=\"881\">C\u00edlem k\u00fary je p\u0159isp\u011bt k rovnov\u00e1ze (homeost\u00e1ze), jemn\u011b pos\u00edlit imunitn\u00ed syst\u00e9m, podpo\u0159it v\u00e1s p\u0159i zvl\u00e1d\u00e1n\u00ed dlouhodob\u00fdch obt\u00ed\u017e\u00ed a celkov\u011b zlep\u0161it va\u0161i odolnost, stabilitu a energii v ka\u017edodenn\u00edm \u017eivot\u011b.<\/p>\n<p>Upozorn\u011bn\u00ed: Tento dopln\u011bk stravy nenahrazuje pestrou a vyv\u00e1\u017eenou stravu. Vn\u00edm\u00e1n\u00ed \u00fa\u010dinku je individu\u00e1ln\u00ed a m\u016f\u017ee se li\u0161it podle u\u017eivatele. Uchov\u00e1vejte mimo dosah d\u011bt\u00ed.<\/p>\n<h4><strong>Fullspectrum, nebo pure?<\/strong><\/h4>\n<p>V p\u0159\u00edpad\u011b u\u017e\u00edv\u00e1n\u00ed antipsychotik, chronicky vysok\u00e9ho krevn\u00edho tlaku, drogov\u00e9 z\u00e1vislosti, kojen\u00ed nebo v t\u011bhotenstv\u00ed je vhodn\u011bj\u0161\u00ed s\u00e1hnout po verzi <a href=\"https:\/\/cbdium.eu\/cs\/obchod\/human-line-cs\/cbdium-1000-pure\/\" target=\"_blank\" rel=\"noopener\">1000 pure<\/a> a <a href=\"https:\/\/cbdium.eu\/cs\/obchod\/human-line-cs\/cbdium-500-pure\/\" target=\"_blank\" rel=\"noopener\">500 pure<\/a> bez obsahu THC.<\/p>\n<h4><strong>D\u00e1vkov\u00e1n\u00ed<\/strong><\/h4>\n<p>K\u00faru Imunita za\u010dn\u011bte esenc\u00ed <a href=\"https:\/\/cbdium.eu\/cs\/obchod\/human-line-cs\/cbdium-1000-fullspectrum\/\" target=\"_blank\" rel=\"noopener\">1000 fullspectrum<\/a> a po dou\u017e\u00edv\u00e1n\u00ed pokra\u010dujte esencemi <a href=\"https:\/\/cbdium.eu\/cs\/obchod\/human-line-cs\/cbdium-500-fullspectrum\/\" target=\"_blank\" rel=\"noopener\">500 fullspectrum<\/a>. Doporu\u010den\u00e9 denn\u00ed d\u00e1vkov\u00e1n\u00ed je 3 x 5 kapek. Denn\u00ed d\u00e1vku si v p\u0159\u00edpad\u011b pot\u0159eby m\u016f\u017eete rozd\u011blit do dvou d\u00e1vek. P\u0159i doporu\u010den\u00e9m d\u00e1vkov\u00e1n\u00ed vydr\u017e\u00ed jedna lahvi\u010dka p\u0159ibli\u017en\u011b 2 a\u017e 3 t\u00fddny.<\/p>\n<p>P\u0159i pot\u0159eb\u011b intenzivn\u011bj\u0161\u00ed podpory je mo\u017en\u00e9 d\u00e1vku zv\u00fd\u0161it na 3 \u00d7 6 a\u017e 3 \u00d7 10 kapek.<\/p>\n<p>CBDium doporu\u010dujeme u\u017e\u00edvat 6 m\u011bs\u00edc\u016f, pot\u00e9 si dop\u0159\u00e1t <a href=\"https:\/\/cbdium.eu\/cs\/dlouhodobe-uzivani-cbdium-faze-uzivani-a-21denni-pauza-2\/\">21denn\u00ed pauzu<\/a> a n\u00e1sledn\u011b pokra\u010dovat v u\u017e\u00edv\u00e1n\u00ed p\u0159ibli\u017en\u011b 3-6 m\u011bs\u00edc\u016f pro upevn\u011bn\u00ed efektu.<\/p>\n<h4><strong>Pod\u00e1v\u00e1n\u00ed<\/strong><\/h4>\n<ol>\n<li>Esenci nakapejte pod jazyk.<\/li>\n<li>Zav\u0159ete \u00fasta a o\u010di a nechte 2 minuty p\u016fsobit. V\u011bdom\u011b d\u00fdchejte nosem. \u010cty\u0159i sekundy hlubok\u00fd n\u00e1dech, osm sekund pomal\u00fd v\u00fddech. Cvi\u010den\u00ed v\u00e1m pom\u016f\u017ee nav\u00e1zat kontakt s t\u00edm, co se d\u011bje ve va\u0161em t\u011ble, a z\u00edskat nadhled nad my\u0161lenkov\u00fdmi vzorci.<\/li>\n<li>Spolkn\u011bte a nezap\u00edjejte.<\/li>\n<li>Pokud je to mo\u017en\u00e9, p\u0159ibli\u017en\u011b po 5 minut\u00e1ch se najezte, \u010d\u00edm\u017e podpo\u0159\u00edte vst\u0159eb\u00e1v\u00e1n\u00ed CBD.<\/li>\n<\/ol>\n","protected":false},"excerpt":{"rendered":"<p>K\u00fara Imunita je trojit\u00e9 balen\u00ed olej\u016f 1000 fullspectrum a 2 \u00d7 500 fullspectrum. CBDium jsou du\u00e1ln\u00ed olejov\u00e9 esence z organick\u00e9ho d\u00fd\u0148ov\u00e9ho oleje a organick\u00e9ho konopn\u00e9ho extraktu.<\/p>\n","protected":false},"featured_media":4811,"comment_status":"open","ping_status":"closed","template":"","meta":{"_acf_changed":false},"product_brand":[],"product_cat":[53],"product_tag":[],"class_list":{"0":"post-1233","1":"product","2":"type-product","3":"status-publish","4":"has-post-thumbnail","6":"product_cat-kury-therapy-cs","8":"first","9":"instock","10":"taxable","11":"shipping-taxable","12":"purchasable","13":"product-type-simple"},"acf":[],"_links":{"self":[{"href":"https:\/\/cbdium.eu\/cs\/wp-json\/wp\/v2\/product\/1233","targetHints":{"allow":["GET"]}}],"collection":[{"href":"https:\/\/cbdium.eu\/cs\/wp-json\/wp\/v2\/product"}],"about":[{"href":"https:\/\/cbdium.eu\/cs\/wp-json\/wp\/v2\/types\/product"}],"replies":[{"embeddable":true,"href":"https:\/\/cbdium.eu\/cs\/wp-json\/wp\/v2\/comments?post=1233"}],"wp:featuredmedia":[{"embeddable":true,"href":"https:\/\/cbdium.eu\/cs\/wp-json\/wp\/v2\/media\/4811"}],"wp:attachment":[{"href":"https:\/\/cbdium.eu\/cs\/wp-json\/wp\/v2\/media?parent=1233"}],"wp:term":[{"taxonomy":"product_brand","embeddable":true,"href":"https:\/\/cbdium.eu\/cs\/wp-json\/wp\/v2\/product_brand?post=1233"},{"taxonomy":"product_cat","embeddable":true,"href":"https:\/\/cbdium.eu\/cs\/wp-json\/wp\/v2\/product_cat?post=1233"},{"taxonomy":"product_tag","embeddable":true,"href":"https:\/\/cbdium.eu\/cs\/wp-json\/wp\/v2\/product_tag?post=1233"}],"curies":[{"name":"wp","href":"https:\/\/api.w.org\/{rel}","templated":true}]}}