{"id":1232,"date":"2024-01-18T13:22:35","date_gmt":"2024-01-18T12:22:35","guid":{"rendered":"https:\/\/new.cbdium.eu\/obchod\/nezarazene\/cbdium-spanek\/"},"modified":"2026-02-03T18:29:06","modified_gmt":"2026-02-03T17:29:06","slug":"cbdium-spanek","status":"publish","type":"product","link":"https:\/\/cbdium.eu\/cs\/obchod\/kury-therapy-cs\/cbdium-spanek\/","title":{"rendered":"CBDium Sp\u00e1nek"},"content":{"rendered":"<p data-start=\"33\" data-end=\"198\">K\u00fara Sp\u00e1nek byla navr\u017eena pro lidi, kte\u0159\u00ed hledaj\u00ed p\u0159irozenou podporu p\u0159i ve\u010dern\u00edm uvoln\u011bn\u00ed, nalad\u011bn\u00ed se na odpo\u010dinek a pro celkov\u00fd pocit regenerace b\u011bhem sp\u00e1nku.<\/p>\n<p data-start=\"200\" data-end=\"237\">K\u00faru Sp\u00e1nek m\u016f\u017eete zv\u00e1\u017eit, pokud:<\/p>\n<ul>\n<li data-start=\"241\" data-end=\"307\">m\u00e1te n\u00e1ro\u010dn\u011bj\u0161\u00ed us\u00edn\u00e1n\u00ed spojen\u00e9 s intenzivn\u00ed ment\u00e1ln\u00ed aktivitou,<\/li>\n<li data-start=\"310\" data-end=\"381\">v noci se \u010dast\u011bji bud\u00edte a hled\u00e1te zp\u016fsob, jak podpo\u0159it ve\u010dern\u00ed klid,<\/li>\n<li data-start=\"384\" data-end=\"461\">r\u00e1no se c\u00edt\u00edte nedostate\u010dn\u011b odpo\u010dat\u00ed a tou\u017e\u00edte po hlub\u0161\u00ed kvalit\u011b odpo\u010dinku,<\/li>\n<li data-start=\"464\" data-end=\"539\">pro\u017e\u00edv\u00e1te obdob\u00ed, kdy va\u0161e mysl pot\u0159ebuje v\u011bt\u0161\u00ed m\u00edru zklidn\u011bn\u00ed p\u0159ed span\u00edm.<\/li>\n<\/ul>\n<p data-start=\"541\" data-end=\"715\">C\u00edlem k\u00fary je podpo\u0159it p\u0159irozenou rovnov\u00e1hu t\u011bla a mysli (homeost\u00e1zu), usnadnit us\u00edn\u00e1n\u00ed a p\u0159isp\u011bt k pocitu uvoln\u011bn\u00ed p\u0159ed sp\u00e1nkem, stejn\u011b jako ke zlep\u0161en\u00ed fungov\u00e1n\u00ed b\u011bhem dne.<\/p>\n<p>Upozorn\u011bn\u00ed: Tento dopln\u011bk stravy nenahrazuje pestrou a vyv\u00e1\u017eenou stravu. Vn\u00edm\u00e1n\u00ed \u00fa\u010dinku je individu\u00e1ln\u00ed a m\u016f\u017ee se li\u0161it podle u\u017eivatele. Uchov\u00e1vejte mimo dosah d\u011bt\u00ed.<\/p>\n<h4>D\u00e1vkov\u00e1n\u00ed<\/h4>\n<p>P\u0159i k\u00fa\u0159e Sp\u00e1nek u\u017e\u00edvejte r\u00e1no (5 kapek) a b\u011bhem ob\u011bda (5 kapek) esenci <a href=\"https:\/\/cbdium.eu\/cs\/obchod\/human-line-cs\/cbdium-1000-fullspectrum\/\" target=\"_blank\" rel=\"noopener\">1000 fullspectrum<\/a> a ve\u010der p\u0159ed span\u00edm esenci <a href=\"https:\/\/cbdium.eu\/cs\/obchod\/human-line-cs\/cbdium-1000-pure\/\" target=\"_blank\" rel=\"noopener\">1000 pure<\/a> (7 kapek). Po dou\u017e\u00edv\u00e1n\u00ed 1000 fullspectrum pokra\u010dujte v u\u017e\u00edv\u00e1n\u00ed esenc\u00ed 1000 pure ve\u010der p\u0159ed span\u00edm (1 \u00d7 10 kapek).<\/p>\n<p>P\u0159i pot\u0159eb\u011b intenzivn\u011bj\u0161\u00ed podpory je mo\u017en\u00e9 d\u00e1vku zv\u00fd\u0161it na 3 \u00d7 6 a\u017e 3 \u00d7 10 kapek.<\/p>\n<p>CBDium doporu\u010dujeme u\u017e\u00edvat 6 m\u011bs\u00edc\u016f, pot\u00e9 si dop\u0159\u00e1t <a href=\"https:\/\/cbdium.eu\/cs\/dlouhodobe-uzivani-cbdium-faze-uzivani-a-21denni-pauza-2\/\">21denn\u00ed pauzu<\/a> a n\u00e1sledn\u011b pokra\u010dovat v u\u017e\u00edv\u00e1n\u00ed p\u0159ibli\u017en\u011b 3-6 m\u011bs\u00edc\u016f pro upevn\u011bn\u00ed efektu.<\/p>\n<h4><strong>Pod\u00e1v\u00e1n\u00ed<\/strong><\/h4>\n<ol>\n<li>Esenci nakapejte pod jazyk.<\/li>\n<li>Zav\u0159ete \u00fasta a o\u010di a nechte 2 minuty p\u016fsobit. V\u011bdom\u011b d\u00fdchejte nosem. \u010cty\u0159i sekundy hlubok\u00fd n\u00e1dech, osm sekund pomal\u00fd v\u00fddech. Cvi\u010den\u00ed v\u00e1m pom\u016f\u017ee nav\u00e1zat kontakt s t\u00edm, co se d\u011bje ve va\u0161em t\u011ble, a z\u00edskat nadhled nad my\u0161lenkov\u00fdmi vzorci.<\/li>\n<li>Spolkn\u011bte a nezap\u00edjejte.<\/li>\n<li>Pokud je to mo\u017en\u00e9, p\u0159i u\u017e\u00edv\u00e1n\u00ed 1000 fullspectrum b\u011bhem dne se p\u0159ibli\u017en\u011b po 5 minut\u00e1ch od u\u017eit\u00ed najezte, \u010d\u00edm\u017e podpo\u0159\u00edte vst\u0159eb\u00e1v\u00e1n\u00ed CBD.<\/li>\n<\/ol>\n","protected":false},"excerpt":{"rendered":"<p>K\u00fara Sp\u00e1nek je trojit\u00e9 balen\u00ed olej\u016f 2 \u00d7 1000 pure a 1 \u00d7 1000 fullspectrum. CBDium jsou du\u00e1ln\u00ed olejov\u00e9 esence z organick\u00e9ho d\u00fd\u0148ov\u00e9ho oleje a organick\u00e9ho konopn\u00e9ho extraktu.<\/p>\n","protected":false},"featured_media":4823,"comment_status":"open","ping_status":"closed","template":"","meta":{"_acf_changed":false},"product_brand":[],"product_cat":[53],"product_tag":[],"class_list":{"0":"post-1232","1":"product","2":"type-product","3":"status-publish","4":"has-post-thumbnail","6":"product_cat-kury-therapy-cs","8":"first","9":"instock","10":"taxable","11":"shipping-taxable","12":"purchasable","13":"product-type-simple"},"acf":[],"_links":{"self":[{"href":"https:\/\/cbdium.eu\/cs\/wp-json\/wp\/v2\/product\/1232","targetHints":{"allow":["GET"]}}],"collection":[{"href":"https:\/\/cbdium.eu\/cs\/wp-json\/wp\/v2\/product"}],"about":[{"href":"https:\/\/cbdium.eu\/cs\/wp-json\/wp\/v2\/types\/product"}],"replies":[{"embeddable":true,"href":"https:\/\/cbdium.eu\/cs\/wp-json\/wp\/v2\/comments?post=1232"}],"wp:featuredmedia":[{"embeddable":true,"href":"https:\/\/cbdium.eu\/cs\/wp-json\/wp\/v2\/media\/4823"}],"wp:attachment":[{"href":"https:\/\/cbdium.eu\/cs\/wp-json\/wp\/v2\/media?parent=1232"}],"wp:term":[{"taxonomy":"product_brand","embeddable":true,"href":"https:\/\/cbdium.eu\/cs\/wp-json\/wp\/v2\/product_brand?post=1232"},{"taxonomy":"product_cat","embeddable":true,"href":"https:\/\/cbdium.eu\/cs\/wp-json\/wp\/v2\/product_cat?post=1232"},{"taxonomy":"product_tag","embeddable":true,"href":"https:\/\/cbdium.eu\/cs\/wp-json\/wp\/v2\/product_tag?post=1232"}],"curies":[{"name":"wp","href":"https:\/\/api.w.org\/{rel}","templated":true}]}}