{"id":1231,"date":"2024-01-15T22:42:11","date_gmt":"2024-01-15T21:42:11","guid":{"rendered":"https:\/\/new.cbdium.eu\/obchod\/nezarazene\/urgent\/"},"modified":"2026-02-03T18:29:20","modified_gmt":"2026-02-03T17:29:20","slug":"urgent","status":"publish","type":"product","link":"https:\/\/cbdium.eu\/cs\/obchod\/kury-therapy-cs\/urgent\/","title":{"rendered":"CBDium Urgent"},"content":{"rendered":"<p data-start=\"33\" data-end=\"168\">K\u00fara Urgent byla navr\u017eena jako podpora pro lidi proch\u00e1zej\u00edc\u00ed n\u00e1ro\u010dn\u00fdm obdob\u00edm spojen\u00fdm se zv\u00fd\u0161enou fyzickou nebo psychickou z\u00e1t\u011b\u017e\u00ed.<\/p>\n<p data-start=\"170\" data-end=\"207\">K\u00faru Urgent m\u016f\u017eete zv\u00e1\u017eit, pokud:<\/p>\n<ul>\n<li data-start=\"211\" data-end=\"290\">hled\u00e1te podporu organismu p\u0159i akutn\u00edm obdob\u00ed diskomfortu nebo fyzick\u00e9 z\u00e1t\u011b\u017ee,<\/li>\n<li data-start=\"293\" data-end=\"380\">se zotavujete z n\u00e1ro\u010dn\u00e9ho obdob\u00ed, kter\u00e9 ovlivnilo va\u0161i fyzickou \u010di psychickou pohodu,<\/li>\n<li data-start=\"383\" data-end=\"438\">proch\u00e1z\u00edte emocion\u00e1ln\u011b n\u00e1ro\u010dn\u00fdmi \u017eivotn\u00edmi situacemi,<\/li>\n<li data-start=\"441\" data-end=\"494\">chcete pos\u00edlit p\u00e9\u010di o sebe v obdob\u00ed dlouhodob\u00e9 v\u00fdzvy.<\/li>\n<\/ul>\n<p data-start=\"496\" data-end=\"618\">C\u00edlem k\u00fary je podpora p\u0159irozen\u00e9 rovnov\u00e1hy organismu (homeost\u00e1zy) a subjektivn\u011b vn\u00edman\u00e9ho komfortu v ka\u017edodenn\u00edm fungov\u00e1n\u00ed.<\/p>\n<p data-start=\"620\" data-end=\"716\">Upozorn\u011bn\u00ed: Tento dopln\u011bk stravy nenahrazuje pestrou a vyv\u00e1\u017eenou stravu. Vn\u00edm\u00e1n\u00ed \u00fa\u010dinku je individu\u00e1ln\u00ed a m\u016f\u017ee se li\u0161it podle u\u017eivatele. Uchov\u00e1vejte mimo dosah d\u011bt\u00ed.<\/p>\n<h4><strong>Fullspectrum, nebo pure?<\/strong><\/h4>\n<p>V p\u0159\u00edpad\u011b u\u017e\u00edv\u00e1n\u00ed antipsychotik, chronicky vysok\u00e9ho krevn\u00edho tlaku, drogov\u00e9 z\u00e1vislosti, kojen\u00ed nebo v t\u011bhotenstv\u00ed s\u00e1hn\u011bte po verzi <a href=\"https:\/\/cbdium.eu\/cs\/obchod\/human-line-cs\/cbdium-1000-pure\/\" target=\"_blank\" rel=\"noopener\">1000 pure<\/a> bez obsahu THC.<\/p>\n<h4><strong>D\u00e1vkov\u00e1n\u00ed<\/strong><\/h4>\n<p>K\u00faru Urgent za\u010dn\u011bte esenc\u00ed <a href=\"https:\/\/cbdium.eu\/cs\/obchod\/human-line-cs\/cbdium-1500-forte\/\" target=\"_blank\" rel=\"noopener\">1500 forte<\/a> a po dou\u017e\u00edv\u00e1n\u00ed pokra\u010dujte esencemi <a href=\"https:\/\/cbdium.eu\/cs\/obchod\/human-line-cs\/cbdium-1000-fullspectrum\/\" target=\"_blank\" rel=\"noopener\">1000 fullspectrum<\/a>. Doporu\u010den\u00e9 denn\u00ed d\u00e1vkov\u00e1n\u00ed je 3 x 5 kapek. Denn\u00ed d\u00e1vku si v p\u0159\u00edpad\u011b pot\u0159eby m\u016f\u017eete rozd\u011blit do dvou d\u00e1vek. P\u0159i doporu\u010den\u00e9m d\u00e1vkov\u00e1n\u00ed vydr\u017e\u00ed jedna lahvi\u010dka p\u0159ibli\u017en\u011b 2 a\u017e 3 t\u00fddny.<\/p>\n<p>P\u0159i pot\u0159eb\u011b intenzivn\u011bj\u0161\u00ed podpory je mo\u017en\u00e9 d\u00e1vku zv\u00fd\u0161it na 3 \u00d7 6 a\u017e 3 \u00d7 10 kapek.<\/p>\n<p>CBDium doporu\u010dujeme u\u017e\u00edvat 6 m\u011bs\u00edc\u016f, potom ud\u011blat <a href=\"https:\/\/cbdium.eu\/cs\/dlouhodobe-uzivani-cbdium-faze-uzivani-a-21denni-pauza-2\/\">21denn\u00ed pauzu<\/a> a n\u00e1sledn\u011b pokra\u010dovat v u\u017e\u00edv\u00e1n\u00ed p\u0159ibli\u017en\u011b 3\u20136 m\u011bs\u00edc\u016f pro pos\u00edlen\u00ed efektu.<\/p>\n<h4><strong>Pod\u00e1v\u00e1n\u00ed<\/strong><\/h4>\n<ol>\n<li>Esenci nakapejte pod jazyk.<\/li>\n<li>Zav\u0159ete \u00fasta a o\u010di a nechte 2 minuty p\u016fsobit. V\u011bdom\u011b d\u00fdchejte nosem. \u010cty\u0159i sekundy hlubok\u00fd n\u00e1dech, osm sekund pomal\u00fd v\u00fddech. Cvi\u010den\u00ed v\u00e1m pom\u016f\u017ee nav\u00e1zat kontakt s t\u00edm, co se d\u011bje ve va\u0161em t\u011ble, a z\u00edskat nadhled nad my\u0161lenkov\u00fdmi vzorci.<\/li>\n<li>Spolkn\u011bte a nezap\u00edjejte.<\/li>\n<li>Pokud je to mo\u017en\u00e9, p\u0159ibli\u017en\u011b po 5 minut\u00e1ch se najezte, \u010d\u00edm\u017e podpo\u0159\u00edte vst\u0159eb\u00e1v\u00e1n\u00ed CBD.<\/li>\n<\/ol>\n","protected":false},"excerpt":{"rendered":"<p>K\u00fara Urgent je trojit\u00e9 balen\u00ed olej\u016f 1 x 1500 forte a 2 \u00d7 1000 fullspectrum. CBDium jsou du\u00e1ln\u00ed olejov\u00e9 esence z organick\u00e9ho d\u00fd\u0148ov\u00e9ho oleje a organick\u00e9ho konopn\u00e9ho extraktu.<\/p>\n","protected":false},"featured_media":4795,"comment_status":"open","ping_status":"closed","template":"","meta":{"_acf_changed":false},"product_brand":[],"product_cat":[53],"product_tag":[],"class_list":{"0":"post-1231","1":"product","2":"type-product","3":"status-publish","4":"has-post-thumbnail","6":"product_cat-kury-therapy-cs","8":"first","9":"instock","10":"taxable","11":"shipping-taxable","12":"purchasable","13":"product-type-simple"},"acf":[],"_links":{"self":[{"href":"https:\/\/cbdium.eu\/cs\/wp-json\/wp\/v2\/product\/1231","targetHints":{"allow":["GET"]}}],"collection":[{"href":"https:\/\/cbdium.eu\/cs\/wp-json\/wp\/v2\/product"}],"about":[{"href":"https:\/\/cbdium.eu\/cs\/wp-json\/wp\/v2\/types\/product"}],"replies":[{"embeddable":true,"href":"https:\/\/cbdium.eu\/cs\/wp-json\/wp\/v2\/comments?post=1231"}],"wp:featuredmedia":[{"embeddable":true,"href":"https:\/\/cbdium.eu\/cs\/wp-json\/wp\/v2\/media\/4795"}],"wp:attachment":[{"href":"https:\/\/cbdium.eu\/cs\/wp-json\/wp\/v2\/media?parent=1231"}],"wp:term":[{"taxonomy":"product_brand","embeddable":true,"href":"https:\/\/cbdium.eu\/cs\/wp-json\/wp\/v2\/product_brand?post=1231"},{"taxonomy":"product_cat","embeddable":true,"href":"https:\/\/cbdium.eu\/cs\/wp-json\/wp\/v2\/product_cat?post=1231"},{"taxonomy":"product_tag","embeddable":true,"href":"https:\/\/cbdium.eu\/cs\/wp-json\/wp\/v2\/product_tag?post=1231"}],"curies":[{"name":"wp","href":"https:\/\/api.w.org\/{rel}","templated":true}]}}